{"id":6500,"date":"2017-08-07T16:52:18","date_gmt":"2017-08-07T14:52:18","guid":{"rendered":"https:\/\/www.plantcaretools.com\/non%20class\u00e9\/plantcarekit-fr\/"},"modified":"2026-01-01T02:23:19","modified_gmt":"2026-01-01T01:23:19","slug":"plantcarekit-nl","status":"publish","type":"product","link":"https:\/\/www.plantcaretools.com\/fr\/produit\/instrumentss-de-mesure\/plantcarekit-nl\/","title":{"rendered":"PlantCareKit: mesure le pH, la temp\u00e9rature, l&#8217;humidit\u00e9, la lumi\u00e8re et les nutriments"},"content":{"rendered":"<h2><strong>Le Plantcarekit : Mesure le pH, la temp\u00e9rature, l&#8217;humidit\u00e9, l&#8217;intensit\u00e9 lumineuse, les niveaux de nutriments du sol et fournit des conseils.<\/strong><\/h2>\n<h2><strong>Le Plantcarekit se compose d\u2019un testeur de sol 4 en 1 et d\u2019un fertom\u00e8tre.<\/strong><\/h2>\n<ul>\n<li>Le Plantcarekit Testeur 4 en 1 mesure le pH du sol, sa temp\u00e9rature, son humidit\u00e9 et l\u2019intensit\u00e9 lumineuse.<\/li>\n<li>Le Fertometer mesure la quantit\u00e9 de nutriments (sels) dans le sol et donne des conseils.<\/li>\n<\/ul>\n<p><strong>OFFRE SP\u00c9CIALE !!<\/strong> 10% de r\u00e9duction<br \/>\n48,90 \u20ac au lieu de 53,80 \u20ac<\/p>\n<h3><strong>Le <\/strong><strong>testeur de sol 4 en 1 <\/strong><strong>convient aux amateurs de plantes qui recherchent de meilleurs soins pour leurs plantes.<\/strong><\/h3>\n<p>Ce Plantcarekit comprend deux instruments permettant de mesurer le pH et les niveaux de la CE dans le sol de vos plantes. De plus, l&#8217;humidit\u00e9 et la temp\u00e9rature du sol peuvent \u00eatre mesur\u00e9es. Et vous pouvez v\u00e9rifier si suffisamment de lumi\u00e8re est disponible pour vos plantes. Deux outils pratiques pour un entretien total des plantes!<\/p>\n<h3><strong>Mesure rapide et facile du pH, des nutriments, de la lumi\u00e8re, de l&#8217;humidit\u00e9 et de la temp\u00e9rature du sol.<\/strong><\/h3>\n<p>Avec seulement deux testeurs tr\u00e8s faciles \u00e0 utiliser, vous pouvez mesurer toutes les circonstances n\u00e9cessaires pour une croissance optimale des plantes. Si n\u00e9cessaire, vous pouvez prendre les mesures appropri\u00e9es pour optimiser la croissance des plantes. Plus de devinettes!<\/p>\n<p>Vous trouverez plus d&#8217;informations sur \u00ab<a href=\"https:\/\/www.plantcaretools.com\/fr\/product\/4-en-1-testeur-de-sol\/\">le testeur de sol 4 en 1<\/a>\u00bb et le \u00ab<a href=\"https:\/\/www.plantcaretools.com\/fr\/product\/fertometre\/\">fertom\u00e8tre<\/a>\u00bb ici.<\/p>\n","protected":false},"excerpt":{"rendered":"<h2><strong>Le Plantcarekit : Mesure le pH, la temp\u00e9rature, l&#8217;humidit\u00e9, l&#8217;intensit\u00e9 lumineuse, les niveaux de nutriments du sol et fournit des conseils.<\/strong><\/h2>\n<h2><strong>Le Plantcarekit se compose d\u2019un testeur de sol 4 en 1 et d\u2019un fertom\u00e8tre.<\/strong><\/h2>\n<ul>\n<li>Le testeur 4 en 1 mesure le pH du sol, sa temp\u00e9rature, son humidit\u00e9 et l\u2019intensit\u00e9 lumineuse.<\/li>\n<li>Le Fertometer mesure la quantit\u00e9 de nutriments (sels) dans le sol et donne des conseils.<\/li>\n<\/ul>\n<p><strong>OFFRE SP\u00c9CIALE !!<\/strong> 10% de r\u00e9duction<br \/>\n48,90 \u20ac au lieu de 53,80 \u20ac<\/p>\n","protected":false},"featured_media":20662,"comment_status":"open","ping_status":"closed","template":"","meta":{"_acf_changed":false},"product_brand":[],"product_cat":[115,105],"product_tag":[448,362],"class_list":{"0":"post-6500","1":"product","2":"type-product","3":"status-publish","4":"has-post-thumbnail","6":"product_cat-instrumentss-de-mesure","7":"product_cat-offres-speciales","8":"product_tag-ec-fr","9":"product_tag-ph-fr","11":"first","12":"instock","13":"featured","14":"taxable","15":"shipping-taxable","16":"purchasable","17":"product-type-simple"},"acf":[],"yoast_head":"<!-- This site is optimized with the Yoast SEO Premium plugin v26.1 (Yoast SEO v27.3) - https:\/\/yoast.com\/product\/yoast-seo-premium-wordpress\/ -->\n<title>Mesure le pH, la temp., l&#039;humidit\u00e9, la lumi\u00e8re et les nutriments<\/title>\n<meta name=\"description\" content=\"Le PlantCareKit : Mesure le pH, la temp\u00e9rature, l&#039;humidit\u00e9, l&#039;intensit\u00e9 lumineuse, les niveaux de nutriments du sol et fournit des conseils.\" \/>\n<meta name=\"robots\" content=\"index, follow, max-snippet:-1, max-image-preview:large, max-video-preview:-1\" \/>\n<link rel=\"canonical\" href=\"https:\/\/www.plantcaretools.com\/fr\/produit\/instrumentss-de-mesure\/plantcarekit-nl\/\" \/>\n<script type=\"application\/ld+json\" class=\"yoast-schema-graph\">{\"@context\":\"https:\\\/\\\/schema.org\",\"@graph\":[{\"@type\":\"BreadcrumbList\",\"@id\":\"https:\\\/\\\/www.plantcaretools.com\\\/fr\\\/produit\\\/instrumentss-de-mesure\\\/plantcarekit-nl\\\/#breadcrumb\",\"itemListElement\":[{\"@type\":\"ListItem\",\"position\":1,\"name\":\"Home\",\"item\":\"https:\\\/\\\/www.plantcaretools.com\\\/fr\\\/\"},{\"@type\":\"ListItem\",\"position\":2,\"name\":\"Produits\",\"item\":\"https:\\\/\\\/www.plantcaretools.com\\\/fr\\\/produits\\\/\"},{\"@type\":\"ListItem\",\"position\":3,\"name\":\"PlantCareKit: mesure le pH, la temp\u00e9rature, l&#8217;humidit\u00e9, la lumi\u00e8re et les nutriments\"}]}]}<\/script>\n<!-- \/ Yoast SEO Premium plugin. -->","yoast_head_json":{"title":"Mesure le pH, la temp., l'humidit\u00e9, la lumi\u00e8re et les nutriments","description":"Le PlantCareKit : Mesure le pH, la temp\u00e9rature, l'humidit\u00e9, l'intensit\u00e9 lumineuse, les niveaux de nutriments du sol et fournit des conseils.","robots":{"index":"index","follow":"follow","max-snippet":"max-snippet:-1","max-image-preview":"max-image-preview:large","max-video-preview":"max-video-preview:-1"},"canonical":"https:\/\/www.plantcaretools.com\/fr\/produit\/instrumentss-de-mesure\/plantcarekit-nl\/","schema":{"@context":"https:\/\/schema.org","@graph":[{"@type":"BreadcrumbList","@id":"https:\/\/www.plantcaretools.com\/fr\/produit\/instrumentss-de-mesure\/plantcarekit-nl\/#breadcrumb","itemListElement":[{"@type":"ListItem","position":1,"name":"Home","item":"https:\/\/www.plantcaretools.com\/fr\/"},{"@type":"ListItem","position":2,"name":"Produits","item":"https:\/\/www.plantcaretools.com\/fr\/produits\/"},{"@type":"ListItem","position":3,"name":"PlantCareKit: mesure le pH, la temp\u00e9rature, l&#8217;humidit\u00e9, la lumi\u00e8re et les nutriments"}]}]}},"jetpack_sharing_enabled":true,"_links":{"self":[{"href":"https:\/\/www.plantcaretools.com\/fr\/wp-json\/wp\/v2\/product\/6500","targetHints":{"allow":["GET"]}}],"collection":[{"href":"https:\/\/www.plantcaretools.com\/fr\/wp-json\/wp\/v2\/product"}],"about":[{"href":"https:\/\/www.plantcaretools.com\/fr\/wp-json\/wp\/v2\/types\/product"}],"replies":[{"embeddable":true,"href":"https:\/\/www.plantcaretools.com\/fr\/wp-json\/wp\/v2\/comments?post=6500"}],"wp:featuredmedia":[{"embeddable":true,"href":"https:\/\/www.plantcaretools.com\/fr\/wp-json\/wp\/v2\/media\/20662"}],"wp:attachment":[{"href":"https:\/\/www.plantcaretools.com\/fr\/wp-json\/wp\/v2\/media?parent=6500"}],"wp:term":[{"taxonomy":"product_brand","embeddable":true,"href":"https:\/\/www.plantcaretools.com\/fr\/wp-json\/wp\/v2\/product_brand?post=6500"},{"taxonomy":"product_cat","embeddable":true,"href":"https:\/\/www.plantcaretools.com\/fr\/wp-json\/wp\/v2\/product_cat?post=6500"},{"taxonomy":"product_tag","embeddable":true,"href":"https:\/\/www.plantcaretools.com\/fr\/wp-json\/wp\/v2\/product_tag?post=6500"}],"curies":[{"name":"wp","href":"https:\/\/api.w.org\/{rel}","templated":true}]}}