{"id":6521,"date":"2017-08-13T10:39:57","date_gmt":"2017-08-13T08:39:57","guid":{"rendered":"https:\/\/www.plantcaretools.com\/non%20class\u00e9\/testeur-de-sol-4-en-1\/"},"modified":"2026-01-09T18:51:29","modified_gmt":"2026-01-09T17:51:29","slug":"testeur-de-sol-4-en-1","status":"publish","type":"product","link":"https:\/\/www.plantcaretools.com\/fr\/produit\/instrumentss-de-mesure\/testeur-de-sol-4-en-1\/","title":{"rendered":"Testeur de sol pour plantes 4 en 1 : mesure le pH, l&#8217;humidit\u00e9, la temp\u00e9rature et l&#8217;intensit\u00e9 lumineuse"},"content":{"rendered":"<h2><strong>Ce testeur de sol 4 en 1indique le pH, l&#8217;humidit\u00e9 du sol, la temp\u00e9rature et l&#8217;intensit\u00e9 de la lumi\u00e8re<\/strong><\/h2>\n<p>Connaissez-vous le pH de votre sol? Est-ce acide ou alcalin? Le testeur de sol 4 en 1 vous aide \u00e0 le faire.Certaines plantes poussent mieux dans un sol l\u00e9g\u00e8rement acide, d&#8217;autres dans des sols plus alcalins.<\/p>\n<h2><strong>V\u00e9rifiez l&#8217;humidit\u00e9 du sol, le pH, la temp\u00e9rature ou l&#8217;intensit\u00e9 lumineuse de vos plantes<\/strong><\/h2>\n<p>Avec ce testeur de sol 4 en 1, vous pouvez v\u00e9rifier dans votre jardin, votre potager, votre pelouse et vos plantes en pot si le sol convient \u00e0 une plante particuli\u00e8re.<br \/>\n<strong>Ce testeur a une tige sp\u00e9ciale (\u00e9paisseur 6 mm) et l&#8217;\u00e9lectronique la plus r\u00e9cente. Cela rend le testeur plus robuste et il mesure plus pr\u00e9cis\u00e9ment.<\/strong><br \/>\nUtilisez l&#8217;appareil pour mesurer les conditions de croissance de toutes sortes de plantes \u00e0 l&#8217;int\u00e9rieur et \u00e0 l&#8217;ext\u00e9rieur. Vous pouvez \u00e9galement v\u00e9rifier l&#8217;humidit\u00e9 du sol, la temp\u00e9rature et l&#8217;intensit\u00e9 de la lumi\u00e8re solaire \u00e0 l&#8217;aide de ce testeur de sol.<\/p>\n<h2><strong>Mesurer le pH est important pour le bien-\u00eatre de toutes les plantes et de votre pelouse<\/strong><\/h2>\n<p>Ce testeur de sol 4 en 1 peut \u00eatre particuli\u00e8rement utile dans le soin des pelouses pour d\u00e9terminer les conditions du sol dans diff\u00e9rentes zones de votre jardin et pour trouver la semence et l&#8217;engrais appropri\u00e9s.<\/p>\n<p>Les mauvaises taches dans la pelouse peuvent \u00eatre caus\u00e9es par:<\/p>\n<ul>\n<li>un mauvais drainage (sol humide, test d&#8217;humidit\u00e9)<\/li>\n<li>une acidit\u00e9 excessive ou insuffisante (test de pH)<\/li>\n<li>un mauvais niveau de luminosit\u00e9 (testez la lumi\u00e8re et utilisez un m\u00e9lange de semences appropri\u00e9 (soleil \/ ombre) .<\/li>\n<\/ul>\n","protected":false},"excerpt":{"rendered":"<h2><strong>Testeur de sol 4 en 1 &#8211; mesure du pH, de l&#8217;humidit\u00e9 du sol, de la temp\u00e9rature et de l&#8217;intensit\u00e9 lumineuse<\/strong><\/h2>\n<p>Avec ce testeur de sol 4 en 1, vous pouvez v\u00e9rifier dans votre jardin, votre potager, votre pelouse et vos plantes en pot si le sol convient \u00e0 une plante particuli\u00e8re.<\/p>\n<p><strong>Ce testeur a une tige sp\u00e9ciale (\u00e9paisseur 6 mm) et l&#8217;\u00e9lectronique la plus r\u00e9cente. Cela rend le testeur plus robuste et il mesure plus pr\u00e9cis\u00e9ment.<\/strong><\/p>\n","protected":false},"featured_media":20648,"comment_status":"open","ping_status":"closed","template":"","meta":{"_acf_changed":false},"product_brand":[],"product_cat":[115],"product_tag":[],"class_list":{"0":"post-6521","1":"product","2":"type-product","3":"status-publish","4":"has-post-thumbnail","6":"product_cat-instrumentss-de-mesure","8":"first","9":"instock","10":"taxable","11":"shipping-taxable","12":"purchasable","13":"product-type-simple"},"acf":[],"yoast_head":"<!-- This site is optimized with the Yoast SEO Premium plugin v26.1 (Yoast SEO v27.3) - https:\/\/yoast.com\/product\/yoast-seo-premium-wordpress\/ -->\n<title>Testeur 4 en 1 : pH, humidit\u00e9, temp., lumi\u00e8re - PlantCareTools<\/title>\n<meta name=\"description\" content=\"Testeur de sol pour plantes 4 en 1 : mesure le pH, l&#039;humidit\u00e9, la temp\u00e9rature et l&#039;intensit\u00e9 lumineuse - Plant Care Tools\" \/>\n<meta name=\"robots\" content=\"index, follow, max-snippet:-1, max-image-preview:large, max-video-preview:-1\" \/>\n<link rel=\"canonical\" href=\"https:\/\/www.plantcaretools.com\/fr\/produit\/instrumentss-de-mesure\/testeur-de-sol-4-en-1\/\" \/>\n<script type=\"application\/ld+json\" class=\"yoast-schema-graph\">{\"@context\":\"https:\\\/\\\/schema.org\",\"@graph\":[{\"@type\":\"BreadcrumbList\",\"@id\":\"https:\\\/\\\/www.plantcaretools.com\\\/fr\\\/produit\\\/instrumentss-de-mesure\\\/testeur-de-sol-4-en-1\\\/#breadcrumb\",\"itemListElement\":[{\"@type\":\"ListItem\",\"position\":1,\"name\":\"Home\",\"item\":\"https:\\\/\\\/www.plantcaretools.com\\\/fr\\\/\"},{\"@type\":\"ListItem\",\"position\":2,\"name\":\"Produits\",\"item\":\"https:\\\/\\\/www.plantcaretools.com\\\/fr\\\/produits\\\/\"},{\"@type\":\"ListItem\",\"position\":3,\"name\":\"Testeur de sol pour plantes 4 en 1 : mesure le pH, l&#8217;humidit\u00e9, la temp\u00e9rature et l&#8217;intensit\u00e9 lumineuse\"}]}]}<\/script>\n<!-- \/ Yoast SEO Premium plugin. -->","yoast_head_json":{"title":"Testeur 4 en 1 : pH, humidit\u00e9, temp., lumi\u00e8re - PlantCareTools","description":"Testeur de sol pour plantes 4 en 1 : mesure le pH, l'humidit\u00e9, la temp\u00e9rature et l'intensit\u00e9 lumineuse - Plant Care Tools","robots":{"index":"index","follow":"follow","max-snippet":"max-snippet:-1","max-image-preview":"max-image-preview:large","max-video-preview":"max-video-preview:-1"},"canonical":"https:\/\/www.plantcaretools.com\/fr\/produit\/instrumentss-de-mesure\/testeur-de-sol-4-en-1\/","schema":{"@context":"https:\/\/schema.org","@graph":[{"@type":"BreadcrumbList","@id":"https:\/\/www.plantcaretools.com\/fr\/produit\/instrumentss-de-mesure\/testeur-de-sol-4-en-1\/#breadcrumb","itemListElement":[{"@type":"ListItem","position":1,"name":"Home","item":"https:\/\/www.plantcaretools.com\/fr\/"},{"@type":"ListItem","position":2,"name":"Produits","item":"https:\/\/www.plantcaretools.com\/fr\/produits\/"},{"@type":"ListItem","position":3,"name":"Testeur de sol pour plantes 4 en 1 : mesure le pH, l&#8217;humidit\u00e9, la temp\u00e9rature et l&#8217;intensit\u00e9 lumineuse"}]}]}},"jetpack_sharing_enabled":true,"_links":{"self":[{"href":"https:\/\/www.plantcaretools.com\/fr\/wp-json\/wp\/v2\/product\/6521","targetHints":{"allow":["GET"]}}],"collection":[{"href":"https:\/\/www.plantcaretools.com\/fr\/wp-json\/wp\/v2\/product"}],"about":[{"href":"https:\/\/www.plantcaretools.com\/fr\/wp-json\/wp\/v2\/types\/product"}],"replies":[{"embeddable":true,"href":"https:\/\/www.plantcaretools.com\/fr\/wp-json\/wp\/v2\/comments?post=6521"}],"wp:featuredmedia":[{"embeddable":true,"href":"https:\/\/www.plantcaretools.com\/fr\/wp-json\/wp\/v2\/media\/20648"}],"wp:attachment":[{"href":"https:\/\/www.plantcaretools.com\/fr\/wp-json\/wp\/v2\/media?parent=6521"}],"wp:term":[{"taxonomy":"product_brand","embeddable":true,"href":"https:\/\/www.plantcaretools.com\/fr\/wp-json\/wp\/v2\/product_brand?post=6521"},{"taxonomy":"product_cat","embeddable":true,"href":"https:\/\/www.plantcaretools.com\/fr\/wp-json\/wp\/v2\/product_cat?post=6521"},{"taxonomy":"product_tag","embeddable":true,"href":"https:\/\/www.plantcaretools.com\/fr\/wp-json\/wp\/v2\/product_tag?post=6521"}],"curies":[{"name":"wp","href":"https:\/\/api.w.org\/{rel}","templated":true}]}}