{"id":6583,"date":"2017-08-16T17:38:29","date_gmt":"2017-08-16T15:38:29","guid":{"rendered":"https:\/\/www.plantcaretools.com\/non%20class\u00e9\/capteur-pour-moniteur-dhumidite\/"},"modified":"2024-03-30T11:34:21","modified_gmt":"2024-03-30T10:34:21","slug":"capteur-dhumidite-du-sol-sans-fil","status":"publish","type":"product","link":"https:\/\/www.plantcaretools.com\/fr\/produit\/instrumentss-de-mesure\/capteur-dhumidite-du-sol-sans-fil\/","title":{"rendered":"Capteur d&#8217;humidit\u00e9 du sol sans fil"},"content":{"rendered":"<h2><strong>Capteur d\u2019humidit\u00e9 du sol sans fil OPUS XT300<\/strong><\/h2>\n<p><strong>Ce produit n\u2019est pas autonome !<\/strong><br \/>\nVous pouvez utiliser ce capteur d&#8217;humidit\u00e9 du sol sans fil avec un \u00e9metteur-r\u00e9cepteur RFX, OPUS XH300 et RFlink. Des logiciels \u2018\u2019Open Source\u2019\u2019 sont \u00e9galement disponibles comme Domoticz, Homeassistant, Homeseer, Jeedom et Eedomus. Le capteur mesure l\u2019humidit\u00e9 et la temp\u00e9rature du sol. Convient pour une utilisation \u00e0 l\u2019int\u00e9rieur et \u00e0 l\u2019ext\u00e9rieur.<\/p>\n<h2><strong>Description de capteur d&#8217;humidit<\/strong><strong>\u00e9 <\/strong><strong>OPUS XT300<\/strong><\/h2>\n<p>&#8211; <strong>Ce produit n\u2019est pas autonome\u00a0!<\/strong><br \/>\n&#8211; Fonctionne en combinaison avec le r\u00e9cepteur moniteur OPUS XH 300 (n&#8217;est plus disponible dans notre webshop) ou avec l&#8217;\u00e9metteur-r\u00e9cepteur <a href=\"http:\/\/www.rfxcom.com\">RFXtrx433XK\u00a0<\/a><br \/>\n&#8211; Il fonctionne \u00e9galement tr\u00e8s bien avec RFlink (trouver des informations sur RFLink sur <a href=\"http:\/\/www.rflink.nl\/blog2\/\">cette page<\/a>)<br \/>\n&#8211; Pour utiliser le capteur avec RFlink ou RFXcom, vous aurez besoin d&#8217;un logiciel open source comme Domoticz, Homeassistant, Homeseer, Jeedom ou eedomus.<br \/>\n&#8211; Mesure l&#8217;humidit\u00e9 du sol (%) et la temp\u00e9rature.<br \/>\n&#8211; Convient pour int\u00e9rieur et ext\u00e9rieur.<br \/>\n&#8211; Il y a beaucoup d&#8217;informations que vous pouvez trouver sur Internet.<br \/>\n&#8211; Le capteur poss\u00e8de 3 canaux (la fr\u00e9quence radio est de 433,92 MHz).<br \/>\n&#8211; Utilise 2 piles AAA (non incluses).<br \/>\n&#8211; Vient avec les instructions en Fran\u00e7ais.<\/p>\n<p>Vous trouverez toutes les informations sur la mesure des niveaux de sol \u00e0 l&#8217;int\u00e9rieur et \u00e0 l&#8217;ext\u00e9rieur sur cette page.<\/p>\n<p>&nbsp;<\/p>\n","protected":false},"excerpt":{"rendered":"<h2><strong>Capteur d&#8217;humidit\u00e9 du sol sans fil OPUS XT300<\/strong><\/h2>\n<p><strong>Ce produit n\u2019est pas autonome !<\/strong><br \/>\nVous pouvez utiliser ce capteur avec un \u00e9metteur-r\u00e9cepteur RFX, OPUS XH300 et RFlink. Des logiciels \u2018\u2019Open Source\u2019\u2019 sont \u00e9galement disponibles comme Domoticz, Homeassistant, Homeseer, Jeedom et Eedomus. Le capteur mesure l&#8217;humidit\u00e9 et la temp\u00e9rature du sol. Convient pour une utilisation \u00e0 l&#8217;int\u00e9rieur et \u00e0 l&#8217;ext\u00e9rieur.<\/p>\n","protected":false},"featured_media":4407,"comment_status":"closed","ping_status":"closed","template":"","meta":{"_acf_changed":false},"product_brand":[],"product_cat":[115],"product_tag":[],"class_list":{"0":"post-6583","1":"product","2":"type-product","3":"status-publish","4":"has-post-thumbnail","6":"product_cat-instrumentss-de-mesure","8":"first","9":"outofstock","10":"taxable","11":"shipping-taxable","12":"purchasable","13":"product-type-simple"},"acf":[],"yoast_head":"<!-- This site is optimized with the Yoast SEO Premium plugin v26.1 (Yoast SEO v27.3) - https:\/\/yoast.com\/product\/yoast-seo-premium-wordpress\/ -->\n<title>Capteur d&#039;humidit\u00e9 du sol sans fil - Plant Care Tools<\/title>\n<meta name=\"description\" content=\"Capteur d&#039;humidit\u00e9 du sol sans fil Opus XT300 - envoie la quantit\u00e9 d&#039;humidit\u00e9 et la temp\u00e9rature du sol au moniteur d&#039;humidit\u00e9 sans fil.\" \/>\n<meta name=\"robots\" content=\"index, follow, max-snippet:-1, max-image-preview:large, max-video-preview:-1\" \/>\n<link rel=\"canonical\" href=\"https:\/\/www.plantcaretools.com\/fr\/produit\/instrumentss-de-mesure\/capteur-dhumidite-du-sol-sans-fil\/\" \/>\n<script type=\"application\/ld+json\" class=\"yoast-schema-graph\">{\"@context\":\"https:\\\/\\\/schema.org\",\"@graph\":[{\"@type\":\"BreadcrumbList\",\"@id\":\"https:\\\/\\\/www.plantcaretools.com\\\/fr\\\/produit\\\/instrumentss-de-mesure\\\/capteur-dhumidite-du-sol-sans-fil\\\/#breadcrumb\",\"itemListElement\":[{\"@type\":\"ListItem\",\"position\":1,\"name\":\"Home\",\"item\":\"https:\\\/\\\/www.plantcaretools.com\\\/fr\\\/\"},{\"@type\":\"ListItem\",\"position\":2,\"name\":\"Produits\",\"item\":\"https:\\\/\\\/www.plantcaretools.com\\\/fr\\\/produits\\\/\"},{\"@type\":\"ListItem\",\"position\":3,\"name\":\"Capteur d&#8217;humidit\u00e9 du sol sans fil\"}]}]}<\/script>\n<!-- \/ Yoast SEO Premium plugin. -->","yoast_head_json":{"title":"Capteur d'humidit\u00e9 du sol sans fil - Plant Care Tools","description":"Capteur d'humidit\u00e9 du sol sans fil Opus XT300 - envoie la quantit\u00e9 d'humidit\u00e9 et la temp\u00e9rature du sol au moniteur d'humidit\u00e9 sans fil.","robots":{"index":"index","follow":"follow","max-snippet":"max-snippet:-1","max-image-preview":"max-image-preview:large","max-video-preview":"max-video-preview:-1"},"canonical":"https:\/\/www.plantcaretools.com\/fr\/produit\/instrumentss-de-mesure\/capteur-dhumidite-du-sol-sans-fil\/","schema":{"@context":"https:\/\/schema.org","@graph":[{"@type":"BreadcrumbList","@id":"https:\/\/www.plantcaretools.com\/fr\/produit\/instrumentss-de-mesure\/capteur-dhumidite-du-sol-sans-fil\/#breadcrumb","itemListElement":[{"@type":"ListItem","position":1,"name":"Home","item":"https:\/\/www.plantcaretools.com\/fr\/"},{"@type":"ListItem","position":2,"name":"Produits","item":"https:\/\/www.plantcaretools.com\/fr\/produits\/"},{"@type":"ListItem","position":3,"name":"Capteur d&#8217;humidit\u00e9 du sol sans fil"}]}]}},"jetpack_sharing_enabled":true,"_links":{"self":[{"href":"https:\/\/www.plantcaretools.com\/fr\/wp-json\/wp\/v2\/product\/6583","targetHints":{"allow":["GET"]}}],"collection":[{"href":"https:\/\/www.plantcaretools.com\/fr\/wp-json\/wp\/v2\/product"}],"about":[{"href":"https:\/\/www.plantcaretools.com\/fr\/wp-json\/wp\/v2\/types\/product"}],"replies":[{"embeddable":true,"href":"https:\/\/www.plantcaretools.com\/fr\/wp-json\/wp\/v2\/comments?post=6583"}],"wp:featuredmedia":[{"embeddable":true,"href":"https:\/\/www.plantcaretools.com\/fr\/wp-json\/wp\/v2\/media\/4407"}],"wp:attachment":[{"href":"https:\/\/www.plantcaretools.com\/fr\/wp-json\/wp\/v2\/media?parent=6583"}],"wp:term":[{"taxonomy":"product_brand","embeddable":true,"href":"https:\/\/www.plantcaretools.com\/fr\/wp-json\/wp\/v2\/product_brand?post=6583"},{"taxonomy":"product_cat","embeddable":true,"href":"https:\/\/www.plantcaretools.com\/fr\/wp-json\/wp\/v2\/product_cat?post=6583"},{"taxonomy":"product_tag","embeddable":true,"href":"https:\/\/www.plantcaretools.com\/fr\/wp-json\/wp\/v2\/product_tag?post=6583"}],"curies":[{"name":"wp","href":"https:\/\/api.w.org\/{rel}","templated":true}]}}