{"id":6588,"date":"2017-09-06T16:26:17","date_gmt":"2017-09-06T14:26:17","guid":{"rendered":"https:\/\/www.plantcaretools.com\/non%20class\u00e9\/capteur-dhumidite-avec-7x-led\/"},"modified":"2024-01-28T11:30:56","modified_gmt":"2024-01-28T10:30:56","slug":"capteur-dhumidite-avec-7x-led","status":"publish","type":"product","link":"https:\/\/www.plantcaretools.com\/fr\/produit\/instrumentss-de-mesure\/capteur-dhumidite-avec-7x-led\/","title":{"rendered":"Capteur d\u2019humidit\u00e9 avec 7x LED"},"content":{"rendered":"<h2>Ce capteur avec indication \u00e0 LED mesure l\u2019humidit\u00e9 du sol de vos plantes<\/h2>\n<p>Capteur d\u2019humidit\u00e9 tr\u00e8s pratique et astucieux avec 7 LED. Affiche la teneur en humidit\u00e9 dans le sol de vos plantes. Tant pour une utilisation int\u00e9rieure et ext\u00e9rieure.<\/p>\n<h2>Capteur d&#8217;humidit\u00e9 avec indication LED humidit\u00e9 du sol<\/h2>\n<p>Laissez ce capteur dans le sol avec votre plante. Le niveau d&#8217;humidit\u00e9 du sol sera affich\u00e9 par 7 LED de moins de 2% \u00e0 plus de 20% indiquant le niveau d&#8217;humidit\u00e9 actuel du sol.<\/p>\n<p>La LED clignote toutes les 2,5 secondes et les donn\u00e9es d&#8217;humidit\u00e9 sont faciles \u00e0 lire (m\u00eame dans le noir). Vos plantes sont surveill\u00e9es en permanence. Arrosez simplement votre plante lorsque la lecture est inf\u00e9rieure \u00e0 2%.<\/p>\n<p>\u00c0 la fois pour une utilisation en int\u00e9rieur et en ext\u00e9rieur. Retirez simplement le couvercle du capteur, retirez le joint de protection de la batterie (fournie), fermez le couvercle et le capteur est pr\u00eat \u00e0 fonctionner.<\/p>\n<p>Sur <a href=\"https:\/\/www.plantcaretools.com\/fr\/mesurer-le-niveau-dhumidite-du-sol\/\">cette page<\/a>, vous trouverez toutes les informations sur la mesure des niveaux d&#8217;humidit\u00e9 \u00e0 l&#8217;int\u00e9rieur et \u00e0 l&#8217;ext\u00e9rieur. Jetez \u00e9galement un coup d&#8217;\u0153il \u00e0 la <a href=\"https:\/\/www.plantcaretools.com\/fr\/arroser-les-plantes-faq\/\">page des questions<\/a> fr\u00e9quemment pos\u00e9es sur la mesure des niveaux d&#8217;humidit\u00e9 et l&#8217;arrosage des plantes en g\u00e9n\u00e9ral. Si vous avez d&#8217;autres questions sur ce produit, n&#8217;h\u00e9sitez pas \u00e0 contacter Plant Care Tools.<\/p>\n","protected":false},"excerpt":{"rendered":"<h2>Ce capteur avec indication \u00e0 LED mesure l&#8217;humidit\u00e9 du sol de vos plantes<\/h2>\n<p>Capteur d&#8217;humidit\u00e9 tr\u00e8s pratique et astucieux avec 7 LED. Affiche la teneur en humidit\u00e9 dans le sol de vos plantes. Tant pour une utilisation int\u00e9rieure et ext\u00e9rieure.<\/p>\n","protected":false},"featured_media":19286,"comment_status":"open","ping_status":"closed","template":"","meta":{"_acf_changed":false},"product_brand":[],"product_cat":[115],"product_tag":[],"class_list":{"0":"post-6588","1":"product","2":"type-product","3":"status-publish","4":"has-post-thumbnail","6":"product_cat-instrumentss-de-mesure","8":"first","9":"outofstock","10":"taxable","11":"shipping-taxable","12":"purchasable","13":"product-type-simple"},"acf":[],"yoast_head":"<!-- This site is optimized with the Yoast SEO Premium plugin v26.1 (Yoast SEO v27.3) - https:\/\/yoast.com\/product\/yoast-seo-premium-wordpress\/ -->\n<title>Capteur d&#039;humidit\u00e9 avec indication LED - Plant Care Tools<\/title>\n<meta name=\"description\" content=\"Ce capteur d&#039;humidit\u00e9 est un outil tr\u00e8s intelligent pour mesurer l&#039;humidit\u00e9 du sol des plantes en pot. Peut \u00eatre utilis\u00e9 \u00e0 l&#039;int\u00e9rieur et \u00e0 l&#039;ext\u00e9rieur.\" \/>\n<meta name=\"robots\" content=\"index, follow, max-snippet:-1, max-image-preview:large, max-video-preview:-1\" \/>\n<link rel=\"canonical\" href=\"https:\/\/www.plantcaretools.com\/fr\/produit\/instrumentss-de-mesure\/capteur-dhumidite-avec-7x-led\/\" \/>\n<script type=\"application\/ld+json\" class=\"yoast-schema-graph\">{\"@context\":\"https:\\\/\\\/schema.org\",\"@graph\":[{\"@type\":\"BreadcrumbList\",\"@id\":\"https:\\\/\\\/www.plantcaretools.com\\\/fr\\\/produit\\\/instrumentss-de-mesure\\\/capteur-dhumidite-avec-7x-led\\\/#breadcrumb\",\"itemListElement\":[{\"@type\":\"ListItem\",\"position\":1,\"name\":\"Home\",\"item\":\"https:\\\/\\\/www.plantcaretools.com\\\/fr\\\/\"},{\"@type\":\"ListItem\",\"position\":2,\"name\":\"Produits\",\"item\":\"https:\\\/\\\/www.plantcaretools.com\\\/fr\\\/produits\\\/\"},{\"@type\":\"ListItem\",\"position\":3,\"name\":\"Capteur d\u2019humidit\u00e9 avec 7x LED\"}]}]}<\/script>\n<!-- \/ Yoast SEO Premium plugin. -->","yoast_head_json":{"title":"Capteur d'humidit\u00e9 avec indication LED - Plant Care Tools","description":"Ce capteur d'humidit\u00e9 est un outil tr\u00e8s intelligent pour mesurer l'humidit\u00e9 du sol des plantes en pot. Peut \u00eatre utilis\u00e9 \u00e0 l'int\u00e9rieur et \u00e0 l'ext\u00e9rieur.","robots":{"index":"index","follow":"follow","max-snippet":"max-snippet:-1","max-image-preview":"max-image-preview:large","max-video-preview":"max-video-preview:-1"},"canonical":"https:\/\/www.plantcaretools.com\/fr\/produit\/instrumentss-de-mesure\/capteur-dhumidite-avec-7x-led\/","schema":{"@context":"https:\/\/schema.org","@graph":[{"@type":"BreadcrumbList","@id":"https:\/\/www.plantcaretools.com\/fr\/produit\/instrumentss-de-mesure\/capteur-dhumidite-avec-7x-led\/#breadcrumb","itemListElement":[{"@type":"ListItem","position":1,"name":"Home","item":"https:\/\/www.plantcaretools.com\/fr\/"},{"@type":"ListItem","position":2,"name":"Produits","item":"https:\/\/www.plantcaretools.com\/fr\/produits\/"},{"@type":"ListItem","position":3,"name":"Capteur d\u2019humidit\u00e9 avec 7x LED"}]}]}},"jetpack_sharing_enabled":true,"_links":{"self":[{"href":"https:\/\/www.plantcaretools.com\/fr\/wp-json\/wp\/v2\/product\/6588","targetHints":{"allow":["GET"]}}],"collection":[{"href":"https:\/\/www.plantcaretools.com\/fr\/wp-json\/wp\/v2\/product"}],"about":[{"href":"https:\/\/www.plantcaretools.com\/fr\/wp-json\/wp\/v2\/types\/product"}],"replies":[{"embeddable":true,"href":"https:\/\/www.plantcaretools.com\/fr\/wp-json\/wp\/v2\/comments?post=6588"}],"wp:featuredmedia":[{"embeddable":true,"href":"https:\/\/www.plantcaretools.com\/fr\/wp-json\/wp\/v2\/media\/19286"}],"wp:attachment":[{"href":"https:\/\/www.plantcaretools.com\/fr\/wp-json\/wp\/v2\/media?parent=6588"}],"wp:term":[{"taxonomy":"product_brand","embeddable":true,"href":"https:\/\/www.plantcaretools.com\/fr\/wp-json\/wp\/v2\/product_brand?post=6588"},{"taxonomy":"product_cat","embeddable":true,"href":"https:\/\/www.plantcaretools.com\/fr\/wp-json\/wp\/v2\/product_cat?post=6588"},{"taxonomy":"product_tag","embeddable":true,"href":"https:\/\/www.plantcaretools.com\/fr\/wp-json\/wp\/v2\/product_tag?post=6588"}],"curies":[{"name":"wp","href":"https:\/\/api.w.org\/{rel}","templated":true}]}}