{"id":6605,"date":"2017-08-16T17:16:42","date_gmt":"2017-08-16T15:16:42","guid":{"rendered":"https:\/\/www.plantcaretools.com\/non%20class\u00e9\/ph-humidimetre-prof\/"},"modified":"2024-01-15T19:33:01","modified_gmt":"2024-01-15T18:33:01","slug":"ph-humidimetre-prof","status":"publish","type":"product","link":"https:\/\/www.plantcaretools.com\/fr\/produit\/instrumentss-de-mesure\/ph-humidimetre-prof\/","title":{"rendered":"pH\/Humidim\u00e8tre Pro (Tige courte)"},"content":{"rendered":"<h2><strong>Informations g\u00e9n\u00e9rales sur ce pH-humidim\u00e8tre professionnel. <\/strong><strong>Ce compteur indique le pH et l&#8217;humidit\u00e9 du sol. <\/strong><\/h2>\n<p>Connaissez-vous le pH de votre sol? Est-ce acide ou alcalin? Le pH-humidim\u00e8tre vous aide \u00e0 le faire. Certaines plantes poussent mieux dans un sol l\u00e9g\u00e8rement acide, d&#8217;autres dans des sols plus alcalins. Il est important de conna\u00eetre le pH de votre sol. Une mauvaise valeur de pH affecte la capacit\u00e9 de la plante \u00e0 absorber les nutriments.<\/p>\n<h2><strong>V\u00e9rifiez l&#8217;humidit\u00e9 et le pH du sol<\/strong><\/h2>\n<p>Avec ce pH- humidim\u00e8tre de sol, vous pouvez v\u00e9rifier dans votre jardin, votre potager, votre serre, votre pelouse et vos plantes en pot si le sol convient \u00e0 une plante particuli\u00e8re. Utilisez l&#8217;appareil pour mesurer les conditions de croissance de toutes sortes de plantes \u00e0 l&#8217;int\u00e9rieur et \u00e0 l&#8217;ext\u00e9rieur.<\/p>\n<h2><strong>Mesurer le pH est important pour le bien-\u00eatre de toutes les plantes et de votre pelouse<\/strong><\/h2>\n<p>Ce pH-m\u00e8tre de sol peut \u00eatre particuli\u00e8rement utile dans le soin des pelouses pour d\u00e9terminer les conditions du sol dans diff\u00e9rentes zones de votre jardin et pour trouver la semence et l&#8217;engrais appropri\u00e9s pour la pelouse. Les mauvaises taches dans la pelouse peuvent \u00eatre caus\u00e9es par un mauvais drainage (sol humide, test d&#8217;humidit\u00e9) ou par une acidit\u00e9 excessive ou insuffisante (test de pH).<\/p>\n","protected":false},"excerpt":{"rendered":"<h2><strong>Testeur professionnel pour mesurer le pH et l&#8217;humidit\u00e9 directement dans le sol de votre jardin ou de vos plantes en pot.<\/strong><\/h2>\n<p>Avec cet pH-humidim\u00e8tre, vous pouvez v\u00e9rifier dans votre jardin, votre potager, votre serre, votre pelouse et vos plantes en pot si le sol convient \u00e0 une plante particuli\u00e8re. Utilisez cet pH-humidim\u00e8tre de sol pour mesurer les conditions de croissance de toutes sortes de plantes \u00e0 l&#8217;int\u00e9rieur et \u00e0 l&#8217;ext\u00e9rieur.<\/p>\n","protected":false},"featured_media":4603,"comment_status":"open","ping_status":"closed","template":"","meta":{"_acf_changed":false},"product_brand":[],"product_cat":[115,149],"product_tag":[],"class_list":{"0":"post-6605","1":"product","2":"type-product","3":"status-publish","4":"has-post-thumbnail","6":"product_cat-instrumentss-de-mesure","7":"product_cat-utilisateurs-professionnels","9":"first","10":"instock","11":"taxable","12":"shipping-taxable","13":"purchasable","14":"product-type-simple"},"acf":[],"yoast_head":"<!-- This site is optimized with the Yoast SEO Premium plugin v26.1 (Yoast SEO v27.3) - https:\/\/yoast.com\/product\/yoast-seo-premium-wordpress\/ -->\n<title>pH-humidim\u00e8tre - Tige Courte - Plant Care Tools<\/title>\n<meta name=\"description\" content=\"Mesurer le pH est important pour le bien-\u00eatre de toutes les plantes et de votre pelouse. Cet pH-humidim\u00e8tre est tr\u00e8s utile pour l\u2019entretien des pelouses.\" \/>\n<meta name=\"robots\" content=\"index, follow, max-snippet:-1, max-image-preview:large, max-video-preview:-1\" \/>\n<link rel=\"canonical\" href=\"https:\/\/www.plantcaretools.com\/fr\/produit\/instrumentss-de-mesure\/ph-humidimetre-prof\/\" \/>\n<script type=\"application\/ld+json\" class=\"yoast-schema-graph\">{\"@context\":\"https:\\\/\\\/schema.org\",\"@graph\":[{\"@type\":\"BreadcrumbList\",\"@id\":\"https:\\\/\\\/www.plantcaretools.com\\\/fr\\\/produit\\\/instrumentss-de-mesure\\\/ph-humidimetre-prof\\\/#breadcrumb\",\"itemListElement\":[{\"@type\":\"ListItem\",\"position\":1,\"name\":\"Home\",\"item\":\"https:\\\/\\\/www.plantcaretools.com\\\/fr\\\/\"},{\"@type\":\"ListItem\",\"position\":2,\"name\":\"Produits\",\"item\":\"https:\\\/\\\/www.plantcaretools.com\\\/fr\\\/produits\\\/\"},{\"@type\":\"ListItem\",\"position\":3,\"name\":\"pH\\\/Humidim\u00e8tre Pro (Tige courte)\"}]}]}<\/script>\n<!-- \/ Yoast SEO Premium plugin. -->","yoast_head_json":{"title":"pH-humidim\u00e8tre - Tige Courte - Plant Care Tools","description":"Mesurer le pH est important pour le bien-\u00eatre de toutes les plantes et de votre pelouse. Cet pH-humidim\u00e8tre est tr\u00e8s utile pour l\u2019entretien des pelouses.","robots":{"index":"index","follow":"follow","max-snippet":"max-snippet:-1","max-image-preview":"max-image-preview:large","max-video-preview":"max-video-preview:-1"},"canonical":"https:\/\/www.plantcaretools.com\/fr\/produit\/instrumentss-de-mesure\/ph-humidimetre-prof\/","schema":{"@context":"https:\/\/schema.org","@graph":[{"@type":"BreadcrumbList","@id":"https:\/\/www.plantcaretools.com\/fr\/produit\/instrumentss-de-mesure\/ph-humidimetre-prof\/#breadcrumb","itemListElement":[{"@type":"ListItem","position":1,"name":"Home","item":"https:\/\/www.plantcaretools.com\/fr\/"},{"@type":"ListItem","position":2,"name":"Produits","item":"https:\/\/www.plantcaretools.com\/fr\/produits\/"},{"@type":"ListItem","position":3,"name":"pH\/Humidim\u00e8tre Pro (Tige courte)"}]}]}},"jetpack_sharing_enabled":true,"_links":{"self":[{"href":"https:\/\/www.plantcaretools.com\/fr\/wp-json\/wp\/v2\/product\/6605","targetHints":{"allow":["GET"]}}],"collection":[{"href":"https:\/\/www.plantcaretools.com\/fr\/wp-json\/wp\/v2\/product"}],"about":[{"href":"https:\/\/www.plantcaretools.com\/fr\/wp-json\/wp\/v2\/types\/product"}],"replies":[{"embeddable":true,"href":"https:\/\/www.plantcaretools.com\/fr\/wp-json\/wp\/v2\/comments?post=6605"}],"wp:featuredmedia":[{"embeddable":true,"href":"https:\/\/www.plantcaretools.com\/fr\/wp-json\/wp\/v2\/media\/4603"}],"wp:attachment":[{"href":"https:\/\/www.plantcaretools.com\/fr\/wp-json\/wp\/v2\/media?parent=6605"}],"wp:term":[{"taxonomy":"product_brand","embeddable":true,"href":"https:\/\/www.plantcaretools.com\/fr\/wp-json\/wp\/v2\/product_brand?post=6605"},{"taxonomy":"product_cat","embeddable":true,"href":"https:\/\/www.plantcaretools.com\/fr\/wp-json\/wp\/v2\/product_cat?post=6605"},{"taxonomy":"product_tag","embeddable":true,"href":"https:\/\/www.plantcaretools.com\/fr\/wp-json\/wp\/v2\/product_tag?post=6605"}],"curies":[{"name":"wp","href":"https:\/\/api.w.org\/{rel}","templated":true}]}}