{"id":6630,"date":"2017-08-13T16:49:58","date_gmt":"2017-08-13T14:49:58","guid":{"rendered":"https:\/\/www.plantcaretools.com\/non%20class\u00e9\/ph-metre-liquides\/"},"modified":"2024-12-27T12:34:51","modified_gmt":"2024-12-27T11:34:51","slug":"ph-metre-liquides","status":"publish","type":"product","link":"https:\/\/www.plantcaretools.com\/fr\/produit\/instrumentss-de-mesure\/ph-metre-liquides\/","title":{"rendered":"pH-m\u00e8tre liquides"},"content":{"rendered":"<h2><strong>Mesurer le pH de liquides comme l\u2019eau ou les engrais solubles<\/strong><\/h2>\n<p>Ce pH-m\u00e8tre sert \u00e0 mesurer le niveau d\u2019acidit\u00e9 dans les engrais liquides, mais \u00e9galement \u00e0 mesurer le pH de l\u2019eau du robinet ou de l\u2019eau d\u2019un puits ou d\u2019une rivi\u00e8re.<\/p>\n<h2><strong>Ce pH-m\u00e8tre est id\u00e9al pour les tests de qualit\u00e9 de l&#8217;eau ou d&#8217;autres liquides. <\/strong><strong>Utilis\u00e9 dans l&#8217;\u00e9puration ou le traitement de l&#8217;eau, l&#8217;hydroculture, l&#8217;horticulture, les aquariums, etc.<\/strong><\/h2>\n<p>Ce pH-m\u00e8tre professionnel de type stylo est id\u00e9al pour tous les tests de qualit\u00e9 de l&#8217;eau, les applications de purification de l&#8217;eau, la r\u00e9glementation des eaux us\u00e9es, l&#8217;aquaculture (hydro culture), la culture hydroponique, les tests en laboratoire et scientifiques, les piscines et les spas, les aquariums, les tests \u00e9cologiques, le traitement de l&#8217;eau, etc.<\/p>\n<p>Il est con\u00e7u pour mesurer les niveaux de pH de 0 \u00e0 14 et pr\u00e9sente les fonctionnalit\u00e9s avanc\u00e9es suivantes: \u00e9talonnage automatique (pH4, pH7 et pH10), \u00e9tanch\u00e9it\u00e9, compensation automatique de la temp\u00e9rature (ATC), affichage double (pH et temp\u00e9rature), commutable en \u00b0 C et \u00b0 F, maintien des donn\u00e9es, indicateur de batterie faible et mise hors tension automatique avec fonction de d\u00e9sactivation.<\/p>\n<p>Le paquet contient, le pH-m\u00e8tre, quatre piles de 1,5 V (LR44), trois solutions tampons (pH4, pH7 et pH 10) et le manuel d&#8217;utilisation (en anglais).<\/p>\n","protected":false},"excerpt":{"rendered":"<h2><strong>Mesurer le pH de liquides comme l&#8217;eau ou les engrais solubles<\/strong><\/h2>\n<p>Ce pH-m\u00e8tre sert \u00e0 mesurer le niveau d&#8217;acidit\u00e9 dans les engrais liquides, mais \u00e9galement \u00e0 mesurer le pH de l&#8217;eau du robinet ou de l&#8217;eau d&#8217;un puits ou d&#8217;une rivi\u00e8re.<\/p>\n","protected":false},"featured_media":4875,"comment_status":"open","ping_status":"closed","template":"","meta":{"_acf_changed":false},"product_brand":[],"product_cat":[115],"product_tag":[],"class_list":{"0":"post-6630","1":"product","2":"type-product","3":"status-publish","4":"has-post-thumbnail","6":"product_cat-instrumentss-de-mesure","8":"first","9":"outofstock","10":"taxable","11":"shipping-taxable","12":"purchasable","13":"product-type-simple"},"acf":[],"yoast_head":"<!-- This site is optimized with the Yoast SEO Premium plugin v26.1 (Yoast SEO v27.3) - https:\/\/yoast.com\/product\/yoast-seo-premium-wordpress\/ -->\n<title>pH-M\u00e8tre - Professionel - Plant Care Tools<\/title>\n<meta name=\"description\" content=\"Notre pH-m\u00e8tre prof. est utilis\u00e9 pour la purification ou le traitement de l&#039;eau, l&#039;hydroculture, l&#039;horticulture, les tests \u00e9cologiques, les aquariums, etc.\" \/>\n<meta name=\"robots\" content=\"index, follow, max-snippet:-1, max-image-preview:large, max-video-preview:-1\" \/>\n<link rel=\"canonical\" href=\"https:\/\/www.plantcaretools.com\/fr\/produit\/instrumentss-de-mesure\/ph-metre-liquides\/\" \/>\n<script type=\"application\/ld+json\" class=\"yoast-schema-graph\">{\"@context\":\"https:\\\/\\\/schema.org\",\"@graph\":[{\"@type\":\"BreadcrumbList\",\"@id\":\"https:\\\/\\\/www.plantcaretools.com\\\/fr\\\/produit\\\/instrumentss-de-mesure\\\/ph-metre-liquides\\\/#breadcrumb\",\"itemListElement\":[{\"@type\":\"ListItem\",\"position\":1,\"name\":\"Home\",\"item\":\"https:\\\/\\\/www.plantcaretools.com\\\/fr\\\/\"},{\"@type\":\"ListItem\",\"position\":2,\"name\":\"Produits\",\"item\":\"https:\\\/\\\/www.plantcaretools.com\\\/fr\\\/produits\\\/\"},{\"@type\":\"ListItem\",\"position\":3,\"name\":\"pH-m\u00e8tre liquides\"}]}]}<\/script>\n<!-- \/ Yoast SEO Premium plugin. -->","yoast_head_json":{"title":"pH-M\u00e8tre - Professionel - Plant Care Tools","description":"Notre pH-m\u00e8tre prof. est utilis\u00e9 pour la purification ou le traitement de l'eau, l'hydroculture, l'horticulture, les tests \u00e9cologiques, les aquariums, etc.","robots":{"index":"index","follow":"follow","max-snippet":"max-snippet:-1","max-image-preview":"max-image-preview:large","max-video-preview":"max-video-preview:-1"},"canonical":"https:\/\/www.plantcaretools.com\/fr\/produit\/instrumentss-de-mesure\/ph-metre-liquides\/","schema":{"@context":"https:\/\/schema.org","@graph":[{"@type":"BreadcrumbList","@id":"https:\/\/www.plantcaretools.com\/fr\/produit\/instrumentss-de-mesure\/ph-metre-liquides\/#breadcrumb","itemListElement":[{"@type":"ListItem","position":1,"name":"Home","item":"https:\/\/www.plantcaretools.com\/fr\/"},{"@type":"ListItem","position":2,"name":"Produits","item":"https:\/\/www.plantcaretools.com\/fr\/produits\/"},{"@type":"ListItem","position":3,"name":"pH-m\u00e8tre liquides"}]}]}},"jetpack_sharing_enabled":true,"_links":{"self":[{"href":"https:\/\/www.plantcaretools.com\/fr\/wp-json\/wp\/v2\/product\/6630","targetHints":{"allow":["GET"]}}],"collection":[{"href":"https:\/\/www.plantcaretools.com\/fr\/wp-json\/wp\/v2\/product"}],"about":[{"href":"https:\/\/www.plantcaretools.com\/fr\/wp-json\/wp\/v2\/types\/product"}],"replies":[{"embeddable":true,"href":"https:\/\/www.plantcaretools.com\/fr\/wp-json\/wp\/v2\/comments?post=6630"}],"wp:featuredmedia":[{"embeddable":true,"href":"https:\/\/www.plantcaretools.com\/fr\/wp-json\/wp\/v2\/media\/4875"}],"wp:attachment":[{"href":"https:\/\/www.plantcaretools.com\/fr\/wp-json\/wp\/v2\/media?parent=6630"}],"wp:term":[{"taxonomy":"product_brand","embeddable":true,"href":"https:\/\/www.plantcaretools.com\/fr\/wp-json\/wp\/v2\/product_brand?post=6630"},{"taxonomy":"product_cat","embeddable":true,"href":"https:\/\/www.plantcaretools.com\/fr\/wp-json\/wp\/v2\/product_cat?post=6630"},{"taxonomy":"product_tag","embeddable":true,"href":"https:\/\/www.plantcaretools.com\/fr\/wp-json\/wp\/v2\/product_tag?post=6630"}],"curies":[{"name":"wp","href":"https:\/\/api.w.org\/{rel}","templated":true}]}}