{"id":6647,"date":"2017-08-13T14:42:49","date_gmt":"2017-08-13T12:42:49","guid":{"rendered":"https:\/\/www.plantcaretools.com\/non%20class\u00e9\/ec-metre-liquides\/"},"modified":"2024-12-27T12:34:51","modified_gmt":"2024-12-27T11:34:51","slug":"ec-conductivite-metre-liquides","status":"publish","type":"product","link":"https:\/\/www.plantcaretools.com\/fr\/produit\/instrumentss-de-mesure\/ec-conductivite-metre-liquides\/","title":{"rendered":"EC &#8211; conductivit\u00e9m\u00e8tre liquides"},"content":{"rendered":"<h1><strong>EC m\u00e8tre id\u00e9al pour tester la qualit\u00e9 de l&#8217;eau<\/strong><\/h1>\n<p>Purification de l&#8217;eau, tests des eaux us\u00e9es, culture hydraulique, tests scientifiques et \u00e9cologiques, etc. Ce EC m\u00e8tre professionnel de type stylo est id\u00e9al pour tous les tests de qualit\u00e9 de l\u2019eau, les applications de purification de l\u2019eau, la r\u00e9glementation des eaux us\u00e9es, l\u2019aquaculture (hydroculture), la culture hydroponique, l\u2019argent collo\u00efdal, les tests de laboratoire et scientifiques, les tests \u00e9cologiques, les chaudi\u00e8res et les tours de refroidissement, le traitement de l\u2019eau, etc.<\/p>\n<p>Fonctions suppl\u00e9mentaires: fonction HOLD, compensation automatique de la temp\u00e9rature, arr\u00eat automatique et indicateur de pile faible, mesures en 6 unit\u00e9s (\u00b5S, mS, ppm, ppm, \u00b0 C, \u00b0 F), \u00e9talonnage en 2 points, facteur TDS r\u00e9glable, temp\u00e9rature r\u00e9glable coefficient, double affichage (temp\u00e9rature et conductivit\u00e9) et possibilit\u00e9 de s\u00e9lectionner \u00b0 C &amp; \u00b0 F.<\/p>\n<p>Le paquet contient le EC m\u00e8tre, quatre piles de 1,5 V (LR44) et le manuel d&#8217;utilisation (en anglais).<\/p>\n","protected":false},"excerpt":{"rendered":"<h2><strong>Mesurer la quantit\u00e9 de sels totaux dans l&#8217;eau ou dans les engrais liquides solubles<\/strong><\/h2>\n<p>Ce EC m\u00e8tre mesure la conductivit\u00e9 \u00e9lectrique des liquides. Est utilis\u00e9 pour mesurer la CE des engrais solubles, mais aussi pour les tests d\u2019eau (niveau conductivit\u00e9). Vous pouvez basculer entre EC et TDS.<\/p>\n","protected":false},"featured_media":4851,"comment_status":"open","ping_status":"closed","template":"","meta":{"_acf_changed":false},"product_brand":[],"product_cat":[115],"product_tag":[],"class_list":{"0":"post-6647","1":"product","2":"type-product","3":"status-publish","4":"has-post-thumbnail","6":"product_cat-instrumentss-de-mesure","8":"first","9":"outofstock","10":"taxable","11":"shipping-taxable","12":"purchasable","13":"product-type-simple"},"acf":[],"yoast_head":"<!-- This site is optimized with the Yoast SEO Premium plugin v26.1 (Yoast SEO v27.3) - https:\/\/yoast.com\/product\/yoast-seo-premium-wordpress\/ -->\n<title>EC-conductivit\u00e9 m\u00e8tre liquides - PlantCareTools<\/title>\n<meta name=\"description\" content=\"Un EC-conductivit\u00e9m\u00e8tre professionnel id\u00e9al pour les tests de qualit\u00e9 de l&#039;eau, les applications de purification de l&#039;eau, l&#039;hydroculture, le traitement de l&#039;eau, etc.\" \/>\n<meta name=\"robots\" content=\"index, follow, max-snippet:-1, max-image-preview:large, max-video-preview:-1\" \/>\n<link rel=\"canonical\" href=\"https:\/\/www.plantcaretools.com\/fr\/produit\/instrumentss-de-mesure\/ec-conductivite-metre-liquides\/\" \/>\n<script type=\"application\/ld+json\" class=\"yoast-schema-graph\">{\"@context\":\"https:\\\/\\\/schema.org\",\"@graph\":[{\"@type\":\"BreadcrumbList\",\"@id\":\"https:\\\/\\\/www.plantcaretools.com\\\/fr\\\/produit\\\/instrumentss-de-mesure\\\/ec-conductivite-metre-liquides\\\/#breadcrumb\",\"itemListElement\":[{\"@type\":\"ListItem\",\"position\":1,\"name\":\"Home\",\"item\":\"https:\\\/\\\/www.plantcaretools.com\\\/fr\\\/\"},{\"@type\":\"ListItem\",\"position\":2,\"name\":\"Produits\",\"item\":\"https:\\\/\\\/www.plantcaretools.com\\\/fr\\\/produits\\\/\"},{\"@type\":\"ListItem\",\"position\":3,\"name\":\"EC &#8211; conductivit\u00e9m\u00e8tre liquides\"}]}]}<\/script>\n<!-- \/ Yoast SEO Premium plugin. -->","yoast_head_json":{"title":"EC-conductivit\u00e9 m\u00e8tre liquides - PlantCareTools","description":"Un EC-conductivit\u00e9m\u00e8tre professionnel id\u00e9al pour les tests de qualit\u00e9 de l'eau, les applications de purification de l'eau, l'hydroculture, le traitement de l'eau, etc.","robots":{"index":"index","follow":"follow","max-snippet":"max-snippet:-1","max-image-preview":"max-image-preview:large","max-video-preview":"max-video-preview:-1"},"canonical":"https:\/\/www.plantcaretools.com\/fr\/produit\/instrumentss-de-mesure\/ec-conductivite-metre-liquides\/","schema":{"@context":"https:\/\/schema.org","@graph":[{"@type":"BreadcrumbList","@id":"https:\/\/www.plantcaretools.com\/fr\/produit\/instrumentss-de-mesure\/ec-conductivite-metre-liquides\/#breadcrumb","itemListElement":[{"@type":"ListItem","position":1,"name":"Home","item":"https:\/\/www.plantcaretools.com\/fr\/"},{"@type":"ListItem","position":2,"name":"Produits","item":"https:\/\/www.plantcaretools.com\/fr\/produits\/"},{"@type":"ListItem","position":3,"name":"EC &#8211; conductivit\u00e9m\u00e8tre liquides"}]}]}},"jetpack_sharing_enabled":true,"_links":{"self":[{"href":"https:\/\/www.plantcaretools.com\/fr\/wp-json\/wp\/v2\/product\/6647","targetHints":{"allow":["GET"]}}],"collection":[{"href":"https:\/\/www.plantcaretools.com\/fr\/wp-json\/wp\/v2\/product"}],"about":[{"href":"https:\/\/www.plantcaretools.com\/fr\/wp-json\/wp\/v2\/types\/product"}],"replies":[{"embeddable":true,"href":"https:\/\/www.plantcaretools.com\/fr\/wp-json\/wp\/v2\/comments?post=6647"}],"wp:featuredmedia":[{"embeddable":true,"href":"https:\/\/www.plantcaretools.com\/fr\/wp-json\/wp\/v2\/media\/4851"}],"wp:attachment":[{"href":"https:\/\/www.plantcaretools.com\/fr\/wp-json\/wp\/v2\/media?parent=6647"}],"wp:term":[{"taxonomy":"product_brand","embeddable":true,"href":"https:\/\/www.plantcaretools.com\/fr\/wp-json\/wp\/v2\/product_brand?post=6647"},{"taxonomy":"product_cat","embeddable":true,"href":"https:\/\/www.plantcaretools.com\/fr\/wp-json\/wp\/v2\/product_cat?post=6647"},{"taxonomy":"product_tag","embeddable":true,"href":"https:\/\/www.plantcaretools.com\/fr\/wp-json\/wp\/v2\/product_tag?post=6647"}],"curies":[{"name":"wp","href":"https:\/\/api.w.org\/{rel}","templated":true}]}}