{"id":6668,"date":"2017-09-06T16:47:18","date_gmt":"2017-09-06T14:47:18","guid":{"rendered":"https:\/\/www.plantcaretools.com\/non%20class\u00e9\/thermometre-numerique-de-sol\/"},"modified":"2024-09-12T17:52:18","modified_gmt":"2024-09-12T15:52:18","slug":"thermometre-numerique-de-sol","status":"publish","type":"product","link":"https:\/\/www.plantcaretools.com\/fr\/produit\/instrumentss-de-mesure\/thermometre-numerique-de-sol\/","title":{"rendered":"Thermom\u00e8tre num\u00e9rique de sol"},"content":{"rendered":"<h2><strong>Ce thermom\u00e8tre num\u00e9rique convient \u00e0 toutes les mesures de sol, telles que la temp\u00e9rature du sol d\u2019un bac \u00e0 semences dans une serre chauff\u00e9e.<\/strong><\/h2>\n<p>Facile \u00e0 utiliser avec le long c\u00e2ble flexible pour surveiller de pr\u00e8s la temp\u00e9rature du sol des semis et des boutures et pour s\u2019ajuster \u00e0 temps pour une croissance optimale de la plante.<br \/>\nLe thermom\u00e8tre num\u00e9rique de sol est livr\u00e9 avec une tige en acier inoxydable.<\/p>\n<h2><strong>Le thermom\u00e8tre de sol est un outil pratique pour les amateurs de plantes qui s\u00e8ment des plantes.<\/strong><\/h2>\n<p>Ce thermom\u00e8tre num\u00e9rique de sol est particuli\u00e8rement adapt\u00e9 \u00e0 la v\u00e9rification de la temp\u00e9rature de votre bac \u00e0 semences. Vous ins\u00e9rez le capteur dans le sol du semis et connectez le c\u00e2ble flexible \u00e0 l&#8217;appareil en dehors de la bac \u00e0 semences. Cela vous donne un contr\u00f4le permanent sur la temp\u00e9rature du sol.<\/p>\n<p>Le thermom\u00e8tre num\u00e9rique de sol est livr\u00e9 avec une tige en acier inoxydable.<\/p>\n<p>Aussi pratique dans la cuisine pour mesurer la temp\u00e9rature de viande et du pain.<\/p>\n<p>Fonction d&#8217;alarme lorsque la temp\u00e9rature d\u00e9passe la temp\u00e9rature minimale et maximale pr\u00e9c\u00e9demment d\u00e9finie.<\/p>\n<p>Compte \u00e0 rebours fonction avec alarme et commutateur Celsius \/ Fahrenheit.<\/p>\n<p>La bonne temp\u00e9rature est importante pour les plantes d&#8217;int\u00e9rieur. Il faut donc mesurer la temp\u00e9rature pour offrir \u00e0 vos plantes un cadre de vie optimal. Sur <a href=\"https:\/\/www.plantcaretools.com\/fr\/mesurer-temperature-plantes-dinterieur\/\">cette page<\/a>, vous trouverez toutes les informations sur la fa\u00e7on de mesurer les niveaux de temp\u00e9rature.<\/p>\n<p>Ne n\u00e9cessite qu&#8217;une pile AAA (non incluse).<\/p>\n","protected":false},"excerpt":{"rendered":"<h2><strong>Ce thermom\u00e8tre num\u00e9rique convient \u00e0 toutes les mesures de sol, telles que la temp\u00e9rature du sol d\u2019un bac \u00e0 semences dans une serre chauff\u00e9e.<\/strong><\/h2>\n<p>Facile \u00e0 utiliser avec le long c\u00e2ble flexible pour surveiller de pr\u00e8s la temp\u00e9rature du sol des semis et des boutures et pour s\u2019ajuster \u00e0 temps pour une croissance optimale de la plante.<br \/>\nLe thermom\u00e8tre num\u00e9rique de sol est livr\u00e9 avec une tige en acier inoxydable.<\/p>\n","protected":false},"featured_media":4423,"comment_status":"open","ping_status":"closed","template":"","meta":{"_acf_changed":false},"product_brand":[],"product_cat":[115],"product_tag":[],"class_list":{"0":"post-6668","1":"product","2":"type-product","3":"status-publish","4":"has-post-thumbnail","6":"product_cat-instrumentss-de-mesure","8":"first","9":"instock","10":"taxable","11":"shipping-taxable","12":"purchasable","13":"product-type-simple"},"acf":[],"yoast_head":"<!-- This site is optimized with the Yoast SEO Premium plugin v26.1 (Yoast SEO v27.3) - https:\/\/yoast.com\/product\/yoast-seo-premium-wordpress\/ -->\n<title>Thermom\u00e8tre num\u00e9rique de sol - Plant Care Tools<\/title>\n<meta name=\"description\" content=\"Ce thermom\u00e8tre num\u00e9rique de sol est particuli\u00e8rement adapt\u00e9 \u00e0 la v\u00e9rification permanent de la temp\u00e9rature de sol de votre bac \u00e0 semences.\" \/>\n<meta name=\"robots\" content=\"index, follow, max-snippet:-1, max-image-preview:large, max-video-preview:-1\" \/>\n<link rel=\"canonical\" href=\"https:\/\/www.plantcaretools.com\/fr\/produit\/instrumentss-de-mesure\/thermometre-numerique-de-sol\/\" \/>\n<script type=\"application\/ld+json\" class=\"yoast-schema-graph\">{\"@context\":\"https:\\\/\\\/schema.org\",\"@graph\":[{\"@type\":\"BreadcrumbList\",\"@id\":\"https:\\\/\\\/www.plantcaretools.com\\\/fr\\\/produit\\\/instrumentss-de-mesure\\\/thermometre-numerique-de-sol\\\/#breadcrumb\",\"itemListElement\":[{\"@type\":\"ListItem\",\"position\":1,\"name\":\"Home\",\"item\":\"https:\\\/\\\/www.plantcaretools.com\\\/fr\\\/\"},{\"@type\":\"ListItem\",\"position\":2,\"name\":\"Produits\",\"item\":\"https:\\\/\\\/www.plantcaretools.com\\\/fr\\\/produits\\\/\"},{\"@type\":\"ListItem\",\"position\":3,\"name\":\"Thermom\u00e8tre num\u00e9rique de sol\"}]}]}<\/script>\n<!-- \/ Yoast SEO Premium plugin. -->","yoast_head_json":{"title":"Thermom\u00e8tre num\u00e9rique de sol - Plant Care Tools","description":"Ce thermom\u00e8tre num\u00e9rique de sol est particuli\u00e8rement adapt\u00e9 \u00e0 la v\u00e9rification permanent de la temp\u00e9rature de sol de votre bac \u00e0 semences.","robots":{"index":"index","follow":"follow","max-snippet":"max-snippet:-1","max-image-preview":"max-image-preview:large","max-video-preview":"max-video-preview:-1"},"canonical":"https:\/\/www.plantcaretools.com\/fr\/produit\/instrumentss-de-mesure\/thermometre-numerique-de-sol\/","schema":{"@context":"https:\/\/schema.org","@graph":[{"@type":"BreadcrumbList","@id":"https:\/\/www.plantcaretools.com\/fr\/produit\/instrumentss-de-mesure\/thermometre-numerique-de-sol\/#breadcrumb","itemListElement":[{"@type":"ListItem","position":1,"name":"Home","item":"https:\/\/www.plantcaretools.com\/fr\/"},{"@type":"ListItem","position":2,"name":"Produits","item":"https:\/\/www.plantcaretools.com\/fr\/produits\/"},{"@type":"ListItem","position":3,"name":"Thermom\u00e8tre num\u00e9rique de sol"}]}]}},"jetpack_sharing_enabled":true,"_links":{"self":[{"href":"https:\/\/www.plantcaretools.com\/fr\/wp-json\/wp\/v2\/product\/6668","targetHints":{"allow":["GET"]}}],"collection":[{"href":"https:\/\/www.plantcaretools.com\/fr\/wp-json\/wp\/v2\/product"}],"about":[{"href":"https:\/\/www.plantcaretools.com\/fr\/wp-json\/wp\/v2\/types\/product"}],"replies":[{"embeddable":true,"href":"https:\/\/www.plantcaretools.com\/fr\/wp-json\/wp\/v2\/comments?post=6668"}],"wp:featuredmedia":[{"embeddable":true,"href":"https:\/\/www.plantcaretools.com\/fr\/wp-json\/wp\/v2\/media\/4423"}],"wp:attachment":[{"href":"https:\/\/www.plantcaretools.com\/fr\/wp-json\/wp\/v2\/media?parent=6668"}],"wp:term":[{"taxonomy":"product_brand","embeddable":true,"href":"https:\/\/www.plantcaretools.com\/fr\/wp-json\/wp\/v2\/product_brand?post=6668"},{"taxonomy":"product_cat","embeddable":true,"href":"https:\/\/www.plantcaretools.com\/fr\/wp-json\/wp\/v2\/product_cat?post=6668"},{"taxonomy":"product_tag","embeddable":true,"href":"https:\/\/www.plantcaretools.com\/fr\/wp-json\/wp\/v2\/product_tag?post=6668"}],"curies":[{"name":"wp","href":"https:\/\/api.w.org\/{rel}","templated":true}]}}