{"id":6685,"date":"2017-09-23T10:25:25","date_gmt":"2017-09-23T08:25:25","guid":{"rendered":"https:\/\/www.plantcaretools.com\/non%20class\u00e9\/4-en-1-moniteur-de-plantes-bleutooth\/"},"modified":"2024-05-11T19:59:21","modified_gmt":"2024-05-11T17:59:21","slug":"4-en-1-moniteur-de-plantes-bleutooth","status":"publish","type":"product","link":"https:\/\/www.plantcaretools.com\/fr\/produit\/instrumentss-de-mesure\/4-en-1-moniteur-de-plantes-bleutooth\/","title":{"rendered":"4 en 1 moniteur de plantes Bleutooth"},"content":{"rendered":"<h2><strong>Ce moniteur de plantes Bleutooth affiche l\u2019intensit\u00e9 lumineuse, la temp\u00e9rature, l\u2019humidit\u00e9 et les nutriments sur votre smartphone.<\/strong><\/h2>\n<p>Ce moniteur de plantes Bleutooth en connectant votre smartphone (via Bluetooth) avec l\u2019application gratuite \u00abFlower Care\u00bb (disponible pour Android et iOS), ce capteur surveillera en permanence la fertilisation, l\u2019humidit\u00e9, la temp. et la lumi\u00e8re du soleil en temps r\u00e9el.<\/p>\n<p>Base de donn\u00e9es avec plus de 5.000 plantes, fonction conseil et statistiques hebdomadaires \/ mensuelles disponibles.<\/p>\n<h2><strong>Ins\u00e9rez le moniteur dans le sol de votre plante d&#8217;int\u00e9rieur et connectez-le \u00e0 votre smartphon<\/strong>e<\/h2>\n<p>Pour toutes les plantes d&#8217;int\u00e9rieur et de balcon \u2022 Surveille la lumi\u00e8re, la temp\u00e9rature, l&#8217;humidit\u00e9 et les nutriments \u2022 Base de donn\u00e9es volumineuse contenant plus de 5 000 plantes \u2022 Dur\u00e9e de vie de la pile d&#8217;un an<\/p>\n<p>Capteur multifonctionnel adapt\u00e9 \u00e0 toutes les plantes \u2022 Bluetooth 4.1 pour une connexion sans fil \u00e0 un smartphone, une tablette ou un ordinateur \u2022 Alimentation: pile bouton CR2032 pour 1 an minimum<\/p>\n<p>Contr\u00f4le de la lumi\u00e8re, de la temp\u00e9rature, de l&#8217;humidit\u00e9 et des nutriments \u2022 Contr\u00f4le total via l&#8217;application gratuite nomm\u00e9e \u00abFlower Care\u00bb pour Android et iOS, disponible sur Google Play et dans l&#8217;App Store en diff\u00e9rentes langues \u2022 Dimensions: 130 x 25 x 13 mm, Poids: 18 g<\/p>\n<p>\u00c9norme base de donn\u00e9es d&#8217;applications avec plus de 5 000 plantes et premiers soins pour les fleurs, les arbustes, les arbres et m\u00eame les l\u00e9gumes \u2022 R\u00e9sistant aux intemp\u00e9ries: protection IPX5 (protection contre les \u00e9claboussures)<\/p>\n<p>Capteur de plantes avec Bluetooth, y compris pile bouton et instructions en anglais.<\/p>\n","protected":false},"excerpt":{"rendered":"<h2><strong>Ce moniteur de plantes Bluetooth affiche l\u2019intensit\u00e9 lumineuse, la temp\u00e9rature, l\u2019humidit\u00e9 et les nutriments sur votre smartphone.<\/strong><\/h2>\n<p>En connectant votre smartphone (via Bluetooth) avec l&#8217;application gratuite \u00abFlower Care\u00bb (disponible pour Android et iOS), ce capteur surveillera en permanence la fertilisation, l&#8217;humidit\u00e9, la temp. et la lumi\u00e8re du soleil en temps r\u00e9el.<\/p>\n<p>Base de donn\u00e9es avec plus de 5.000 plantes, fonction conseil et statistiques hebdomadaires \/ mensuelles disponibles.<\/p>\n","protected":false},"featured_media":4419,"comment_status":"open","ping_status":"closed","template":"","meta":{"_acf_changed":false},"product_brand":[],"product_cat":[115],"product_tag":[],"class_list":{"0":"post-6685","1":"product","2":"type-product","3":"status-publish","4":"has-post-thumbnail","6":"product_cat-instrumentss-de-mesure","8":"first","9":"instock","10":"taxable","11":"shipping-taxable","12":"purchasable","13":"product-type-simple"},"acf":[],"yoast_head":"<!-- This site is optimized with the Yoast SEO Premium plugin v26.1 (Yoast SEO v27.3) - https:\/\/yoast.com\/product\/yoast-seo-premium-wordpress\/ -->\n<title>Moniteur de plantes Bleutooth - Plant Care Tools<\/title>\n<meta name=\"description\" content=\"Le moniteur de plantes Bleutooth surveille la fertilisation, l&#039;humidit\u00e9, la temperature et luminosit\u00e9 et l&#039;envoie \u00e0 votre smartphone.\" \/>\n<meta name=\"robots\" content=\"index, follow, max-snippet:-1, max-image-preview:large, max-video-preview:-1\" \/>\n<link rel=\"canonical\" href=\"https:\/\/www.plantcaretools.com\/fr\/produit\/instrumentss-de-mesure\/4-en-1-moniteur-de-plantes-bleutooth\/\" \/>\n<script type=\"application\/ld+json\" class=\"yoast-schema-graph\">{\"@context\":\"https:\\\/\\\/schema.org\",\"@graph\":[{\"@type\":\"BreadcrumbList\",\"@id\":\"https:\\\/\\\/www.plantcaretools.com\\\/fr\\\/produit\\\/instrumentss-de-mesure\\\/4-en-1-moniteur-de-plantes-bleutooth\\\/#breadcrumb\",\"itemListElement\":[{\"@type\":\"ListItem\",\"position\":1,\"name\":\"Home\",\"item\":\"https:\\\/\\\/www.plantcaretools.com\\\/fr\\\/\"},{\"@type\":\"ListItem\",\"position\":2,\"name\":\"Produits\",\"item\":\"https:\\\/\\\/www.plantcaretools.com\\\/fr\\\/produits\\\/\"},{\"@type\":\"ListItem\",\"position\":3,\"name\":\"4 en 1 moniteur de plantes Bleutooth\"}]}]}<\/script>\n<!-- \/ Yoast SEO Premium plugin. -->","yoast_head_json":{"title":"Moniteur de plantes Bleutooth - Plant Care Tools","description":"Le moniteur de plantes Bleutooth surveille la fertilisation, l'humidit\u00e9, la temperature et luminosit\u00e9 et l'envoie \u00e0 votre smartphone.","robots":{"index":"index","follow":"follow","max-snippet":"max-snippet:-1","max-image-preview":"max-image-preview:large","max-video-preview":"max-video-preview:-1"},"canonical":"https:\/\/www.plantcaretools.com\/fr\/produit\/instrumentss-de-mesure\/4-en-1-moniteur-de-plantes-bleutooth\/","schema":{"@context":"https:\/\/schema.org","@graph":[{"@type":"BreadcrumbList","@id":"https:\/\/www.plantcaretools.com\/fr\/produit\/instrumentss-de-mesure\/4-en-1-moniteur-de-plantes-bleutooth\/#breadcrumb","itemListElement":[{"@type":"ListItem","position":1,"name":"Home","item":"https:\/\/www.plantcaretools.com\/fr\/"},{"@type":"ListItem","position":2,"name":"Produits","item":"https:\/\/www.plantcaretools.com\/fr\/produits\/"},{"@type":"ListItem","position":3,"name":"4 en 1 moniteur de plantes Bleutooth"}]}]}},"jetpack_sharing_enabled":true,"_links":{"self":[{"href":"https:\/\/www.plantcaretools.com\/fr\/wp-json\/wp\/v2\/product\/6685","targetHints":{"allow":["GET"]}}],"collection":[{"href":"https:\/\/www.plantcaretools.com\/fr\/wp-json\/wp\/v2\/product"}],"about":[{"href":"https:\/\/www.plantcaretools.com\/fr\/wp-json\/wp\/v2\/types\/product"}],"replies":[{"embeddable":true,"href":"https:\/\/www.plantcaretools.com\/fr\/wp-json\/wp\/v2\/comments?post=6685"}],"wp:featuredmedia":[{"embeddable":true,"href":"https:\/\/www.plantcaretools.com\/fr\/wp-json\/wp\/v2\/media\/4419"}],"wp:attachment":[{"href":"https:\/\/www.plantcaretools.com\/fr\/wp-json\/wp\/v2\/media?parent=6685"}],"wp:term":[{"taxonomy":"product_brand","embeddable":true,"href":"https:\/\/www.plantcaretools.com\/fr\/wp-json\/wp\/v2\/product_brand?post=6685"},{"taxonomy":"product_cat","embeddable":true,"href":"https:\/\/www.plantcaretools.com\/fr\/wp-json\/wp\/v2\/product_cat?post=6685"},{"taxonomy":"product_tag","embeddable":true,"href":"https:\/\/www.plantcaretools.com\/fr\/wp-json\/wp\/v2\/product_tag?post=6685"}],"curies":[{"name":"wp","href":"https:\/\/api.w.org\/{rel}","templated":true}]}}