{"id":6734,"date":"2017-09-23T09:51:31","date_gmt":"2017-09-23T07:51:31","guid":{"rendered":"https:\/\/www.plantcaretools.com\/non%20class\u00e9\/plant-pulse-capteur-dhumidite\/"},"modified":"2024-01-19T21:02:11","modified_gmt":"2024-01-19T20:02:11","slug":"plant-pulse-capteur-dhumidite","status":"publish","type":"product","link":"https:\/\/www.plantcaretools.com\/fr\/produit\/instrumentss-de-mesure\/plant-pulse-capteur-dhumidite\/","title":{"rendered":"Plant Pulse capteur d\u2019humidit\u00e9"},"content":{"rendered":"<h2><strong>Ce Plant Pulse capteur d\u2019humidit\u00e9 vous avertit lorsque votre plante a besoin d\u2019\u00eatre arros\u00e9e<\/strong><\/h2>\n<p>Il n\u2019a jamais \u00e9t\u00e9 aussi facile de garder vos plantes (en pot) parfaitement arros\u00e9es. Ne gaspillez pas l\u2019eau! Le Plant Pulse capteur d\u2019humidit\u00e9 surveille en permanence le niveau d\u2019humidit\u00e9 de votre plante au niveau de la racine et vous informe en temps r\u00e9el si votre plante a besoin d\u2019eau. Une lumi\u00e8re LED brillante clignotera en rouge lorsque le sol doit \u00eatre arros\u00e9.<\/p>\n<p>Batteries incluses.<\/p>\n<h2><strong>Capteur d&#8217;humidit\u00e9 des plantes &#8211; surveille en permanence le niveau d&#8217;humidit\u00e9 du sol<\/strong><\/h2>\n<p>Il n\u2019a jamais \u00e9t\u00e9 aussi facile de garder vos plantes (en pot) parfaitement arros\u00e9es. Ne gaspillez pas l\u2019eau! La technologie innovante et \u00e9conome en \u00e9nergie de Plant Pulse surveille en permanence le niveau d\u2019humidit\u00e9 de votre plante au niveau de la racine et vous informe en temps r\u00e9el si votre plante a besoin d\u2019eau. Une lumi\u00e8re LED brillante clignotera en rouge lorsque le sol doit \u00eatre arros\u00e9.<\/p>\n<p>Gardez votre plante en bonne sant\u00e9 en l&#8217;arrosant lorsque le capteur clignote en rouge. Il clignotera plus longtemps quand le sol sera plus sec.<\/p>\n<p>Le capteur clignote deux fois lorsque les piles doivent \u00eatre remplac\u00e9es.<\/p>\n<p>Batteries incluses.<\/p>\n<p>Sur <a href=\"https:\/\/www.plantcaretools.com\/fr\/mesurer-le-niveau-dhumidite-du-sol\/\">cette page<\/a>, vous trouverez toutes les informations sur la mesure des niveaux d&#8217;humidit\u00e9 \u00e0 l&#8217;int\u00e9rieur et \u00e0 l&#8217;ext\u00e9rieur. Jetez \u00e9galement un coup d&#8217;\u0153il \u00e0 la <a href=\"https:\/\/www.plantcaretools.com\/fr\/arroser-les-plantes-faq\/\">page des questions<\/a> fr\u00e9quemment pos\u00e9es sur la mesure des niveaux d&#8217;humidit\u00e9 et l&#8217;arrosage des plantes en g\u00e9n\u00e9ral. Si vous avez d&#8217;autres questions sur ce produit, n&#8217;h\u00e9sitez pas \u00e0 contacter Plant Care Tools.<\/p>\n<p>&nbsp;<\/p>\n","protected":false},"excerpt":{"rendered":"<h2><strong>Ce capteur d&#8217;humidit\u00e9 vous avertit lorsque votre plante a besoin d&#8217;\u00eatre arros\u00e9e<\/strong><\/h2>\n<p>Il n\u2019a jamais \u00e9t\u00e9 aussi facile de garder vos plantes (en pot) parfaitement arros\u00e9es. Ne gaspillez pas l\u2019eau! Le Plant Pulse capteur d\u2019humidit\u00e9 surveille en permanence le niveau d\u2019humidit\u00e9 de votre plante au niveau de la racine et vous informe en temps r\u00e9el si votre plante a besoin d\u2019eau. Une lumi\u00e8re LED brillante clignotera en rouge lorsque le sol doit \u00eatre arros\u00e9.<\/p>\n<p>Batteries incluses.<\/p>\n","protected":false},"featured_media":4435,"comment_status":"open","ping_status":"closed","template":"","meta":{"_acf_changed":false},"product_brand":[],"product_cat":[115],"product_tag":[],"class_list":{"0":"post-6734","1":"product","2":"type-product","3":"status-publish","4":"has-post-thumbnail","6":"product_cat-instrumentss-de-mesure","8":"first","9":"instock","10":"featured","11":"taxable","12":"shipping-taxable","13":"purchasable","14":"product-type-simple"},"acf":[],"yoast_head":"<!-- This site is optimized with the Yoast SEO Premium plugin v26.1 (Yoast SEO v27.3) - https:\/\/yoast.com\/product\/yoast-seo-premium-wordpress\/ -->\n<title>Plant Pulse Capteur d\u2019Humidit\u00e9 - Plant Care Tools<\/title>\n<meta name=\"description\" content=\"Vous \u00eates avertis lorsque votre plante a besoin d\u2019eau. Gardez votre plante en bonne sant\u00e9 en l&#039;arrosant quand le Plant Pulse capteur d&#039;humidit\u00e9 clignote\" \/>\n<meta name=\"robots\" content=\"index, follow, max-snippet:-1, max-image-preview:large, max-video-preview:-1\" \/>\n<link rel=\"canonical\" href=\"https:\/\/www.plantcaretools.com\/fr\/produit\/instrumentss-de-mesure\/plant-pulse-capteur-dhumidite\/\" \/>\n<script type=\"application\/ld+json\" class=\"yoast-schema-graph\">{\"@context\":\"https:\\\/\\\/schema.org\",\"@graph\":[{\"@type\":\"BreadcrumbList\",\"@id\":\"https:\\\/\\\/www.plantcaretools.com\\\/fr\\\/produit\\\/instrumentss-de-mesure\\\/plant-pulse-capteur-dhumidite\\\/#breadcrumb\",\"itemListElement\":[{\"@type\":\"ListItem\",\"position\":1,\"name\":\"Home\",\"item\":\"https:\\\/\\\/www.plantcaretools.com\\\/fr\\\/\"},{\"@type\":\"ListItem\",\"position\":2,\"name\":\"Produits\",\"item\":\"https:\\\/\\\/www.plantcaretools.com\\\/fr\\\/produits\\\/\"},{\"@type\":\"ListItem\",\"position\":3,\"name\":\"Plant Pulse capteur d\u2019humidit\u00e9\"}]}]}<\/script>\n<!-- \/ Yoast SEO Premium plugin. -->","yoast_head_json":{"title":"Plant Pulse Capteur d\u2019Humidit\u00e9 - Plant Care Tools","description":"Vous \u00eates avertis lorsque votre plante a besoin d\u2019eau. Gardez votre plante en bonne sant\u00e9 en l'arrosant quand le Plant Pulse capteur d'humidit\u00e9 clignote","robots":{"index":"index","follow":"follow","max-snippet":"max-snippet:-1","max-image-preview":"max-image-preview:large","max-video-preview":"max-video-preview:-1"},"canonical":"https:\/\/www.plantcaretools.com\/fr\/produit\/instrumentss-de-mesure\/plant-pulse-capteur-dhumidite\/","schema":{"@context":"https:\/\/schema.org","@graph":[{"@type":"BreadcrumbList","@id":"https:\/\/www.plantcaretools.com\/fr\/produit\/instrumentss-de-mesure\/plant-pulse-capteur-dhumidite\/#breadcrumb","itemListElement":[{"@type":"ListItem","position":1,"name":"Home","item":"https:\/\/www.plantcaretools.com\/fr\/"},{"@type":"ListItem","position":2,"name":"Produits","item":"https:\/\/www.plantcaretools.com\/fr\/produits\/"},{"@type":"ListItem","position":3,"name":"Plant Pulse capteur d\u2019humidit\u00e9"}]}]}},"jetpack_sharing_enabled":true,"_links":{"self":[{"href":"https:\/\/www.plantcaretools.com\/fr\/wp-json\/wp\/v2\/product\/6734","targetHints":{"allow":["GET"]}}],"collection":[{"href":"https:\/\/www.plantcaretools.com\/fr\/wp-json\/wp\/v2\/product"}],"about":[{"href":"https:\/\/www.plantcaretools.com\/fr\/wp-json\/wp\/v2\/types\/product"}],"replies":[{"embeddable":true,"href":"https:\/\/www.plantcaretools.com\/fr\/wp-json\/wp\/v2\/comments?post=6734"}],"wp:featuredmedia":[{"embeddable":true,"href":"https:\/\/www.plantcaretools.com\/fr\/wp-json\/wp\/v2\/media\/4435"}],"wp:attachment":[{"href":"https:\/\/www.plantcaretools.com\/fr\/wp-json\/wp\/v2\/media?parent=6734"}],"wp:term":[{"taxonomy":"product_brand","embeddable":true,"href":"https:\/\/www.plantcaretools.com\/fr\/wp-json\/wp\/v2\/product_brand?post=6734"},{"taxonomy":"product_cat","embeddable":true,"href":"https:\/\/www.plantcaretools.com\/fr\/wp-json\/wp\/v2\/product_cat?post=6734"},{"taxonomy":"product_tag","embeddable":true,"href":"https:\/\/www.plantcaretools.com\/fr\/wp-json\/wp\/v2\/product_tag?post=6734"}],"curies":[{"name":"wp","href":"https:\/\/api.w.org\/{rel}","templated":true}]}}