{"id":6772,"date":"2017-09-06T16:48:58","date_gmt":"2017-09-06T14:48:58","guid":{"rendered":"https:\/\/www.plantcaretools.com\/non%20class\u00e9\/kit-danalyse-de-sol-npk-ph\/"},"modified":"2026-02-25T09:51:00","modified_gmt":"2026-02-25T08:51:00","slug":"kit-danalyse-de-sol-npk-ph","status":"publish","type":"product","link":"https:\/\/www.plantcaretools.com\/fr\/produit\/instrumentss-de-mesure\/kit-danalyse-de-sol-npk-ph\/","title":{"rendered":"Kit d&#8217;Analyse de Sol (N, P, K, pH) 80 Tests"},"content":{"rendered":"<h2><strong>Rapitech STK008 Kit d\u2019analyse de sol pour mesurer le pH, N, P et le K (80 tests)<\/strong><\/h2>\n<p>Testez votre sol pour un jardin sain! Pour tester le sol des plates-bandes o\u00f9 vous planterez des arbustes, des vivaces, des l\u00e9gumes ou des fruits, creusez 10 cm avec une truelle et pr\u00e9levez un petit \u00e9chantillon \u00e0 ce niveau. Pour les pelouses, les annuelles et les plantes d&#8217;int\u00e9rieur, pr\u00e9levez un \u00e9chantillon de 5 \u00e0 8 cm sous la surface du sol. Syst\u00e8me simple pour pr\u00e9parer vos \u00e9chantillons de sol. Comparez les r\u00e9sultats de vos tests de pH, N (Azote), P (Phosphore) et K (Potassium) individuellement avec le tableau de lecture des couleurs inclus. Le kit d\u2019analyse de sol contient 4x 20 tests. <strong>Manuel en Fran\u00e7ais et liste de pr\u00e9f\u00e9rences de pH inclus<\/strong>.<\/p>\n","protected":false},"excerpt":{"rendered":"<h2><strong>Rapitech STK008 Kit d\u2019analyse de sol pour mesurer le pH et le NPK (80 tests)<\/strong><\/h2>\n<p>Testez votre sol pour un jardin sain! Pour tester le sol des plates-bandes o\u00f9 vous planterez des arbustes, des vivaces, des l\u00e9gumes ou des fruits, creusez 10 cm avec une truelle et pr\u00e9levez un petit \u00e9chantillon \u00e0 ce niveau. Pour les pelouses, les annuelles et les plantes d&#8217;int\u00e9rieur, pr\u00e9levez un \u00e9chantillon de 5 \u00e0 8 cm sous la surface du sol. Syst\u00e8me simple pour pr\u00e9parer vos \u00e9chantillons de sol. Comparez les r\u00e9sultats de vos tests de pH, N (Azote), P (Phosphore) et K (Potassium) individuellement avec le tableau de lecture des couleurs inclus. Au total 4X 20 tests. <strong>Manuel en Fran\u00e7ais et liste de pr\u00e9f\u00e9rences de pH inclus<\/strong>.<\/p>\n","protected":false},"featured_media":6773,"comment_status":"open","ping_status":"closed","template":"","meta":{"_acf_changed":false},"product_brand":[],"product_cat":[115,149],"product_tag":[],"class_list":{"0":"post-6772","1":"product","2":"type-product","3":"status-publish","4":"has-post-thumbnail","6":"product_cat-instrumentss-de-mesure","7":"product_cat-utilisateurs-professionnels","9":"first","10":"instock","11":"taxable","12":"shipping-taxable","13":"purchasable","14":"product-type-simple"},"acf":[],"yoast_head":"<!-- This site is optimized with the Yoast SEO Premium plugin v26.1 (Yoast SEO v27.3) - https:\/\/yoast.com\/product\/yoast-seo-premium-wordpress\/ -->\n<title>Kit d\u2019analyse de sol - Rapitech STK008 - Plant Care Tools<\/title>\n<meta name=\"description\" content=\"Ce kit d&#039;analyse de sol Rapitech est con\u00e7u pour une simplicit\u00e9 d&#039;utilisation. Mesurez le pH, l&#039;azote, le phosphore et la potasse, 80 tests\" \/>\n<meta name=\"robots\" content=\"index, follow, max-snippet:-1, max-image-preview:large, max-video-preview:-1\" \/>\n<link rel=\"canonical\" href=\"https:\/\/www.plantcaretools.com\/fr\/produit\/instrumentss-de-mesure\/kit-danalyse-de-sol-npk-ph\/\" \/>\n<script type=\"application\/ld+json\" class=\"yoast-schema-graph\">{\"@context\":\"https:\\\/\\\/schema.org\",\"@graph\":[{\"@type\":\"BreadcrumbList\",\"@id\":\"https:\\\/\\\/www.plantcaretools.com\\\/fr\\\/produit\\\/instrumentss-de-mesure\\\/kit-danalyse-de-sol-npk-ph\\\/#breadcrumb\",\"itemListElement\":[{\"@type\":\"ListItem\",\"position\":1,\"name\":\"Home\",\"item\":\"https:\\\/\\\/www.plantcaretools.com\\\/fr\\\/\"},{\"@type\":\"ListItem\",\"position\":2,\"name\":\"Produits\",\"item\":\"https:\\\/\\\/www.plantcaretools.com\\\/fr\\\/produits\\\/\"},{\"@type\":\"ListItem\",\"position\":3,\"name\":\"Kit d&#8217;Analyse de Sol (N, P, K, pH) 80 Tests\"}]}]}<\/script>\n<!-- \/ Yoast SEO Premium plugin. -->","yoast_head_json":{"title":"Kit d\u2019analyse de sol - Rapitech STK008 - Plant Care Tools","description":"Ce kit d'analyse de sol Rapitech est con\u00e7u pour une simplicit\u00e9 d'utilisation. Mesurez le pH, l'azote, le phosphore et la potasse, 80 tests","robots":{"index":"index","follow":"follow","max-snippet":"max-snippet:-1","max-image-preview":"max-image-preview:large","max-video-preview":"max-video-preview:-1"},"canonical":"https:\/\/www.plantcaretools.com\/fr\/produit\/instrumentss-de-mesure\/kit-danalyse-de-sol-npk-ph\/","schema":{"@context":"https:\/\/schema.org","@graph":[{"@type":"BreadcrumbList","@id":"https:\/\/www.plantcaretools.com\/fr\/produit\/instrumentss-de-mesure\/kit-danalyse-de-sol-npk-ph\/#breadcrumb","itemListElement":[{"@type":"ListItem","position":1,"name":"Home","item":"https:\/\/www.plantcaretools.com\/fr\/"},{"@type":"ListItem","position":2,"name":"Produits","item":"https:\/\/www.plantcaretools.com\/fr\/produits\/"},{"@type":"ListItem","position":3,"name":"Kit d&#8217;Analyse de Sol (N, P, K, pH) 80 Tests"}]}]}},"jetpack_sharing_enabled":true,"_links":{"self":[{"href":"https:\/\/www.plantcaretools.com\/fr\/wp-json\/wp\/v2\/product\/6772","targetHints":{"allow":["GET"]}}],"collection":[{"href":"https:\/\/www.plantcaretools.com\/fr\/wp-json\/wp\/v2\/product"}],"about":[{"href":"https:\/\/www.plantcaretools.com\/fr\/wp-json\/wp\/v2\/types\/product"}],"replies":[{"embeddable":true,"href":"https:\/\/www.plantcaretools.com\/fr\/wp-json\/wp\/v2\/comments?post=6772"}],"wp:featuredmedia":[{"embeddable":true,"href":"https:\/\/www.plantcaretools.com\/fr\/wp-json\/wp\/v2\/media\/6773"}],"wp:attachment":[{"href":"https:\/\/www.plantcaretools.com\/fr\/wp-json\/wp\/v2\/media?parent=6772"}],"wp:term":[{"taxonomy":"product_brand","embeddable":true,"href":"https:\/\/www.plantcaretools.com\/fr\/wp-json\/wp\/v2\/product_brand?post=6772"},{"taxonomy":"product_cat","embeddable":true,"href":"https:\/\/www.plantcaretools.com\/fr\/wp-json\/wp\/v2\/product_cat?post=6772"},{"taxonomy":"product_tag","embeddable":true,"href":"https:\/\/www.plantcaretools.com\/fr\/wp-json\/wp\/v2\/product_tag?post=6772"}],"curies":[{"name":"wp","href":"https:\/\/api.w.org\/{rel}","templated":true}]}}