{"id":6785,"date":"2017-09-06T16:53:10","date_gmt":"2017-09-06T14:53:10","guid":{"rendered":"https:\/\/www.plantcaretools.com\/non%20class\u00e9\/analyseur-sol-fertilisation-ph-temp\/"},"modified":"2026-03-15T16:39:37","modified_gmt":"2026-03-15T15:39:37","slug":"analyseur-sol-fertilisation-ph-temp","status":"publish","type":"product","link":"https:\/\/www.plantcaretools.com\/fr\/produit\/instrumentss-de-mesure\/analyseur-sol-fertilisation-ph-temp\/","title":{"rendered":"Analyseur de sol (fertilisation, pH, temp.)"},"content":{"rendered":"<h2><strong>Rapitest 1835 \u2013 Analyseur de sol num\u00e9rique pour mesurer directement dans le sol le pH, fertilit\u00e9 et temp\u00e9rature<\/strong><\/h2>\n<p>Cet analyseur num\u00e9rique de sol offre aux jardiniers la possibilit\u00e9 de tester rapidement et facilement le\u00a0<strong>pH<\/strong>, la\u00a0<strong>temp\u00e9rature<\/strong>\u00a0et la\u00a0<strong>fertilit\u00e9 du sol<\/strong>. L\u2019analyseur \u00e0 3 voies est une m\u00e9thode pratique et sans probl\u00e8me pour effectuer des tests directement dans le sol.<\/p>\n<p>Les informations sur l&#8217;emballage sont incorrectes : <strong>les piles du compteur ne sont pas incluses<\/strong>. 3 piles de type LR44 doivent \u00eatre install\u00e9es avec le p\u00f4le + visible en haut.<\/p>\n<h2><strong>Lusterleaf Rapitest 1835 testeur num\u00e9rique \u00e0 3 voies (pH, fertilisation, temp\u00e9rature du sol)<\/strong><\/h2>\n<p>Ce testeur num\u00e9rique offre aux jardiniers la possibilit\u00e9 de tester rapidement et facilement le pH, la temp\u00e9rature et la fertilit\u00e9 du sol. L&#8217;analyseur \u00e0 3 voies est une m\u00e9thode pratique et sans probl\u00e8me pour effectuer des tests directement dans le sol. Il fournit aux jardiniers les informations dont ils ont besoin pour une croissance optimale des plantes. Prenez et \u00e9liminez les incertitudes du jardinage! Le testeur \u00e0 3 voies combine les fonctions les plus importantes n\u00e9cessaires pour tester le sol. La fonction pH lit l&#8217;acidit\u00e9 \/ l&#8217;alcalinit\u00e9 du sol. La fonction de temp\u00e9rature permet au jardinier de savoir quand le sol a la temp\u00e9rature id\u00e9ale pour la plantation. La fonction de fertilit\u00e9 lit les niveaux combin\u00e9s d&#8217;azote, de phosphore et de potasse afin de d\u00e9terminer la sant\u00e9 des \u00e9l\u00e9ments nutritifs du sol.<\/p>\n","protected":false},"excerpt":{"rendered":"<h2><strong>Rapitest 1835 &#8211; Analyseur de sol num\u00e9rique pour mesurer directement dans le sol le pH, fertilit\u00e9 et temp\u00e9rature<\/strong><\/h2>\n<p>Cet analyseur num\u00e9rique de sol offre aux jardiniers la possibilit\u00e9 de tester rapidement et facilement le <strong>pH<\/strong>, la <strong>temp\u00e9rature<\/strong> et la <strong>fertilit\u00e9 du sol<\/strong>. L&#8217;analyseur \u00e0 3 voies est une m\u00e9thode pratique et sans probl\u00e8me pour effectuer des tests directement dans le sol.<\/p>\n<p>Les informations sur l&#8217;emballage sont incorrectes : <strong>les piles du compteur ne sont pas incluses<\/strong>. 3 piles de type LR44 doivent \u00eatre install\u00e9es avec le p\u00f4le + visible en haut.<\/p>\n","protected":false},"featured_media":4431,"comment_status":"open","ping_status":"closed","template":"","meta":{"_acf_changed":false},"product_brand":[],"product_cat":[115],"product_tag":[],"class_list":{"0":"post-6785","1":"product","2":"type-product","3":"status-publish","4":"has-post-thumbnail","6":"product_cat-instrumentss-de-mesure","8":"first","9":"instock","10":"taxable","11":"shipping-taxable","12":"purchasable","13":"product-type-simple"},"acf":[],"yoast_head":"<!-- This site is optimized with the Yoast SEO Premium plugin v26.1 (Yoast SEO v27.3) - https:\/\/yoast.com\/product\/yoast-seo-premium-wordpress\/ -->\n<title>Analyseur de sol - Rapitest 1835 - Plant Care Tools<\/title>\n<meta name=\"description\" content=\"L&#039;analyseur de sol Rapitest 1835 offre aux jardiniers la possibilit\u00e9 de tester rapidement le pH, la temp\u00e9rature et la fertilit\u00e9 du sol.\" \/>\n<meta name=\"robots\" content=\"index, follow, max-snippet:-1, max-image-preview:large, max-video-preview:-1\" \/>\n<link rel=\"canonical\" href=\"https:\/\/www.plantcaretools.com\/fr\/produit\/instrumentss-de-mesure\/analyseur-sol-fertilisation-ph-temp\/\" \/>\n<script type=\"application\/ld+json\" class=\"yoast-schema-graph\">{\"@context\":\"https:\\\/\\\/schema.org\",\"@graph\":[{\"@type\":\"BreadcrumbList\",\"@id\":\"https:\\\/\\\/www.plantcaretools.com\\\/fr\\\/produit\\\/instrumentss-de-mesure\\\/analyseur-sol-fertilisation-ph-temp\\\/#breadcrumb\",\"itemListElement\":[{\"@type\":\"ListItem\",\"position\":1,\"name\":\"Home\",\"item\":\"https:\\\/\\\/www.plantcaretools.com\\\/fr\\\/\"},{\"@type\":\"ListItem\",\"position\":2,\"name\":\"Produits\",\"item\":\"https:\\\/\\\/www.plantcaretools.com\\\/fr\\\/produits\\\/\"},{\"@type\":\"ListItem\",\"position\":3,\"name\":\"Analyseur de sol (fertilisation, pH, temp.)\"}]}]}<\/script>\n<!-- \/ Yoast SEO Premium plugin. -->","yoast_head_json":{"title":"Analyseur de sol - Rapitest 1835 - Plant Care Tools","description":"L'analyseur de sol Rapitest 1835 offre aux jardiniers la possibilit\u00e9 de tester rapidement le pH, la temp\u00e9rature et la fertilit\u00e9 du sol.","robots":{"index":"index","follow":"follow","max-snippet":"max-snippet:-1","max-image-preview":"max-image-preview:large","max-video-preview":"max-video-preview:-1"},"canonical":"https:\/\/www.plantcaretools.com\/fr\/produit\/instrumentss-de-mesure\/analyseur-sol-fertilisation-ph-temp\/","schema":{"@context":"https:\/\/schema.org","@graph":[{"@type":"BreadcrumbList","@id":"https:\/\/www.plantcaretools.com\/fr\/produit\/instrumentss-de-mesure\/analyseur-sol-fertilisation-ph-temp\/#breadcrumb","itemListElement":[{"@type":"ListItem","position":1,"name":"Home","item":"https:\/\/www.plantcaretools.com\/fr\/"},{"@type":"ListItem","position":2,"name":"Produits","item":"https:\/\/www.plantcaretools.com\/fr\/produits\/"},{"@type":"ListItem","position":3,"name":"Analyseur de sol (fertilisation, pH, temp.)"}]}]}},"jetpack_sharing_enabled":true,"_links":{"self":[{"href":"https:\/\/www.plantcaretools.com\/fr\/wp-json\/wp\/v2\/product\/6785","targetHints":{"allow":["GET"]}}],"collection":[{"href":"https:\/\/www.plantcaretools.com\/fr\/wp-json\/wp\/v2\/product"}],"about":[{"href":"https:\/\/www.plantcaretools.com\/fr\/wp-json\/wp\/v2\/types\/product"}],"replies":[{"embeddable":true,"href":"https:\/\/www.plantcaretools.com\/fr\/wp-json\/wp\/v2\/comments?post=6785"}],"wp:featuredmedia":[{"embeddable":true,"href":"https:\/\/www.plantcaretools.com\/fr\/wp-json\/wp\/v2\/media\/4431"}],"wp:attachment":[{"href":"https:\/\/www.plantcaretools.com\/fr\/wp-json\/wp\/v2\/media?parent=6785"}],"wp:term":[{"taxonomy":"product_brand","embeddable":true,"href":"https:\/\/www.plantcaretools.com\/fr\/wp-json\/wp\/v2\/product_brand?post=6785"},{"taxonomy":"product_cat","embeddable":true,"href":"https:\/\/www.plantcaretools.com\/fr\/wp-json\/wp\/v2\/product_cat?post=6785"},{"taxonomy":"product_tag","embeddable":true,"href":"https:\/\/www.plantcaretools.com\/fr\/wp-json\/wp\/v2\/product_tag?post=6785"}],"curies":[{"name":"wp","href":"https:\/\/api.w.org\/{rel}","templated":true}]}}