{"id":6816,"date":"2017-09-23T10:12:09","date_gmt":"2017-09-23T08:12:09","guid":{"rendered":"https:\/\/www.plantcaretools.com\/non%20class\u00e9\/testeur-de-sol-ph-avec-tige-longue\/"},"modified":"2025-09-19T11:42:49","modified_gmt":"2025-09-19T09:42:49","slug":"testeur-de-sol-ph-avec-tige-longue","status":"publish","type":"product","link":"https:\/\/www.plantcaretools.com\/fr\/produit\/instrumentss-de-mesure\/testeur-de-sol-ph-avec-tige-longue\/","title":{"rendered":"pH\/Humidim\u00e8tre Pro (Tige longue)"},"content":{"rendered":"<h2><strong>Ce testeur pH\/humidit\u00e9 de sol avec sonde longue est utilis\u00e9 dans les jardins, les pelouses et les grands r\u00e9cipients<\/strong><\/h2>\n<p>Pour mesurer le pH et la valeur d&#8217;humidit\u00e9 de diff\u00e9rents types de sol. Ce testeur de sol pH est dot\u00e9 d&#8217;une longue sonde (30 cm), tr\u00e8s adapt\u00e9e aux grandes plantes en conteneur !<\/p>\n<p><strong>Plage:<\/strong><br \/>\npH = 3-8 pH; Humidit\u00e9: 10%-80%.<\/p>\n<h2><strong>Ce mesureur avec sonde longue est utilis\u00e9 dans les jardins, les pelouses et les grands r\u00e9cipients<\/strong><\/h2>\n<p><strong>Remarques:<\/strong><br \/>\nLe pH du sol est un facteur tr\u00e8s important dans la production de cultures de qualit\u00e9. La plupart des cultures ne peuvent pas survivre dans un sol trop acide ou trop alcalin. Par cons\u00e9quent, la lecture correcte du pH est essentielle pour obtenir un r\u00e9sultat optimal. Ceci est possible avec ce testeur de sol pH \u00e0 sonde longue.<br \/>\n<strong>Usage:<\/strong><br \/>\nMesurer le pH et la valeur d&#8217;humidit\u00e9 de diff\u00e9rents types de sol. Il a une longue sonde (30cm), tr\u00e8s appropri\u00e9 pour les grandes plantes en conteneur!<br \/>\n<strong>Plage:<\/strong><br \/>\npH = 3-8 pH; Humidit\u00e9: 10% \u00e0 80%.<br \/>\n<strong>Pr\u00e9cision:<\/strong><br \/>\n\u00b1 0,2 pH &#8211; convient aux exp\u00e9riences en milieu agricole et en classe.<br \/>\n<strong>Temp\u00e9rature de fonctionnement:<\/strong><br \/>\n5\u00b0 &#8211; 50\u00b0C (41 &#8211; 122 degr\u00e9s Fahrenheit)<br \/>\n<strong>Calibrage:<\/strong><br \/>\n\u00c9liminer l&#8217;oxydation des bagues m\u00e9talliques par un l\u00e9ger polissage.<\/p>\n","protected":false},"excerpt":{"rendered":"<h2><strong>Ce testeur pH\/humidit\u00e9 de sol avec sonde longue est utilis\u00e9 dans les jardins, les pelouses et les grands r\u00e9cipients<\/strong><\/h2>\n<p>Pour mesurer le pH et la valeur d\u2019humidit\u00e9 de diff\u00e9rents types de sol. Ce testeur de sol pH est dot\u00e9 d\u2019une longue sonde (30 cm), tr\u00e8s adapt\u00e9e aux grandes plantes en conteneur !<\/p>\n<p><strong>Plage: <\/strong><br \/>\npH = 3-8 pH; Humidit\u00e9: 10%-80%.<\/p>\n","protected":false},"featured_media":19078,"comment_status":"open","ping_status":"closed","template":"","meta":{"_acf_changed":false},"product_brand":[],"product_cat":[115,149],"product_tag":[],"class_list":{"0":"post-6816","1":"product","2":"type-product","3":"status-publish","4":"has-post-thumbnail","6":"product_cat-instrumentss-de-mesure","7":"product_cat-utilisateurs-professionnels","9":"first","10":"onbackorder","11":"taxable","12":"shipping-taxable","13":"purchasable","14":"product-type-simple"},"acf":[],"yoast_head":"<!-- This site is optimized with the Yoast SEO Premium plugin v26.1 (Yoast SEO v27.3) - https:\/\/yoast.com\/product\/yoast-seo-premium-wordpress\/ -->\n<title>Testeur de sol pH - Tige Longue - Plant Care Tools<\/title>\n<meta name=\"description\" content=\"Ce testeur de sol pH est utilis\u00e9 pour mesurer le pH et la valeur d&#039;humidit\u00e9. Il a une longue sonde (30cm), adapt\u00e9e aux grandes plantes en conteneur!\" \/>\n<meta name=\"robots\" content=\"index, follow, max-snippet:-1, max-image-preview:large, max-video-preview:-1\" \/>\n<link rel=\"canonical\" href=\"https:\/\/www.plantcaretools.com\/fr\/produit\/instrumentss-de-mesure\/testeur-de-sol-ph-avec-tige-longue\/\" \/>\n<script type=\"application\/ld+json\" class=\"yoast-schema-graph\">{\"@context\":\"https:\\\/\\\/schema.org\",\"@graph\":[{\"@type\":\"BreadcrumbList\",\"@id\":\"https:\\\/\\\/www.plantcaretools.com\\\/fr\\\/produit\\\/instrumentss-de-mesure\\\/testeur-de-sol-ph-avec-tige-longue\\\/#breadcrumb\",\"itemListElement\":[{\"@type\":\"ListItem\",\"position\":1,\"name\":\"Home\",\"item\":\"https:\\\/\\\/www.plantcaretools.com\\\/fr\\\/\"},{\"@type\":\"ListItem\",\"position\":2,\"name\":\"Produits\",\"item\":\"https:\\\/\\\/www.plantcaretools.com\\\/fr\\\/produits\\\/\"},{\"@type\":\"ListItem\",\"position\":3,\"name\":\"pH\\\/Humidim\u00e8tre Pro (Tige longue)\"}]}]}<\/script>\n<!-- \/ Yoast SEO Premium plugin. -->","yoast_head_json":{"title":"Testeur de sol pH - Tige Longue - Plant Care Tools","description":"Ce testeur de sol pH est utilis\u00e9 pour mesurer le pH et la valeur d'humidit\u00e9. Il a une longue sonde (30cm), adapt\u00e9e aux grandes plantes en conteneur!","robots":{"index":"index","follow":"follow","max-snippet":"max-snippet:-1","max-image-preview":"max-image-preview:large","max-video-preview":"max-video-preview:-1"},"canonical":"https:\/\/www.plantcaretools.com\/fr\/produit\/instrumentss-de-mesure\/testeur-de-sol-ph-avec-tige-longue\/","schema":{"@context":"https:\/\/schema.org","@graph":[{"@type":"BreadcrumbList","@id":"https:\/\/www.plantcaretools.com\/fr\/produit\/instrumentss-de-mesure\/testeur-de-sol-ph-avec-tige-longue\/#breadcrumb","itemListElement":[{"@type":"ListItem","position":1,"name":"Home","item":"https:\/\/www.plantcaretools.com\/fr\/"},{"@type":"ListItem","position":2,"name":"Produits","item":"https:\/\/www.plantcaretools.com\/fr\/produits\/"},{"@type":"ListItem","position":3,"name":"pH\/Humidim\u00e8tre Pro (Tige longue)"}]}]}},"jetpack_sharing_enabled":true,"_links":{"self":[{"href":"https:\/\/www.plantcaretools.com\/fr\/wp-json\/wp\/v2\/product\/6816","targetHints":{"allow":["GET"]}}],"collection":[{"href":"https:\/\/www.plantcaretools.com\/fr\/wp-json\/wp\/v2\/product"}],"about":[{"href":"https:\/\/www.plantcaretools.com\/fr\/wp-json\/wp\/v2\/types\/product"}],"replies":[{"embeddable":true,"href":"https:\/\/www.plantcaretools.com\/fr\/wp-json\/wp\/v2\/comments?post=6816"}],"wp:featuredmedia":[{"embeddable":true,"href":"https:\/\/www.plantcaretools.com\/fr\/wp-json\/wp\/v2\/media\/19078"}],"wp:attachment":[{"href":"https:\/\/www.plantcaretools.com\/fr\/wp-json\/wp\/v2\/media?parent=6816"}],"wp:term":[{"taxonomy":"product_brand","embeddable":true,"href":"https:\/\/www.plantcaretools.com\/fr\/wp-json\/wp\/v2\/product_brand?post=6816"},{"taxonomy":"product_cat","embeddable":true,"href":"https:\/\/www.plantcaretools.com\/fr\/wp-json\/wp\/v2\/product_cat?post=6816"},{"taxonomy":"product_tag","embeddable":true,"href":"https:\/\/www.plantcaretools.com\/fr\/wp-json\/wp\/v2\/product_tag?post=6816"}],"curies":[{"name":"wp","href":"https:\/\/api.w.org\/{rel}","templated":true}]}}