{"id":6899,"date":"2018-12-23T17:42:09","date_gmt":"2018-12-23T16:42:09","guid":{"rendered":"https:\/\/www.plantcaretools.com\/non%20class\u00e9\/indicateur-dhumidite-2x16cm\/"},"modified":"2024-02-23T12:34:05","modified_gmt":"2024-02-23T11:34:05","slug":"indicateur-dhumidite-2x16cm","status":"publish","type":"product","link":"https:\/\/www.plantcaretools.com\/fr\/produit\/instrumentss-de-mesure\/indicateur-dhumidite-2x16cm\/","title":{"rendered":"Indicateur d\u2019humidit\u00e9 2x16cm"},"content":{"rendered":"<h2><strong>L\u2019indicateur d\u2019humidit\u00e9 2x16cm Seramis vous avertit lorsque vous devez arroser votre plante d\u2019int\u00e9rieur<\/strong><\/h2>\n<p>Testeur d\u2019humidit\u00e9 facile \u00e0 utiliser, vous avertit en changeant la couleur de l\u2019affichage du bleu au rouge. L\u2019indicateur d\u2019humidit\u00e9 2 x 16cm est \u00e9galement disponible en 2 x 26cm.<\/p>\n<h2><strong>Testeur d&#8217;humidit\u00e9 Seramis avec indication de couleur pour l&#8217;humidit\u00e9 du sol<\/strong><\/h2>\n<p>Le testeur Seramis vous avertit lorsque vous devez arroser votre plante. Il reste en permanence dans le sol de votre plante en pot. La couleur de l&#8217;affichage passe du bleu au rouge si un arrosage est n\u00e9cessaire.<\/p>\n<p>Disponible en deux tailles (16 cm et 26 cm). Si la hauteur de votre pot ou conteneur est inf\u00e9rieure \u00e0 25 cm, nous vous recommandons la version courte (16 cm). Pour les pots et conteneurs plus hauts, nous vous conseillons d\u2019acheter la version longue (26 cm). Le testeur a une dur\u00e9e de vie d&#8217;environ un an.<\/p>\n<p>Sur <a href=\"https:\/\/www.plantcaretools.com\/fr\/mesurer-le-niveau-dhumidite-du-sol\/\">cette page<\/a>, vous trouverez toutes les informations dont vous avez besoin pour mesurer le taux d&#8217;humidit\u00e9. Consultez \u00e9galement la <a href=\"https:\/\/www.plantcaretools.com\/fr\/arroser-les-plantes-faq\/\">page des questions<\/a> fr\u00e9quemment pos\u00e9es sur les niveaux d&#8217;humidit\u00e9 et l&#8217;arrosage des plantes en g\u00e9n\u00e9ral.<\/p>\n","protected":false},"excerpt":{"rendered":"<h2><strong>L&#8217;indicateur d&#8217;humidit\u00e9 Seramis 2x16cm vous avertit lorsque vous devez arroser votre plante d&#8217;int\u00e9rieur<\/strong><\/h2>\n<p>Testeur d&#8217;humidit\u00e9 facile \u00e0 utiliser, vous avertit en changeant la couleur de l&#8217;affichage du bleu au rouge.<\/p>\n<p>L&#8217;indicateur d&#8217;humidit\u00e9 2x16cm est \u00e9galement disponible en 2x26cm.<\/p>\n","protected":false},"featured_media":4515,"comment_status":"open","ping_status":"closed","template":"","meta":{"_acf_changed":false},"product_brand":[],"product_cat":[115],"product_tag":[],"class_list":{"0":"post-6899","1":"product","2":"type-product","3":"status-publish","4":"has-post-thumbnail","6":"product_cat-instrumentss-de-mesure","8":"first","9":"instock","10":"taxable","11":"shipping-taxable","12":"purchasable","13":"product-type-simple"},"acf":[],"yoast_head":"<!-- This site is optimized with the Yoast SEO Premium plugin v26.1 (Yoast SEO v27.3) - https:\/\/yoast.com\/product\/yoast-seo-premium-wordpress\/ -->\n<title>Indicateur d\u2019humidit\u00e9 2x16cm - Seramis - Plant Care Tools<\/title>\n<meta name=\"description\" content=\"Indicateur d&#039;humidit\u00e9 2x16cm facile \u00e0 utiliser, vous avertit lorsque vous devez arroser votre plante en changeant la couleur du bleu au rouge\" \/>\n<meta name=\"robots\" content=\"index, follow, max-snippet:-1, max-image-preview:large, max-video-preview:-1\" \/>\n<link rel=\"canonical\" href=\"https:\/\/www.plantcaretools.com\/fr\/produit\/instrumentss-de-mesure\/indicateur-dhumidite-2x16cm\/\" \/>\n<script type=\"application\/ld+json\" class=\"yoast-schema-graph\">{\"@context\":\"https:\\\/\\\/schema.org\",\"@graph\":[{\"@type\":\"BreadcrumbList\",\"@id\":\"https:\\\/\\\/www.plantcaretools.com\\\/fr\\\/produit\\\/instrumentss-de-mesure\\\/indicateur-dhumidite-2x16cm\\\/#breadcrumb\",\"itemListElement\":[{\"@type\":\"ListItem\",\"position\":1,\"name\":\"Home\",\"item\":\"https:\\\/\\\/www.plantcaretools.com\\\/fr\\\/\"},{\"@type\":\"ListItem\",\"position\":2,\"name\":\"Produits\",\"item\":\"https:\\\/\\\/www.plantcaretools.com\\\/fr\\\/produits\\\/\"},{\"@type\":\"ListItem\",\"position\":3,\"name\":\"Indicateur d\u2019humidit\u00e9 2x16cm\"}]}]}<\/script>\n<!-- \/ Yoast SEO Premium plugin. -->","yoast_head_json":{"title":"Indicateur d\u2019humidit\u00e9 2x16cm - Seramis - Plant Care Tools","description":"Indicateur d'humidit\u00e9 2x16cm facile \u00e0 utiliser, vous avertit lorsque vous devez arroser votre plante en changeant la couleur du bleu au rouge","robots":{"index":"index","follow":"follow","max-snippet":"max-snippet:-1","max-image-preview":"max-image-preview:large","max-video-preview":"max-video-preview:-1"},"canonical":"https:\/\/www.plantcaretools.com\/fr\/produit\/instrumentss-de-mesure\/indicateur-dhumidite-2x16cm\/","schema":{"@context":"https:\/\/schema.org","@graph":[{"@type":"BreadcrumbList","@id":"https:\/\/www.plantcaretools.com\/fr\/produit\/instrumentss-de-mesure\/indicateur-dhumidite-2x16cm\/#breadcrumb","itemListElement":[{"@type":"ListItem","position":1,"name":"Home","item":"https:\/\/www.plantcaretools.com\/fr\/"},{"@type":"ListItem","position":2,"name":"Produits","item":"https:\/\/www.plantcaretools.com\/fr\/produits\/"},{"@type":"ListItem","position":3,"name":"Indicateur d\u2019humidit\u00e9 2x16cm"}]}]}},"jetpack_sharing_enabled":true,"_links":{"self":[{"href":"https:\/\/www.plantcaretools.com\/fr\/wp-json\/wp\/v2\/product\/6899","targetHints":{"allow":["GET"]}}],"collection":[{"href":"https:\/\/www.plantcaretools.com\/fr\/wp-json\/wp\/v2\/product"}],"about":[{"href":"https:\/\/www.plantcaretools.com\/fr\/wp-json\/wp\/v2\/types\/product"}],"replies":[{"embeddable":true,"href":"https:\/\/www.plantcaretools.com\/fr\/wp-json\/wp\/v2\/comments?post=6899"}],"wp:featuredmedia":[{"embeddable":true,"href":"https:\/\/www.plantcaretools.com\/fr\/wp-json\/wp\/v2\/media\/4515"}],"wp:attachment":[{"href":"https:\/\/www.plantcaretools.com\/fr\/wp-json\/wp\/v2\/media?parent=6899"}],"wp:term":[{"taxonomy":"product_brand","embeddable":true,"href":"https:\/\/www.plantcaretools.com\/fr\/wp-json\/wp\/v2\/product_brand?post=6899"},{"taxonomy":"product_cat","embeddable":true,"href":"https:\/\/www.plantcaretools.com\/fr\/wp-json\/wp\/v2\/product_cat?post=6899"},{"taxonomy":"product_tag","embeddable":true,"href":"https:\/\/www.plantcaretools.com\/fr\/wp-json\/wp\/v2\/product_tag?post=6899"}],"curies":[{"name":"wp","href":"https:\/\/api.w.org\/{rel}","templated":true}]}}