{"id":6901,"date":"2019-03-15T11:09:31","date_gmt":"2019-03-15T10:09:31","guid":{"rendered":"https:\/\/www.plantcaretools.com\/non%20class\u00e9\/humidimetre-numerique\/"},"modified":"2024-09-12T17:12:05","modified_gmt":"2024-09-12T15:12:05","slug":"humidimetre-numerique","status":"publish","type":"product","link":"https:\/\/www.plantcaretools.com\/fr\/produit\/instrumentss-de-mesure\/humidimetre-numerique\/","title":{"rendered":"Humidim\u00e8tre Num\u00e9rique"},"content":{"rendered":"<h2><strong>Rapitest 1825 Humidim\u00e8tre Num\u00e9rique<\/strong><\/h2>\n<p>Avec cet humidim\u00e8tre num\u00e9rique, vous pouvez mesurer rapidement et facilement la teneur en humidit\u00e9 du sol. Appuyez sur le bouton et placez la sonde dans le sol proche de la plante. L\u2019affichage num\u00e9rique de l\u2019ecran indiquera une valeur entre 1,0 (tr\u00e8s sec) et 9,9 (tr\u00e8s humide).<\/p>\n<p><span class=\"jCAhz ChMk0b\"><span class=\"ryNqvb\">Les informations sur l&#8217;emballage sont incorrectes : les piles du testeur <strong>ne sont pas incluses<\/strong>.<\/span><\/span> <span class=\"jCAhz ChMk0b\"><span class=\"ryNqvb\">3 piles de type LR44 doivent \u00eatre install\u00e9es avec le p\u00f4le + visible en haut.<\/span><\/span><\/p>\n<h2><strong>Lusterleaf Rapitest 1825 Humidim\u00e8tre<\/strong><\/h2>\n<p>Cette conception mise \u00e0 jour \u00e9l\u00e9gante offre un format num\u00e9rique instantan\u00e9 et facile \u00e0 lire. Il v\u00e9rifie l&#8217;humidit\u00e9 du sol l\u00e0 o\u00f9 \u00e7a compte: au niveau de la racine. Surveiller le niveau d&#8217;humidit\u00e9 du sol d&#8217;une plante aide \u00e0 pr\u00e9venir les arrosages excessifs et \/ ou insuffisants. Les chiffres de 1,0 \u00e0 9,9 signifient une humidit\u00e9 croissante et les plantes ne peuvent tol\u00e9rer aucune de ces extr\u00eames pendant longtemps. Les niveaux optimaux d&#8217;humidit\u00e9 du sol de vos plantes sont class\u00e9s par ordre alphab\u00e9tique (en am\u00e9ricain) dans le tableau fourni avec le produit. La plupart des plantes vont bien avec un niveau compris entre 4,0 et 7,0<\/p>\n<p>Les piles sont incluses.<\/p>\n<p>Pour en savoir plus sur la mesure de l&#8217;humidit\u00e9 du sol pour les plantes d&#8217;int\u00e9rieur, consultez <a href=\"https:\/\/www.plantcaretools.com\/fr\/mesurer-le-niveau-dhumidite-du-sol\/\">cette page<\/a> et les questions les plus fr\u00e9quemment pos\u00e9es sur l&#8217;arrosage des plantes, sur <a href=\"https:\/\/www.plantcaretools.com\/fr\/arroser-les-plantes-faq\/\">cette page<\/a>.<\/p>\n","protected":false},"excerpt":{"rendered":"<h2><strong>Rapitest 1825 Humidim\u00e8tre Num\u00e9rique<\/strong><\/h2>\n<p>Avec cet humidim\u00e8tre num\u00e9rique, vous pouvez mesurer rapidement et facilement la teneur en humidit\u00e9 du sol. Appuyez sur le bouton et placez la sonde dans le sol proche de la plante. L\u2019affichage num\u00e9rique de l\u2019ecran indiquera une valeur entre 1,0 (tr\u00e8s sec) et 9,9 (tr\u00e8s humide).<\/p>\n<p><span class=\"jCAhz ChMk0b\"><span class=\"ryNqvb\">Les informations sur l&#8217;emballage sont incorrectes : les piles du testeur <strong>ne sont pas incluses<\/strong>.<\/span><\/span> <span class=\"jCAhz ChMk0b\"><span class=\"ryNqvb\">3 piles de type LR44 doivent \u00eatre install\u00e9es avec le p\u00f4le + visible en haut.<\/span><\/span><\/p>\n","protected":false},"featured_media":5015,"comment_status":"open","ping_status":"closed","template":"","meta":{"_acf_changed":false},"product_brand":[],"product_cat":[115],"product_tag":[],"class_list":{"0":"post-6901","1":"product","2":"type-product","3":"status-publish","4":"has-post-thumbnail","6":"product_cat-instrumentss-de-mesure","8":"first","9":"instock","10":"taxable","11":"shipping-taxable","12":"purchasable","13":"product-type-simple"},"acf":[],"yoast_head":"<!-- This site is optimized with the Yoast SEO Premium plugin v26.1 (Yoast SEO v27.3) - https:\/\/yoast.com\/product\/yoast-seo-premium-wordpress\/ -->\n<title>Humidim\u00e8tre Num\u00e9rique - Plant Care Tools<\/title>\n<meta name=\"description\" content=\"Cet humidim\u00e8tre num\u00e9rique est con\u00e7u pour les lectures de test. Appuyez sur le bouton et ins\u00e9rez la sonde dans votre plante en pot.\" \/>\n<meta name=\"robots\" content=\"index, follow, max-snippet:-1, max-image-preview:large, max-video-preview:-1\" \/>\n<link rel=\"canonical\" href=\"https:\/\/www.plantcaretools.com\/fr\/produit\/instrumentss-de-mesure\/humidimetre-numerique\/\" \/>\n<script type=\"application\/ld+json\" class=\"yoast-schema-graph\">{\"@context\":\"https:\\\/\\\/schema.org\",\"@graph\":[{\"@type\":\"BreadcrumbList\",\"@id\":\"https:\\\/\\\/www.plantcaretools.com\\\/fr\\\/produit\\\/instrumentss-de-mesure\\\/humidimetre-numerique\\\/#breadcrumb\",\"itemListElement\":[{\"@type\":\"ListItem\",\"position\":1,\"name\":\"Home\",\"item\":\"https:\\\/\\\/www.plantcaretools.com\\\/fr\\\/\"},{\"@type\":\"ListItem\",\"position\":2,\"name\":\"Produits\",\"item\":\"https:\\\/\\\/www.plantcaretools.com\\\/fr\\\/produits\\\/\"},{\"@type\":\"ListItem\",\"position\":3,\"name\":\"Humidim\u00e8tre Num\u00e9rique\"}]}]}<\/script>\n<!-- \/ Yoast SEO Premium plugin. -->","yoast_head_json":{"title":"Humidim\u00e8tre Num\u00e9rique - Plant Care Tools","description":"Cet humidim\u00e8tre num\u00e9rique est con\u00e7u pour les lectures de test. Appuyez sur le bouton et ins\u00e9rez la sonde dans votre plante en pot.","robots":{"index":"index","follow":"follow","max-snippet":"max-snippet:-1","max-image-preview":"max-image-preview:large","max-video-preview":"max-video-preview:-1"},"canonical":"https:\/\/www.plantcaretools.com\/fr\/produit\/instrumentss-de-mesure\/humidimetre-numerique\/","schema":{"@context":"https:\/\/schema.org","@graph":[{"@type":"BreadcrumbList","@id":"https:\/\/www.plantcaretools.com\/fr\/produit\/instrumentss-de-mesure\/humidimetre-numerique\/#breadcrumb","itemListElement":[{"@type":"ListItem","position":1,"name":"Home","item":"https:\/\/www.plantcaretools.com\/fr\/"},{"@type":"ListItem","position":2,"name":"Produits","item":"https:\/\/www.plantcaretools.com\/fr\/produits\/"},{"@type":"ListItem","position":3,"name":"Humidim\u00e8tre Num\u00e9rique"}]}]}},"jetpack_sharing_enabled":true,"_links":{"self":[{"href":"https:\/\/www.plantcaretools.com\/fr\/wp-json\/wp\/v2\/product\/6901","targetHints":{"allow":["GET"]}}],"collection":[{"href":"https:\/\/www.plantcaretools.com\/fr\/wp-json\/wp\/v2\/product"}],"about":[{"href":"https:\/\/www.plantcaretools.com\/fr\/wp-json\/wp\/v2\/types\/product"}],"replies":[{"embeddable":true,"href":"https:\/\/www.plantcaretools.com\/fr\/wp-json\/wp\/v2\/comments?post=6901"}],"wp:featuredmedia":[{"embeddable":true,"href":"https:\/\/www.plantcaretools.com\/fr\/wp-json\/wp\/v2\/media\/5015"}],"wp:attachment":[{"href":"https:\/\/www.plantcaretools.com\/fr\/wp-json\/wp\/v2\/media?parent=6901"}],"wp:term":[{"taxonomy":"product_brand","embeddable":true,"href":"https:\/\/www.plantcaretools.com\/fr\/wp-json\/wp\/v2\/product_brand?post=6901"},{"taxonomy":"product_cat","embeddable":true,"href":"https:\/\/www.plantcaretools.com\/fr\/wp-json\/wp\/v2\/product_cat?post=6901"},{"taxonomy":"product_tag","embeddable":true,"href":"https:\/\/www.plantcaretools.com\/fr\/wp-json\/wp\/v2\/product_tag?post=6901"}],"curies":[{"name":"wp","href":"https:\/\/api.w.org\/{rel}","templated":true}]}}