{"id":6922,"date":"2019-03-17T17:32:51","date_gmt":"2019-03-17T16:32:51","guid":{"rendered":"https:\/\/www.plantcaretools.com\/non%20class\u00e9\/ph-metre-numerique-de-sol\/"},"modified":"2024-11-15T09:17:19","modified_gmt":"2024-11-15T08:17:19","slug":"ph-metre-numerique-de-sol","status":"publish","type":"product","link":"https:\/\/www.plantcaretools.com\/fr\/produit\/instrumentss-de-mesure\/ph-metre-numerique-de-sol\/","title":{"rendered":"pH m\u00e8tre num\u00e9rique de sol"},"content":{"rendered":"<h2><strong>Rapitest 1845 pH m\u00e8tre num\u00e9rique de sol<\/strong><\/h2>\n<p>Ce pH m\u00e8tre num\u00e9rique de sol est con\u00e7u pour mesurer et afficher le pH (acidit\u00e9 \/ alcalinit\u00e9) du sol de jardin et dans un conteneur. Avec ce pH m\u00e8tre num\u00e9rique de sol, vous pouvez mesurer rapidement et facilement l\u2019acidit\u00e9 du sol. Appuyez sur le bouton et placez la sonde dans le sol humide proche de la plante. L\u2019affichage num\u00e9rique de l\u2019\u00e9cran indiquera une valeur entre 3,5 et 9,0.<\/p>\n<p><span class=\"jCAhz ChMk0b\"><span class=\"ryNqvb\">Les informations sur l&#8217;emballage sont incorrectes : les piles du testeur <strong>ne sont pas incluses<\/strong>.<\/span><\/span> <span class=\"jCAhz ChMk0b\"><span class=\"ryNqvb\">3 piles de type LR44 doivent \u00eatre install\u00e9es avec le p\u00f4le + visible en haut.<\/span><\/span><\/p>\n<h2><strong>Lusterleaf Rapitest 1845 Testeur de Sol &#8211; pH <\/strong><strong>m\u00e8tre<\/strong><\/h2>\n<p>Les plantes ont besoin de la bonne acidit\u00e9 (pH) du sol pour bien absorber les \u00e9l\u00e9ments nutritifs pr\u00e9sents dans le sol. Cet appareil affiche imm\u00e9diatement la valeur du pH du sol sous forme num\u00e9rique. Tous les plantes ont une valeur de pH id\u00e9ale diff\u00e9rente, il est donc important de savoir si la valeur de pH du sol s&#8217;en \u00e9carte pour \u00e9ventuellement ajuster (baisser ou augmenter) la valeur de pH du sol. La notice d&#8217;utilisation contient une liste avec une valeur de pH id\u00e9ale de plus de 400 plantes (en Anglais). Vous pouvez \u00e9galement trouver facilement la valeur de pH id\u00e9ale des plantes sur Internet.<\/p>\n<div id=\"product-5901\" class=\"product type-product post-5901 status-publish first instock product_cat-measuring-instruments has-post-thumbnail taxable shipping-taxable purchasable product-type-simple thumbs-bottom ct-default-gallery\">\n<div class=\"woocommerce-tabs wc-tabs-wrapper\" data-type=\"type-1:left\">\n<article>\n<div id=\"tab-description\" class=\"woocommerce-Tabs-panel woocommerce-Tabs-panel--description panel entry-content wc-tab\" role=\"tabpanel\" aria-labelledby=\"tab-title-description\">\n<p>Vous avez des questions sur la mesure du pH ? Vous trouverez sur <a href=\"https:\/\/www.plantcaretools.com\/fr\/mesurer-le-ph-du-sol\/\">cette page<\/a> toutes les informations sur la mesure de l&#8217;acidit\u00e9 du sol.<\/p>\n<\/div>\n<\/article>\n<\/div>\n<\/div>\n","protected":false},"excerpt":{"rendered":"<h2><strong>Rapitest 1845 pH m\u00e8tre num\u00e9rique de sol<\/strong><\/h2>\n<p>Avec ce pH m\u00e8tre num\u00e9rique de sol, vous pouvez mesurer rapidement et facilement l\u2019acidit\u00e9 du sol. Appuyez sur le bouton et placez la sonde dans le sol humide proche de la plante. L\u2019affichage num\u00e9rique de l\u2019\u00e9cran indiquera une valeur entre 3,5 et 9,0.<\/p>\n<p><span class=\"jCAhz ChMk0b\"><span class=\"ryNqvb\">Les informations sur l&#8217;emballage sont incorrectes : les piles du testeur <strong>ne sont pas incluses<\/strong>.<\/span><\/span> <span class=\"jCAhz ChMk0b\"><span class=\"ryNqvb\">3 piles de type LR44 doivent \u00eatre install\u00e9es avec le p\u00f4le + visible en haut.<\/span><\/span><\/p>\n","protected":false},"featured_media":4463,"comment_status":"open","ping_status":"closed","template":"","meta":{"_acf_changed":false},"product_brand":[],"product_cat":[115],"product_tag":[],"class_list":{"0":"post-6922","1":"product","2":"type-product","3":"status-publish","4":"has-post-thumbnail","6":"product_cat-instrumentss-de-mesure","8":"first","9":"instock","10":"taxable","11":"shipping-taxable","12":"purchasable","13":"product-type-simple"},"acf":[],"yoast_head":"<!-- This site is optimized with the Yoast SEO Premium plugin v26.1 (Yoast SEO v27.3) - https:\/\/yoast.com\/product\/yoast-seo-premium-wordpress\/ -->\n<title>pH M\u00e8tre Num\u00e9rique de Sol - Plant Care Tools<\/title>\n<meta name=\"description\" content=\"Ce pH m\u00e8tre num\u00e9rique de sol est con\u00e7u pour mesurer et afficher le pH (acidit\u00e9 \/ alcalinit\u00e9) du sol de jardin et dans un conteneur.\" \/>\n<meta name=\"robots\" content=\"index, follow, max-snippet:-1, max-image-preview:large, max-video-preview:-1\" \/>\n<link rel=\"canonical\" href=\"https:\/\/www.plantcaretools.com\/fr\/produit\/instrumentss-de-mesure\/ph-metre-numerique-de-sol\/\" \/>\n<script type=\"application\/ld+json\" class=\"yoast-schema-graph\">{\"@context\":\"https:\\\/\\\/schema.org\",\"@graph\":[{\"@type\":\"BreadcrumbList\",\"@id\":\"https:\\\/\\\/www.plantcaretools.com\\\/fr\\\/produit\\\/instrumentss-de-mesure\\\/ph-metre-numerique-de-sol\\\/#breadcrumb\",\"itemListElement\":[{\"@type\":\"ListItem\",\"position\":1,\"name\":\"Home\",\"item\":\"https:\\\/\\\/www.plantcaretools.com\\\/fr\\\/\"},{\"@type\":\"ListItem\",\"position\":2,\"name\":\"Produits\",\"item\":\"https:\\\/\\\/www.plantcaretools.com\\\/fr\\\/produits\\\/\"},{\"@type\":\"ListItem\",\"position\":3,\"name\":\"pH m\u00e8tre num\u00e9rique de sol\"}]}]}<\/script>\n<!-- \/ Yoast SEO Premium plugin. -->","yoast_head_json":{"title":"pH M\u00e8tre Num\u00e9rique de Sol - Plant Care Tools","description":"Ce pH m\u00e8tre num\u00e9rique de sol est con\u00e7u pour mesurer et afficher le pH (acidit\u00e9 \/ alcalinit\u00e9) du sol de jardin et dans un conteneur.","robots":{"index":"index","follow":"follow","max-snippet":"max-snippet:-1","max-image-preview":"max-image-preview:large","max-video-preview":"max-video-preview:-1"},"canonical":"https:\/\/www.plantcaretools.com\/fr\/produit\/instrumentss-de-mesure\/ph-metre-numerique-de-sol\/","schema":{"@context":"https:\/\/schema.org","@graph":[{"@type":"BreadcrumbList","@id":"https:\/\/www.plantcaretools.com\/fr\/produit\/instrumentss-de-mesure\/ph-metre-numerique-de-sol\/#breadcrumb","itemListElement":[{"@type":"ListItem","position":1,"name":"Home","item":"https:\/\/www.plantcaretools.com\/fr\/"},{"@type":"ListItem","position":2,"name":"Produits","item":"https:\/\/www.plantcaretools.com\/fr\/produits\/"},{"@type":"ListItem","position":3,"name":"pH m\u00e8tre num\u00e9rique de sol"}]}]}},"jetpack_sharing_enabled":true,"_links":{"self":[{"href":"https:\/\/www.plantcaretools.com\/fr\/wp-json\/wp\/v2\/product\/6922","targetHints":{"allow":["GET"]}}],"collection":[{"href":"https:\/\/www.plantcaretools.com\/fr\/wp-json\/wp\/v2\/product"}],"about":[{"href":"https:\/\/www.plantcaretools.com\/fr\/wp-json\/wp\/v2\/types\/product"}],"replies":[{"embeddable":true,"href":"https:\/\/www.plantcaretools.com\/fr\/wp-json\/wp\/v2\/comments?post=6922"}],"wp:featuredmedia":[{"embeddable":true,"href":"https:\/\/www.plantcaretools.com\/fr\/wp-json\/wp\/v2\/media\/4463"}],"wp:attachment":[{"href":"https:\/\/www.plantcaretools.com\/fr\/wp-json\/wp\/v2\/media?parent=6922"}],"wp:term":[{"taxonomy":"product_brand","embeddable":true,"href":"https:\/\/www.plantcaretools.com\/fr\/wp-json\/wp\/v2\/product_brand?post=6922"},{"taxonomy":"product_cat","embeddable":true,"href":"https:\/\/www.plantcaretools.com\/fr\/wp-json\/wp\/v2\/product_cat?post=6922"},{"taxonomy":"product_tag","embeddable":true,"href":"https:\/\/www.plantcaretools.com\/fr\/wp-json\/wp\/v2\/product_tag?post=6922"}],"curies":[{"name":"wp","href":"https:\/\/api.w.org\/{rel}","templated":true}]}}