{"id":6956,"date":"2019-04-18T14:17:31","date_gmt":"2019-04-18T12:17:31","guid":{"rendered":"https:\/\/www.plantcaretools.com\/non%20class\u00e9\/pluviometre-sans-fil\/"},"modified":"2024-09-12T17:51:46","modified_gmt":"2024-09-12T15:51:46","slug":"pluviometre-sans-fil","status":"publish","type":"product","link":"https:\/\/www.plantcaretools.com\/fr\/produit\/instrumentss-de-mesure\/pluviometre-sans-fil\/","title":{"rendered":"Pluviom\u00e8tre sans fil"},"content":{"rendered":"<h2><strong>Pluviom\u00e8tre sans fil avec lecture de la temp\u00e9rature et horloge radiocommand\u00e9e<\/strong><\/h2>\n<p><strong>Fonction de Pluviom\u00e8tre sans fil:<\/strong><br \/>\n1. Affichage d\u00e9taill\u00e9 en mm des donn\u00e9es pluviom\u00e9triques sur 1 heure, 24 heures, la semaine et le total depuis la derni\u00e8re r\u00e9initialisation.<br \/>\n2. Horloge radio contr\u00f4l\u00e9e avec option de r\u00e9glage manuel.<br \/>\n3. Calendrier radio contr\u00f4l\u00e9e (affichage jour-mois-ann\u00e9e).<br \/>\n4. Affichage de la temp\u00e9rature int\u00e9rieure.<br \/>\n5. Peut \u00eatre plac\u00e9 debout ou suspendu (la vis est incluse).<br \/>\n6.Distance 100M dans champs libre.<\/p>\n<p><strong>Contenu du colis\u00a0:<\/strong><br \/>\n&#8211; 1X Station de base (pour l\u2019int\u00e9rieur).<br \/>\n&#8211; 1X Capteur de pluie (pour l\u2019ext\u00e9rieur).<br \/>\n&#8211; Vis de montage.<br \/>\n&#8211; Manuel d&#8217;instructions en Fran\u00e7ais.<\/p>\n","protected":false},"excerpt":{"rendered":"<h2><strong>Pluviom\u00e8tre sans fil avec lecture de la temp\u00e9rature et historique des pr\u00e9cipitations!<\/strong><\/h2>\n<p>Ce Pluviom\u00e8tre sans fil affiche les donn\u00e9es pluviom\u00e9triques (en mm) sur 1 heure, 24 heures, la semaine et au total.<br \/>\nAvec station de base et capteur de pluie. Distance 100M en champs libre.<\/p>\n","protected":false},"featured_media":20002,"comment_status":"open","ping_status":"closed","template":"","meta":{"_acf_changed":false},"product_brand":[],"product_cat":[115,125],"product_tag":[],"class_list":{"0":"post-6956","1":"product","2":"type-product","3":"status-publish","4":"has-post-thumbnail","6":"product_cat-instrumentss-de-mesure","7":"product_cat-produits-plantcaretools","9":"first","10":"instock","11":"taxable","12":"shipping-taxable","13":"purchasable","14":"product-type-simple"},"acf":[],"yoast_head":"<!-- This site is optimized with the Yoast SEO Premium plugin v26.1 (Yoast SEO v27.3) - https:\/\/yoast.com\/product\/yoast-seo-premium-wordpress\/ -->\n<title>Pluviom\u00e8tre sans fil - Plant Care Tools<\/title>\n<meta name=\"description\" content=\"Ce Pluviom\u00e8tre sans fil affiche la pluviom\u00e9trie sur 1 ou 24 heures, la sem. et au total. Avec station de base et capteur de pluie (100M en champs libre)\" \/>\n<meta name=\"robots\" content=\"index, follow, max-snippet:-1, max-image-preview:large, max-video-preview:-1\" \/>\n<link rel=\"canonical\" href=\"https:\/\/www.plantcaretools.com\/fr\/produit\/instrumentss-de-mesure\/pluviometre-sans-fil\/\" \/>\n<script type=\"application\/ld+json\" class=\"yoast-schema-graph\">{\"@context\":\"https:\\\/\\\/schema.org\",\"@graph\":[{\"@type\":\"BreadcrumbList\",\"@id\":\"https:\\\/\\\/www.plantcaretools.com\\\/fr\\\/produit\\\/instrumentss-de-mesure\\\/pluviometre-sans-fil\\\/#breadcrumb\",\"itemListElement\":[{\"@type\":\"ListItem\",\"position\":1,\"name\":\"Home\",\"item\":\"https:\\\/\\\/www.plantcaretools.com\\\/fr\\\/\"},{\"@type\":\"ListItem\",\"position\":2,\"name\":\"Produits\",\"item\":\"https:\\\/\\\/www.plantcaretools.com\\\/fr\\\/produits\\\/\"},{\"@type\":\"ListItem\",\"position\":3,\"name\":\"Pluviom\u00e8tre sans fil\"}]}]}<\/script>\n<!-- \/ Yoast SEO Premium plugin. -->","yoast_head_json":{"title":"Pluviom\u00e8tre sans fil - Plant Care Tools","description":"Ce Pluviom\u00e8tre sans fil affiche la pluviom\u00e9trie sur 1 ou 24 heures, la sem. et au total. Avec station de base et capteur de pluie (100M en champs libre)","robots":{"index":"index","follow":"follow","max-snippet":"max-snippet:-1","max-image-preview":"max-image-preview:large","max-video-preview":"max-video-preview:-1"},"canonical":"https:\/\/www.plantcaretools.com\/fr\/produit\/instrumentss-de-mesure\/pluviometre-sans-fil\/","schema":{"@context":"https:\/\/schema.org","@graph":[{"@type":"BreadcrumbList","@id":"https:\/\/www.plantcaretools.com\/fr\/produit\/instrumentss-de-mesure\/pluviometre-sans-fil\/#breadcrumb","itemListElement":[{"@type":"ListItem","position":1,"name":"Home","item":"https:\/\/www.plantcaretools.com\/fr\/"},{"@type":"ListItem","position":2,"name":"Produits","item":"https:\/\/www.plantcaretools.com\/fr\/produits\/"},{"@type":"ListItem","position":3,"name":"Pluviom\u00e8tre sans fil"}]}]}},"jetpack_sharing_enabled":true,"_links":{"self":[{"href":"https:\/\/www.plantcaretools.com\/fr\/wp-json\/wp\/v2\/product\/6956","targetHints":{"allow":["GET"]}}],"collection":[{"href":"https:\/\/www.plantcaretools.com\/fr\/wp-json\/wp\/v2\/product"}],"about":[{"href":"https:\/\/www.plantcaretools.com\/fr\/wp-json\/wp\/v2\/types\/product"}],"replies":[{"embeddable":true,"href":"https:\/\/www.plantcaretools.com\/fr\/wp-json\/wp\/v2\/comments?post=6956"}],"wp:featuredmedia":[{"embeddable":true,"href":"https:\/\/www.plantcaretools.com\/fr\/wp-json\/wp\/v2\/media\/20002"}],"wp:attachment":[{"href":"https:\/\/www.plantcaretools.com\/fr\/wp-json\/wp\/v2\/media?parent=6956"}],"wp:term":[{"taxonomy":"product_brand","embeddable":true,"href":"https:\/\/www.plantcaretools.com\/fr\/wp-json\/wp\/v2\/product_brand?post=6956"},{"taxonomy":"product_cat","embeddable":true,"href":"https:\/\/www.plantcaretools.com\/fr\/wp-json\/wp\/v2\/product_cat?post=6956"},{"taxonomy":"product_tag","embeddable":true,"href":"https:\/\/www.plantcaretools.com\/fr\/wp-json\/wp\/v2\/product_tag?post=6956"}],"curies":[{"name":"wp","href":"https:\/\/api.w.org\/{rel}","templated":true}]}}