{"id":6973,"date":"2020-03-15T18:26:43","date_gmt":"2020-03-15T17:26:43","guid":{"rendered":"https:\/\/www.plantcaretools.com\/non%20class\u00e9\/capteur-temperature-humidite-bluetooth\/"},"modified":"2023-12-28T19:30:40","modified_gmt":"2023-12-28T18:30:40","slug":"capteur-temperature-humidite-bluetooth","status":"publish","type":"product","link":"https:\/\/www.plantcaretools.com\/fr\/produit\/instrumentss-de-mesure\/capteur-temperature-humidite-bluetooth\/","title":{"rendered":"Capteur Temp\u00e9rature Humidit\u00e9 Bluetooth"},"content":{"rendered":"<h2>Capteur Temp\u00e9rature Humidit\u00e9 Bluetooth<\/h2>\n<p>Ce capteur d&#8217;humidit\u00e9 et de la temp\u00e9rature Bluetooth est un capteur intelligent avec connectivit\u00e9 Bluetooth utilisant l&#8217;application gratuite Mi Home qui affiche en continu l\u2019environnement int\u00e9rieur de votre maison ou serre (temp\u00e9rature et humidit\u00e9).<\/p>\n<h2>Caract\u00e9ristiques:<\/h2>\n<p>-Conception compacte.<br \/>\n-Surveille et affiche en permanence l&#8217;humidit\u00e9 (humidit\u00e9 de l&#8217;air) en degr\u00e9s Celsius, la temp\u00e9rature et la dur\u00e9e de vie de la batterie.<br \/>\n-Convient pour les environnements int\u00e9rieurs.<br \/>\n-Connectivit\u00e9 et surveillance Bluetooth avec l&#8217;application Mi Home.<br \/>\n-Montage mural magn\u00e9tique et batterie inclus.<br \/>\n-Faible consommation d&#8217;\u00e9nergie.<br \/>\n-Id\u00e9al pour votre maison, votre serre et plus.<br \/>\n-Manuel de l&#8217;utilisateur en Fran\u00e7ais.<\/p>\n","protected":false},"excerpt":{"rendered":"<p>Ce capteur d&#8217;humidit\u00e9 et de la temp\u00e9rature Bluetooth est un capteur intelligent avec connectivit\u00e9 Bluetooth utilisant l&#8217;application gratuite Mi Home qui affiche en continu l\u2019environnement int\u00e9rieur de votre maison ou serre (temp\u00e9rature et humidit\u00e9).<\/p>\n","protected":false},"featured_media":3368,"comment_status":"open","ping_status":"closed","template":"","meta":{"_acf_changed":false},"product_brand":[],"product_cat":[115],"product_tag":[],"class_list":{"0":"post-6973","1":"product","2":"type-product","3":"status-publish","4":"has-post-thumbnail","6":"product_cat-instrumentss-de-mesure","8":"first","9":"outofstock","10":"taxable","11":"shipping-taxable","12":"purchasable","13":"product-type-simple"},"acf":[],"yoast_head":"<!-- This site is optimized with the Yoast SEO Premium plugin v26.1 (Yoast SEO v27.4) - https:\/\/yoast.com\/product\/yoast-seo-premium-wordpress\/ -->\n<title>Capteur Temp\u00e9rature Humidit\u00e9 Bluetooth - Plant Care Tools<\/title>\n<meta name=\"description\" content=\"Ce Capteur Temp\u00e9rature Humidit\u00e9 Bluetooth est un capteur intelligent avec connectivit\u00e9 Bluetooth qui affiche en continu la temp\u00e9rature et l&#039;humidit\u00e9\" \/>\n<meta name=\"robots\" content=\"index, follow, max-snippet:-1, max-image-preview:large, max-video-preview:-1\" \/>\n<link rel=\"canonical\" href=\"https:\/\/www.plantcaretools.com\/fr\/produit\/instrumentss-de-mesure\/capteur-temperature-humidite-bluetooth\/\" \/>\n<script type=\"application\/ld+json\" class=\"yoast-schema-graph\">{\"@context\":\"https:\\\/\\\/schema.org\",\"@graph\":[{\"@type\":\"BreadcrumbList\",\"@id\":\"https:\\\/\\\/www.plantcaretools.com\\\/fr\\\/produit\\\/instrumentss-de-mesure\\\/capteur-temperature-humidite-bluetooth\\\/#breadcrumb\",\"itemListElement\":[{\"@type\":\"ListItem\",\"position\":1,\"name\":\"Home\",\"item\":\"https:\\\/\\\/www.plantcaretools.com\\\/fr\\\/\"},{\"@type\":\"ListItem\",\"position\":2,\"name\":\"Produits\",\"item\":\"https:\\\/\\\/www.plantcaretools.com\\\/fr\\\/produits\\\/\"},{\"@type\":\"ListItem\",\"position\":3,\"name\":\"Capteur Temp\u00e9rature Humidit\u00e9 Bluetooth\"}]}]}<\/script>\n<!-- \/ Yoast SEO Premium plugin. -->","yoast_head_json":{"title":"Capteur Temp\u00e9rature Humidit\u00e9 Bluetooth - Plant Care Tools","description":"Ce Capteur Temp\u00e9rature Humidit\u00e9 Bluetooth est un capteur intelligent avec connectivit\u00e9 Bluetooth qui affiche en continu la temp\u00e9rature et l'humidit\u00e9","robots":{"index":"index","follow":"follow","max-snippet":"max-snippet:-1","max-image-preview":"max-image-preview:large","max-video-preview":"max-video-preview:-1"},"canonical":"https:\/\/www.plantcaretools.com\/fr\/produit\/instrumentss-de-mesure\/capteur-temperature-humidite-bluetooth\/","schema":{"@context":"https:\/\/schema.org","@graph":[{"@type":"BreadcrumbList","@id":"https:\/\/www.plantcaretools.com\/fr\/produit\/instrumentss-de-mesure\/capteur-temperature-humidite-bluetooth\/#breadcrumb","itemListElement":[{"@type":"ListItem","position":1,"name":"Home","item":"https:\/\/www.plantcaretools.com\/fr\/"},{"@type":"ListItem","position":2,"name":"Produits","item":"https:\/\/www.plantcaretools.com\/fr\/produits\/"},{"@type":"ListItem","position":3,"name":"Capteur Temp\u00e9rature Humidit\u00e9 Bluetooth"}]}]}},"jetpack_sharing_enabled":true,"_links":{"self":[{"href":"https:\/\/www.plantcaretools.com\/fr\/wp-json\/wp\/v2\/product\/6973","targetHints":{"allow":["GET"]}}],"collection":[{"href":"https:\/\/www.plantcaretools.com\/fr\/wp-json\/wp\/v2\/product"}],"about":[{"href":"https:\/\/www.plantcaretools.com\/fr\/wp-json\/wp\/v2\/types\/product"}],"replies":[{"embeddable":true,"href":"https:\/\/www.plantcaretools.com\/fr\/wp-json\/wp\/v2\/comments?post=6973"}],"wp:featuredmedia":[{"embeddable":true,"href":"https:\/\/www.plantcaretools.com\/fr\/wp-json\/wp\/v2\/media\/3368"}],"wp:attachment":[{"href":"https:\/\/www.plantcaretools.com\/fr\/wp-json\/wp\/v2\/media?parent=6973"}],"wp:term":[{"taxonomy":"product_brand","embeddable":true,"href":"https:\/\/www.plantcaretools.com\/fr\/wp-json\/wp\/v2\/product_brand?post=6973"},{"taxonomy":"product_cat","embeddable":true,"href":"https:\/\/www.plantcaretools.com\/fr\/wp-json\/wp\/v2\/product_cat?post=6973"},{"taxonomy":"product_tag","embeddable":true,"href":"https:\/\/www.plantcaretools.com\/fr\/wp-json\/wp\/v2\/product_tag?post=6973"}],"curies":[{"name":"wp","href":"https:\/\/api.w.org\/{rel}","templated":true}]}}