{"id":6990,"date":"2020-04-05T08:48:49","date_gmt":"2020-04-05T06:48:49","guid":{"rendered":"https:\/\/www.plantcaretools.com\/non%20class\u00e9\/luxmetre-numerique\/"},"modified":"2024-11-15T17:30:03","modified_gmt":"2024-11-15T16:30:03","slug":"luxmetre-numerique","status":"publish","type":"product","link":"https:\/\/www.plantcaretools.com\/fr\/produit\/instrumentss-de-mesure\/luxmetre-numerique\/","title":{"rendered":"Luxm\u00e8tre num\u00e9rique"},"content":{"rendered":"<h2>La description de Luxm\u00e8tre num\u00e9rique<\/h2>\n<p>Les plantes ont besoin de lumi\u00e8re pour se d\u00e9velopper et transformer leur \u00e9nergie lumineuse en sucres. Ce luxm\u00e8tre num\u00e9rique est un instrument professionnel pour mesurer l&#8217;\u00e9clairage et la luminosit\u00e9 (Lux). Il peut \u00eatre utilis\u00e9 pour la mesure de l&#8217;intensit\u00e9 lumineuse en g\u00e9n\u00e9ral et convient tr\u00e8s bien pour mesurer l&#8217;illumination de vos plantes. Fonction de mesure: \u00e9clairage et temp\u00e9rature.<\/p>\n<h2>Caract\u00e9ristiques<\/h2>\n<p>-Mesure l&#8217;\u00e9clairage (Lux) et la temp\u00e9rature actuels.<br \/>\n-La plage de mesure est de 0-200 000 Lux.<br \/>\n-Mesure de diff\u00e9rence, valeur maximale et valeur minimale.<br \/>\n-Basculez entre l&#8217;\u00e9clairage et l&#8217;unit\u00e9 de temp\u00e9rature.<br \/>\n-Stockage automatique et manuel des donn\u00e9es d&#8217;\u00e9clairage.<br \/>\n-R\u00e9tro\u00e9clairage et capacit\u00e9 de stockage des donn\u00e9es.<br \/>\n-Indicateur de niveau de batterie (piles incluses).<br \/>\n-Unit\u00e9 de temp\u00e9rature \u00b0 C \/ \u00b0 F.<br \/>\n-Mise hors tension automatique et manuelle.<br \/>\n-Avec trou de montage pour tr\u00e9pied.<br \/>\n-Manuel de l\u2019utilisateur en Fran\u00e7ais.<\/p>\n","protected":false},"excerpt":{"rendered":"<p>Ce luxm\u00e8tre num\u00e9rique est un instrument professionnel pour mesurer l&#8217;\u00e9clairage et la luminosit\u00e9 (Lux). Il peut \u00eatre utilis\u00e9 pour la mesure de l&#8217;intensit\u00e9 lumineuse en g\u00e9n\u00e9ral et convient tr\u00e8s bien pour mesurer l&#8217;illumination de vos plantes.<\/p>\n","protected":false},"featured_media":3389,"comment_status":"open","ping_status":"closed","template":"","meta":{"_acf_changed":false},"product_brand":[],"product_cat":[115],"product_tag":[],"class_list":{"0":"post-6990","1":"product","2":"type-product","3":"status-publish","4":"has-post-thumbnail","6":"product_cat-instrumentss-de-mesure","8":"first","9":"instock","10":"taxable","11":"shipping-taxable","12":"purchasable","13":"product-type-simple"},"acf":[],"yoast_head":"<!-- This site is optimized with the Yoast SEO Premium plugin v26.1 (Yoast SEO v27.3) - https:\/\/yoast.com\/product\/yoast-seo-premium-wordpress\/ -->\n<title>Luxm\u00e8tre num\u00e9rique - Plant Care Tools<\/title>\n<meta name=\"description\" content=\"Ce luxm\u00e8tre num\u00e9rique est un instrument professionnel pour mesurer l&#039;\u00e9clairage et la luminosit\u00e9 (Lux). Convient tr\u00e8s bien pour vos plantes.\" \/>\n<meta name=\"robots\" content=\"index, follow, max-snippet:-1, max-image-preview:large, max-video-preview:-1\" \/>\n<link rel=\"canonical\" href=\"https:\/\/www.plantcaretools.com\/fr\/produit\/instrumentss-de-mesure\/luxmetre-numerique\/\" \/>\n<script type=\"application\/ld+json\" class=\"yoast-schema-graph\">{\"@context\":\"https:\\\/\\\/schema.org\",\"@graph\":[{\"@type\":\"BreadcrumbList\",\"@id\":\"https:\\\/\\\/www.plantcaretools.com\\\/fr\\\/produit\\\/instrumentss-de-mesure\\\/luxmetre-numerique\\\/#breadcrumb\",\"itemListElement\":[{\"@type\":\"ListItem\",\"position\":1,\"name\":\"Home\",\"item\":\"https:\\\/\\\/www.plantcaretools.com\\\/fr\\\/\"},{\"@type\":\"ListItem\",\"position\":2,\"name\":\"Produits\",\"item\":\"https:\\\/\\\/www.plantcaretools.com\\\/fr\\\/produits\\\/\"},{\"@type\":\"ListItem\",\"position\":3,\"name\":\"Luxm\u00e8tre num\u00e9rique\"}]}]}<\/script>\n<!-- \/ Yoast SEO Premium plugin. -->","yoast_head_json":{"title":"Luxm\u00e8tre num\u00e9rique - Plant Care Tools","description":"Ce luxm\u00e8tre num\u00e9rique est un instrument professionnel pour mesurer l'\u00e9clairage et la luminosit\u00e9 (Lux). Convient tr\u00e8s bien pour vos plantes.","robots":{"index":"index","follow":"follow","max-snippet":"max-snippet:-1","max-image-preview":"max-image-preview:large","max-video-preview":"max-video-preview:-1"},"canonical":"https:\/\/www.plantcaretools.com\/fr\/produit\/instrumentss-de-mesure\/luxmetre-numerique\/","schema":{"@context":"https:\/\/schema.org","@graph":[{"@type":"BreadcrumbList","@id":"https:\/\/www.plantcaretools.com\/fr\/produit\/instrumentss-de-mesure\/luxmetre-numerique\/#breadcrumb","itemListElement":[{"@type":"ListItem","position":1,"name":"Home","item":"https:\/\/www.plantcaretools.com\/fr\/"},{"@type":"ListItem","position":2,"name":"Produits","item":"https:\/\/www.plantcaretools.com\/fr\/produits\/"},{"@type":"ListItem","position":3,"name":"Luxm\u00e8tre num\u00e9rique"}]}]}},"jetpack_sharing_enabled":true,"_links":{"self":[{"href":"https:\/\/www.plantcaretools.com\/fr\/wp-json\/wp\/v2\/product\/6990","targetHints":{"allow":["GET"]}}],"collection":[{"href":"https:\/\/www.plantcaretools.com\/fr\/wp-json\/wp\/v2\/product"}],"about":[{"href":"https:\/\/www.plantcaretools.com\/fr\/wp-json\/wp\/v2\/types\/product"}],"replies":[{"embeddable":true,"href":"https:\/\/www.plantcaretools.com\/fr\/wp-json\/wp\/v2\/comments?post=6990"}],"wp:featuredmedia":[{"embeddable":true,"href":"https:\/\/www.plantcaretools.com\/fr\/wp-json\/wp\/v2\/media\/3389"}],"wp:attachment":[{"href":"https:\/\/www.plantcaretools.com\/fr\/wp-json\/wp\/v2\/media?parent=6990"}],"wp:term":[{"taxonomy":"product_brand","embeddable":true,"href":"https:\/\/www.plantcaretools.com\/fr\/wp-json\/wp\/v2\/product_brand?post=6990"},{"taxonomy":"product_cat","embeddable":true,"href":"https:\/\/www.plantcaretools.com\/fr\/wp-json\/wp\/v2\/product_cat?post=6990"},{"taxonomy":"product_tag","embeddable":true,"href":"https:\/\/www.plantcaretools.com\/fr\/wp-json\/wp\/v2\/product_tag?post=6990"}],"curies":[{"name":"wp","href":"https:\/\/api.w.org\/{rel}","templated":true}]}}