{"id":7023,"date":"2020-04-15T16:50:15","date_gmt":"2020-04-15T14:50:15","guid":{"rendered":"https:\/\/www.plantcaretools.com\/non%20class\u00e9\/humidimetre-de-sol-pro\/"},"modified":"2026-02-15T07:05:19","modified_gmt":"2026-02-15T06:05:19","slug":"humidimetre-de-sol-pro","status":"publish","type":"product","link":"https:\/\/www.plantcaretools.com\/fr\/produit\/instrumentss-de-mesure\/humidimetre-de-sol-pro\/","title":{"rendered":"Humidim\u00e8tre de sol PRO"},"content":{"rendered":"<h2 class=\"product_title entry-title\">Humidim\u00e8tre de sol PRO &#8211; Mesurer instantan\u00e9ment la teneur en humidit\u00e9 du sol<\/h2>\n<p>L\u2019humidim\u00e8tre de sol PRO est utilis\u00e9 pour mesurer instantan\u00e9ment la teneur en humidit\u00e9 du sol. Tr\u00e8s pr\u00e9cis et avec une longue sonde (28 cm). Il mesure la quantit\u00e9 d\u2019eau dans le sol de votre plante en pot, de votre jardin, de votre pelouse ou de votre serre.<\/p>\n<h2>Caract\u00e9ristiques:<\/h2>\n<ul>\n<li>Il est portable, compact, facile \u00e0 utiliser et les lectures de mesure d&#8217;humidit\u00e9 sont pr\u00e9cises et instantan\u00e9es.<\/li>\n<li>Affichage num\u00e9rique avec r\u00e9tro-\u00e9clairage.<\/li>\n<li>Maintenant vous pouvez surveiller la valeur d&#8217;humidit\u00e9 du sol et vous allez savoir le moment il faut arroser ou le niveau d&#8217;humidit\u00e9 du sol est trop \u00e9lev\u00e9.<\/li>\n<li>L&#8217;humidim\u00e8tre fonctionne par conductivit\u00e9 \u00e9lectrique (EC) et dispose d&#8217;une compensation de temp\u00e9rature automatique.<\/li>\n<li>Mise hors tension automatique apr\u00e8s 5 minutes.<\/li>\n<li>Fonction de maintien des donn\u00e9es et fonction de calibrage.<\/li>\n<li>Alerte de batterie faible.<\/li>\n<li>Sac \u00e0 main inclus.<\/li>\n<li>Plage de mesure: 0- 50% d&#8217;humidit\u00e9 du sol.<\/li>\n<li>Sonde longue (280 mm).<\/li>\n<li>Alimentation: taille 4 x 1,5 AAA (non incluse).<\/li>\n<li>Manuel d&#8217;utilisation en Fran\u00e7ais.<\/li>\n<\/ul>\n<p><strong>Pour en savoir plus sur la mesure de l&#8217;humidit\u00e9 du sol pour les plantes d&#8217;int\u00e9rieur, consultez <a href=\"https:\/\/www.plantcaretools.com\/fr\/mesurer-le-niveau-dhumidite-du-sol\/\">cette page<\/a> et les questions les plus fr\u00e9quemment pos\u00e9es sur l&#8217;arrosage des plantes, sur <a href=\"https:\/\/www.plantcaretools.com\/fr\/arroser-les-plantes-faq\/\">cette page<\/a>.<\/strong><\/p>\n","protected":false},"excerpt":{"rendered":"<h2>L&#8217;humidim\u00e8tre de sol PRO est utilis\u00e9 pour mesurer instantan\u00e9ment la teneur en humidit\u00e9 du sol.<\/h2>\n<p>Tr\u00e8s pr\u00e9cis et avec une longue sonde (28 cm). Il mesure la quantit\u00e9 d&#8217;eau dans le sol de votre plante en pot, de votre jardin, de votre pelouse ou de votre serre.<\/p>\n","protected":false},"featured_media":4791,"comment_status":"open","ping_status":"closed","template":"","meta":{"_acf_changed":false},"product_brand":[],"product_cat":[115,127,125,149],"product_tag":[],"class_list":{"0":"post-7023","1":"product","2":"type-product","3":"status-publish","4":"has-post-thumbnail","6":"product_cat-instrumentss-de-mesure","7":"product_cat-mesurer-la-teneur-en-humidite","8":"product_cat-produits-plantcaretools","9":"product_cat-utilisateurs-professionnels","11":"first","12":"instock","13":"taxable","14":"shipping-taxable","15":"purchasable","16":"product-type-simple"},"acf":[],"yoast_head":"<!-- This site is optimized with the Yoast SEO Premium plugin v26.1 (Yoast SEO v27.3) - https:\/\/yoast.com\/product\/yoast-seo-premium-wordpress\/ -->\n<title>Humidim\u00e8tre de sol PRO - Plant Care Tools<\/title>\n<meta name=\"description\" content=\"Cet humidim\u00e8tre de sol PRO avec sonde longue mesure instantan\u00e9ment l&#039;humidit\u00e9 du sol. Pour plantes en pot, jardin, pelouse ou serre.\" \/>\n<meta name=\"robots\" content=\"index, follow, max-snippet:-1, max-image-preview:large, max-video-preview:-1\" \/>\n<link rel=\"canonical\" href=\"https:\/\/www.plantcaretools.com\/fr\/produit\/instrumentss-de-mesure\/humidimetre-de-sol-pro\/\" \/>\n<script type=\"application\/ld+json\" class=\"yoast-schema-graph\">{\"@context\":\"https:\\\/\\\/schema.org\",\"@graph\":[{\"@type\":\"BreadcrumbList\",\"@id\":\"https:\\\/\\\/www.plantcaretools.com\\\/fr\\\/produit\\\/instrumentss-de-mesure\\\/humidimetre-de-sol-pro\\\/#breadcrumb\",\"itemListElement\":[{\"@type\":\"ListItem\",\"position\":1,\"name\":\"Home\",\"item\":\"https:\\\/\\\/www.plantcaretools.com\\\/fr\\\/\"},{\"@type\":\"ListItem\",\"position\":2,\"name\":\"Produits\",\"item\":\"https:\\\/\\\/www.plantcaretools.com\\\/fr\\\/produits\\\/\"},{\"@type\":\"ListItem\",\"position\":3,\"name\":\"Humidim\u00e8tre de sol PRO\"}]}]}<\/script>\n<!-- \/ Yoast SEO Premium plugin. -->","yoast_head_json":{"title":"Humidim\u00e8tre de sol PRO - Plant Care Tools","description":"Cet humidim\u00e8tre de sol PRO avec sonde longue mesure instantan\u00e9ment l'humidit\u00e9 du sol. Pour plantes en pot, jardin, pelouse ou serre.","robots":{"index":"index","follow":"follow","max-snippet":"max-snippet:-1","max-image-preview":"max-image-preview:large","max-video-preview":"max-video-preview:-1"},"canonical":"https:\/\/www.plantcaretools.com\/fr\/produit\/instrumentss-de-mesure\/humidimetre-de-sol-pro\/","schema":{"@context":"https:\/\/schema.org","@graph":[{"@type":"BreadcrumbList","@id":"https:\/\/www.plantcaretools.com\/fr\/produit\/instrumentss-de-mesure\/humidimetre-de-sol-pro\/#breadcrumb","itemListElement":[{"@type":"ListItem","position":1,"name":"Home","item":"https:\/\/www.plantcaretools.com\/fr\/"},{"@type":"ListItem","position":2,"name":"Produits","item":"https:\/\/www.plantcaretools.com\/fr\/produits\/"},{"@type":"ListItem","position":3,"name":"Humidim\u00e8tre de sol PRO"}]}]}},"jetpack_sharing_enabled":true,"_links":{"self":[{"href":"https:\/\/www.plantcaretools.com\/fr\/wp-json\/wp\/v2\/product\/7023","targetHints":{"allow":["GET"]}}],"collection":[{"href":"https:\/\/www.plantcaretools.com\/fr\/wp-json\/wp\/v2\/product"}],"about":[{"href":"https:\/\/www.plantcaretools.com\/fr\/wp-json\/wp\/v2\/types\/product"}],"replies":[{"embeddable":true,"href":"https:\/\/www.plantcaretools.com\/fr\/wp-json\/wp\/v2\/comments?post=7023"}],"wp:featuredmedia":[{"embeddable":true,"href":"https:\/\/www.plantcaretools.com\/fr\/wp-json\/wp\/v2\/media\/4791"}],"wp:attachment":[{"href":"https:\/\/www.plantcaretools.com\/fr\/wp-json\/wp\/v2\/media?parent=7023"}],"wp:term":[{"taxonomy":"product_brand","embeddable":true,"href":"https:\/\/www.plantcaretools.com\/fr\/wp-json\/wp\/v2\/product_brand?post=7023"},{"taxonomy":"product_cat","embeddable":true,"href":"https:\/\/www.plantcaretools.com\/fr\/wp-json\/wp\/v2\/product_cat?post=7023"},{"taxonomy":"product_tag","embeddable":true,"href":"https:\/\/www.plantcaretools.com\/fr\/wp-json\/wp\/v2\/product_tag?post=7023"}],"curies":[{"name":"wp","href":"https:\/\/api.w.org\/{rel}","templated":true}]}}