{"id":7052,"date":"2020-05-18T08:52:30","date_gmt":"2020-05-18T06:52:30","guid":{"rendered":"https:\/\/www.plantcaretools.com\/non%20class\u00e9\/capteur-dhumidite-du-sol-avec-alarme\/"},"modified":"2025-05-04T18:26:44","modified_gmt":"2025-05-04T16:26:44","slug":"capteur-dhumidite-du-sol-avec-alarme","status":"publish","type":"product","link":"https:\/\/www.plantcaretools.com\/fr\/produit\/instrumentss-de-mesure\/capteur-dhumidite-du-sol-avec-alarme\/","title":{"rendered":"Capteur d&#8217;humidit\u00e9 du sol avec alarme"},"content":{"rendered":"<p>Ce capteur d\u2019humidit\u00e9 du sol avec alarme est une \u2018\u2019alarme d\u2019arrosage\u2019\u2019 pour les plantes. Vous placez le capteur dans le sol pr\u00e8s d\u2019une plante et il \u00e9met un son (le son d\u2019un grillon) lorsque le sol est sec et vous rappelle d\u2019arroser la plante. Le capteur utilise une d\u00e9tection capacitive de l\u2019humidit\u00e9. Cette technologie se traduit par une grande pr\u00e9cision et une longue dur\u00e9e de vie de la batterie. Le capteur n\u2019\u00e9met aucun son dans l\u2019obscurit\u00e9 pour \u00e9viter toute irritation pendant la nuit.<\/p>\n<h3><strong>\u20ac 4,90. A partir de 6 pi\u00e8ces 10% de r\u00e9duction! (\u20ac 4,41).<\/strong><\/h3>\n<h2>Description de Capteur d&#8217;humidit\u00e9 du sol avec alarme<\/h2>\n<p>Ce capteur d&#8217;humidit\u00e9 du sol est une \u2018\u2019alarme d&#8217;arrosage\u2019\u2019 pour les plantes. Vous placez le capteur dans le sol pr\u00e8s d&#8217;une plante et il \u00e9met un son (le son d&#8217;un grillon) lorsque le sol est sec et vous rappelle d&#8217;arroser la plante. Le capteur utilise une d\u00e9tection capacitive de l&#8217;humidit\u00e9. Cette technologie se traduit par une grande pr\u00e9cision et une longue dur\u00e9e de vie de la batterie. Le capteur n&#8217;\u00e9met aucun son dans l&#8217;obscurit\u00e9 pour \u00e9viter toute irritation pendant la nuit.<\/p>\n<h2>Caract\u00e9ristiques<\/h2>\n<p>-Seulement pour l\u2019utilisation en int\u00e9rieur.<br \/>\n-Capteur d&#8217;alarme d&#8217;arrosage des plantes. Il \u00e9met un son (le son d&#8217;un grillon) lorsque le sol est sec et vous rappelle d&#8217;arroser la plante.<br \/>\n-\u00c0 mesure l&#8217;eau s&#8217;\u00e9vapore, le taux d&#8217;alarme augmente.<br \/>\n-Le capteur ne fait aucun bruit quand il fait noir (donc pendant la nuit).<br \/>\n-3V pile au lithium CR2032 est incluse (dure jusqu&#8217;\u00e0 1 an).<br \/>\n-Utilise une d\u00e9tection capacitive pour mesurer l&#8217;humidit\u00e9 (tr\u00e8s pr\u00e9cise).<br \/>\n-Le niveau d&#8217;alarme peut \u00eatre r\u00e9gl\u00e9 individuellement pour chaque plante.<\/p>\n","protected":false},"excerpt":{"rendered":"<p>Ce capteur d&#8217;humidit\u00e9 est une \u2018\u2019alarme d&#8217;arrosage\u2019\u2019 pour les plantes. Vous placez le capteur dans le sol pr\u00e8s d&#8217;une plante et il \u00e9met un son (le son d&#8217;un grillon) lorsque le sol est sec et vous rappelle d&#8217;arroser la plante. Le capteur utilise une d\u00e9tection capacitive de l&#8217;humidit\u00e9. Cette technologie se traduit par une grande pr\u00e9cision et une longue dur\u00e9e de vie de la batterie. Le capteur n&#8217;\u00e9met aucun son dans l&#8217;obscurit\u00e9 pour \u00e9viter toute irritation pendant la nuit.<\/p>\n<h3><span style=\"color: red;\"><strong>\u20ac 4,90. A partir de 6 pi\u00e8ces 10% de r\u00e9duction! (\u20ac 4,41).<\/strong><\/span><\/h3>\n","protected":false},"featured_media":4439,"comment_status":"open","ping_status":"closed","template":"","meta":{"_acf_changed":false},"product_brand":[],"product_cat":[115],"product_tag":[],"class_list":{"0":"post-7052","1":"product","2":"type-product","3":"status-publish","4":"has-post-thumbnail","6":"product_cat-instrumentss-de-mesure","8":"first","9":"outofstock","10":"taxable","11":"shipping-taxable","12":"purchasable","13":"product-type-simple"},"acf":[],"yoast_head":"<!-- This site is optimized with the Yoast SEO Premium plugin v26.1 (Yoast SEO v27.3) - https:\/\/yoast.com\/product\/yoast-seo-premium-wordpress\/ -->\n<title>Capteur d&#039;humidit\u00e9 du sol avec alarme - Plant Care Tools<\/title>\n<meta name=\"description\" content=\"Ce capteur d&#039;humidit\u00e9 du sol avec alarme est une \u2018\u2019alarme d&#039;arrosage\u2019\u2019 pour les plantes. Il \u00e9met un son de grillon lorsque le sol est sec. Pas la nuit!\" \/>\n<meta name=\"robots\" content=\"index, follow, max-snippet:-1, max-image-preview:large, max-video-preview:-1\" \/>\n<link rel=\"canonical\" href=\"https:\/\/www.plantcaretools.com\/fr\/produit\/instrumentss-de-mesure\/capteur-dhumidite-du-sol-avec-alarme\/\" \/>\n<script type=\"application\/ld+json\" class=\"yoast-schema-graph\">{\"@context\":\"https:\\\/\\\/schema.org\",\"@graph\":[{\"@type\":\"BreadcrumbList\",\"@id\":\"https:\\\/\\\/www.plantcaretools.com\\\/fr\\\/produit\\\/instrumentss-de-mesure\\\/capteur-dhumidite-du-sol-avec-alarme\\\/#breadcrumb\",\"itemListElement\":[{\"@type\":\"ListItem\",\"position\":1,\"name\":\"Home\",\"item\":\"https:\\\/\\\/www.plantcaretools.com\\\/fr\\\/\"},{\"@type\":\"ListItem\",\"position\":2,\"name\":\"Produits\",\"item\":\"https:\\\/\\\/www.plantcaretools.com\\\/fr\\\/produits\\\/\"},{\"@type\":\"ListItem\",\"position\":3,\"name\":\"Capteur d&#8217;humidit\u00e9 du sol avec alarme\"}]}]}<\/script>\n<!-- \/ Yoast SEO Premium plugin. -->","yoast_head_json":{"title":"Capteur d'humidit\u00e9 du sol avec alarme - Plant Care Tools","description":"Ce capteur d'humidit\u00e9 du sol avec alarme est une \u2018\u2019alarme d'arrosage\u2019\u2019 pour les plantes. Il \u00e9met un son de grillon lorsque le sol est sec. Pas la nuit!","robots":{"index":"index","follow":"follow","max-snippet":"max-snippet:-1","max-image-preview":"max-image-preview:large","max-video-preview":"max-video-preview:-1"},"canonical":"https:\/\/www.plantcaretools.com\/fr\/produit\/instrumentss-de-mesure\/capteur-dhumidite-du-sol-avec-alarme\/","schema":{"@context":"https:\/\/schema.org","@graph":[{"@type":"BreadcrumbList","@id":"https:\/\/www.plantcaretools.com\/fr\/produit\/instrumentss-de-mesure\/capteur-dhumidite-du-sol-avec-alarme\/#breadcrumb","itemListElement":[{"@type":"ListItem","position":1,"name":"Home","item":"https:\/\/www.plantcaretools.com\/fr\/"},{"@type":"ListItem","position":2,"name":"Produits","item":"https:\/\/www.plantcaretools.com\/fr\/produits\/"},{"@type":"ListItem","position":3,"name":"Capteur d&#8217;humidit\u00e9 du sol avec alarme"}]}]}},"jetpack_sharing_enabled":true,"_links":{"self":[{"href":"https:\/\/www.plantcaretools.com\/fr\/wp-json\/wp\/v2\/product\/7052","targetHints":{"allow":["GET"]}}],"collection":[{"href":"https:\/\/www.plantcaretools.com\/fr\/wp-json\/wp\/v2\/product"}],"about":[{"href":"https:\/\/www.plantcaretools.com\/fr\/wp-json\/wp\/v2\/types\/product"}],"replies":[{"embeddable":true,"href":"https:\/\/www.plantcaretools.com\/fr\/wp-json\/wp\/v2\/comments?post=7052"}],"wp:featuredmedia":[{"embeddable":true,"href":"https:\/\/www.plantcaretools.com\/fr\/wp-json\/wp\/v2\/media\/4439"}],"wp:attachment":[{"href":"https:\/\/www.plantcaretools.com\/fr\/wp-json\/wp\/v2\/media?parent=7052"}],"wp:term":[{"taxonomy":"product_brand","embeddable":true,"href":"https:\/\/www.plantcaretools.com\/fr\/wp-json\/wp\/v2\/product_brand?post=7052"},{"taxonomy":"product_cat","embeddable":true,"href":"https:\/\/www.plantcaretools.com\/fr\/wp-json\/wp\/v2\/product_cat?post=7052"},{"taxonomy":"product_tag","embeddable":true,"href":"https:\/\/www.plantcaretools.com\/fr\/wp-json\/wp\/v2\/product_tag?post=7052"}],"curies":[{"name":"wp","href":"https:\/\/api.w.org\/{rel}","templated":true}]}}