{"id":7093,"date":"2020-06-18T13:08:09","date_gmt":"2020-06-18T11:08:09","guid":{"rendered":"https:\/\/www.plantcaretools.com\/non%20class\u00e9\/ecowitt-passerelle-avec-capteur\/"},"modified":"2024-06-12T21:32:31","modified_gmt":"2024-06-12T19:32:31","slug":"humidimetre-ecowitt-passerelle-avec-capteur","status":"publish","type":"product","link":"https:\/\/www.plantcaretools.com\/fr\/produit\/instrumentss-de-mesure\/humidimetre-ecowitt-passerelle-avec-capteur\/","title":{"rendered":"Humidim\u00e8tre Ecowitt Passerelle avec capteur"},"content":{"rendered":"<h2>Humidim\u00e8tre Ecowitt Passerelle avec capteur garantit que les r\u00e9sultats de mesure (humidit\u00e9 du sol en%) du capteur sont disponibles dans votre Wifi. Le capteur d&#8217;humidit\u00e9 du sol envoie un signal radio <u>(868 Mhz)<\/u> \u00e0 la passerelle et ne n\u00e9cessite pas de port\u00e9e Wifi.<\/h2>\n<ul>\n<li>Installez la Ecowitt passerelle avec capteur \u00e0 proximit\u00e9 de votre routeur Wifi avec l&#8217;APP WS View (gratuit).<\/li>\n<li>La passerelle a un capteur int\u00e9gr\u00e9 pour mesurer la temp\u00e9rature, l&#8217;humidit\u00e9 et la pression de l&#8217;air<\/li>\n<li>Installez la passerelle \u00e0 proximit\u00e9 de votre routeur Wifi avec l\u2019APP Ecowitt (gratuit).<\/li>\n<li>La passerelle peut surveiller jusqu&#8217; \u00e0 8 <a href=\"https:\/\/www.plantcaretools.com\/fr\/product\/capteur-dhumidite-ecowitt\/\"><strong>capteurs d&#8217;humidit\u00e9 du sol<\/strong><\/a>. Les capteurs sont disponibles dans notre boutique en ligne.<\/li>\n<li>Vous pouvez maintenant lire toutes les donn\u00e9es (temp\u00e9rature, humidit\u00e9, pression atmosph\u00e9rique et mesures d\u2019humidit\u00e9 du sol) partout dans le monde avec l\u2019application Ecowitt.<\/li>\n<li>Dashboard avec des graphiques et des donn\u00e9es en temps r\u00e9el (mis \u00e0 jour toutes les minutes), accessible de partout dans le monde.<\/li>\n<li><strong>Possibilit\u00e9 de d\u00e9finir une alerte et de recevoir un e-mail<\/strong> lorsque la valeur r\u00e9elle est inf\u00e9rieure au niveau d&#8217;alerte (par exemple, lorsque le niveau d&#8217;humidit\u00e9 du sol est inf\u00e9rieur \u00e0 20%).<\/li>\n<li>Adaptateur USB fourni.<\/li>\n<li>APP et compte sur le serveur Ecowitt en Anglais uniquement.<\/li>\n<li>Vient avec les instructions en Fran\u00e7ais.<\/li>\n<\/ul>\n","protected":false},"excerpt":{"rendered":"<h2>Humidim\u00e8tre Ecowitt Passerelle avec capteur fournit les donn\u00e9es d&#8217;humidit\u00e9 du sol du capteur sans fil Ecowitt (transmission par signal radio <u>868 Mhz<\/u>) dans votre Wifi. Vous pouvez regarder les r\u00e9sultats de n&#8217;importe o\u00f9 dans le monde et d\u00e9finir des alertes avec l\u2019application Ecowitt.<\/h2>\n<p>Mises \u00e0 jour toutes les minutes. Le capteur peut \u00eatre utilis\u00e9 \u00e0 l&#8217;int\u00e9rieur et \u00e0 l&#8217;ext\u00e9rieur jusqu&#8217;\u00e0 une distance de 100 m\u00e8tres entre la passerelle et le capteur. La passerelle peut surveiller max. 8 capteurs en m\u00eame temps. Un e-mail sera envoy\u00e9 si la valeur r\u00e9elle descend sous la valeur d&#8217;alerte.<\/p>\n<p>Les <a href=\"https:\/\/www.plantcaretools.com\/fr\/product\/capteur-dhumidite-ecowitt\/\"><strong>capteurs d&#8217;humidit\u00e9 du sol<\/strong><\/a> suppl\u00e9mentaires sont disponibles dans notre boutique en ligne.<\/p>\n","protected":false},"featured_media":17880,"comment_status":"open","ping_status":"closed","template":"","meta":{"_acf_changed":false},"product_brand":[],"product_cat":[115,127,149],"product_tag":[],"class_list":{"0":"post-7093","1":"product","2":"type-product","3":"status-publish","4":"has-post-thumbnail","6":"product_cat-instrumentss-de-mesure","7":"product_cat-mesurer-la-teneur-en-humidite","8":"product_cat-utilisateurs-professionnels","10":"first","11":"instock","12":"taxable","13":"shipping-taxable","14":"purchasable","15":"product-type-simple"},"acf":[],"yoast_head":"<!-- This site is optimized with the Yoast SEO Premium plugin v26.1 (Yoast SEO v27.3) - https:\/\/yoast.com\/product\/yoast-seo-premium-wordpress\/ -->\n<title>Humidim\u00e8tre Ecowitt Passerelle avec Capteur - Plant Care Tools<\/title>\n<meta name=\"description\" content=\"Humidim\u00e8tre Ecowitt Passerelle avec capteur fournit les donn\u00e9es d&#039;humidit\u00e9 du sol (par signal radio) du capteur Ecowitt sur Wifi partout dans le monde\" \/>\n<meta name=\"robots\" content=\"index, follow, max-snippet:-1, max-image-preview:large, max-video-preview:-1\" \/>\n<link rel=\"canonical\" href=\"https:\/\/www.plantcaretools.com\/fr\/produit\/instrumentss-de-mesure\/humidimetre-ecowitt-passerelle-avec-capteur\/\" \/>\n<script type=\"application\/ld+json\" class=\"yoast-schema-graph\">{\"@context\":\"https:\\\/\\\/schema.org\",\"@graph\":[{\"@type\":\"BreadcrumbList\",\"@id\":\"https:\\\/\\\/www.plantcaretools.com\\\/fr\\\/produit\\\/instrumentss-de-mesure\\\/humidimetre-ecowitt-passerelle-avec-capteur\\\/#breadcrumb\",\"itemListElement\":[{\"@type\":\"ListItem\",\"position\":1,\"name\":\"Home\",\"item\":\"https:\\\/\\\/www.plantcaretools.com\\\/fr\\\/\"},{\"@type\":\"ListItem\",\"position\":2,\"name\":\"Produits\",\"item\":\"https:\\\/\\\/www.plantcaretools.com\\\/fr\\\/produits\\\/\"},{\"@type\":\"ListItem\",\"position\":3,\"name\":\"Humidim\u00e8tre Ecowitt Passerelle avec capteur\"}]}]}<\/script>\n<!-- \/ Yoast SEO Premium plugin. -->","yoast_head_json":{"title":"Humidim\u00e8tre Ecowitt Passerelle avec Capteur - Plant Care Tools","description":"Humidim\u00e8tre Ecowitt Passerelle avec capteur fournit les donn\u00e9es d'humidit\u00e9 du sol (par signal radio) du capteur Ecowitt sur Wifi partout dans le monde","robots":{"index":"index","follow":"follow","max-snippet":"max-snippet:-1","max-image-preview":"max-image-preview:large","max-video-preview":"max-video-preview:-1"},"canonical":"https:\/\/www.plantcaretools.com\/fr\/produit\/instrumentss-de-mesure\/humidimetre-ecowitt-passerelle-avec-capteur\/","schema":{"@context":"https:\/\/schema.org","@graph":[{"@type":"BreadcrumbList","@id":"https:\/\/www.plantcaretools.com\/fr\/produit\/instrumentss-de-mesure\/humidimetre-ecowitt-passerelle-avec-capteur\/#breadcrumb","itemListElement":[{"@type":"ListItem","position":1,"name":"Home","item":"https:\/\/www.plantcaretools.com\/fr\/"},{"@type":"ListItem","position":2,"name":"Produits","item":"https:\/\/www.plantcaretools.com\/fr\/produits\/"},{"@type":"ListItem","position":3,"name":"Humidim\u00e8tre Ecowitt Passerelle avec capteur"}]}]}},"jetpack_sharing_enabled":true,"_links":{"self":[{"href":"https:\/\/www.plantcaretools.com\/fr\/wp-json\/wp\/v2\/product\/7093","targetHints":{"allow":["GET"]}}],"collection":[{"href":"https:\/\/www.plantcaretools.com\/fr\/wp-json\/wp\/v2\/product"}],"about":[{"href":"https:\/\/www.plantcaretools.com\/fr\/wp-json\/wp\/v2\/types\/product"}],"replies":[{"embeddable":true,"href":"https:\/\/www.plantcaretools.com\/fr\/wp-json\/wp\/v2\/comments?post=7093"}],"wp:featuredmedia":[{"embeddable":true,"href":"https:\/\/www.plantcaretools.com\/fr\/wp-json\/wp\/v2\/media\/17880"}],"wp:attachment":[{"href":"https:\/\/www.plantcaretools.com\/fr\/wp-json\/wp\/v2\/media?parent=7093"}],"wp:term":[{"taxonomy":"product_brand","embeddable":true,"href":"https:\/\/www.plantcaretools.com\/fr\/wp-json\/wp\/v2\/product_brand?post=7093"},{"taxonomy":"product_cat","embeddable":true,"href":"https:\/\/www.plantcaretools.com\/fr\/wp-json\/wp\/v2\/product_cat?post=7093"},{"taxonomy":"product_tag","embeddable":true,"href":"https:\/\/www.plantcaretools.com\/fr\/wp-json\/wp\/v2\/product_tag?post=7093"}],"curies":[{"name":"wp","href":"https:\/\/api.w.org\/{rel}","templated":true}]}}