{"id":7154,"date":"2020-06-19T07:54:48","date_gmt":"2020-06-19T05:54:48","guid":{"rendered":"https:\/\/www.plantcaretools.com\/non%20class\u00e9\/capteur-dhumidite-ecowitt\/"},"modified":"2024-06-16T11:37:37","modified_gmt":"2024-06-16T09:37:37","slug":"capteur-dhumidite-ecowitt","status":"publish","type":"product","link":"https:\/\/www.plantcaretools.com\/fr\/produit\/instrumentss-de-mesure\/capteur-dhumidite-ecowitt\/","title":{"rendered":"Capteur d&#8217;humidit\u00e9 Ecowitt"},"content":{"rendered":"<h2>Ce produit n\u2019est pas autonome. Vous aurez besoin de la Passerelle Ecowitt (disponible dans notre boutique en ligne). Regardez vos donn\u00e9es d\u2019humidit\u00e9 du sol r\u00e9elles partout dans le monde.<\/h2>\n<p>Le capteur d\u2019humidit\u00e9 Ecowitt envoie un signal radio\u00a0<u>(868 Mhz)<\/u>\u00a0\u00e0 la passerelle toutes les minutes et la\u00a0<a href=\"https:\/\/www.plantcaretools.com\/fr\/product\/ecowitt-passerelle-avec-capteur\/\"><strong>passerelle<\/strong><\/a> se charge de rendre les donn\u00e9es disponibles dans votre Wifi. Tr\u00e8s pr\u00e9cis, et vous pouvez surveiller max. 8 capteurs en m\u00eame temps.<\/p>\n<p>&#8211; <strong>Ce produit n\u2019est pas autonome, vous avez besoin de la passerelle Ecowitt (disponible dans notre boutique en ligne)<\/strong>.<br \/>\n&#8211; Le capteur d&#8217;humidit\u00e9 Ecowitt du sol envoie un signal radio <u>(868 Mhz)<\/u> \u00e0 la passerelle et n&#8217;a pas besoin d&#8217;un acc\u00e8s Wifi.<br \/>\n&#8211; Capteur d&#8217;humidit\u00e9 du sol tr\u00e8s pr\u00e9cis, apr\u00e8s l&#8217;installation avec la passerelle les donn\u00e9es seront disponibles <strong>partout dans le monde<\/strong>. Mises \u00e0 jour toutes les minutes.<br \/>\n&#8211; Convient pour l&#8217;int\u00e9rieur et l&#8217;ext\u00e9rieur.<br \/>\n&#8211; La <a href=\"https:\/\/www.plantcaretools.com\/fr\/product\/ecowitt-passerelle-avec-capteur\/\"><strong>passerelle<\/strong><\/a> peut surveiller jusqu&#8217;\u00e0 8 capteurs.<br \/>\n&#8211; <strong>Possibilit\u00e9 de mettre en place une alerte et de recevoir un email<\/strong> lorsque la valeur r\u00e9elle est inf\u00e9rieure au niveau d&#8217;alerte (par exemple lorsque le niveau d&#8217;humidit\u00e9 du sol est inf\u00e9rieur \u00e0 20%).<br \/>\n&#8211; Fonctionne jusqu&#8217;\u00e0 une distance de 100 m\u00e8tres de la passerelle.<br \/>\n&#8211; Utilise 1 pile AA (non incluse) qui dure environ 1 an.<br \/>\n&#8211; Possibilit\u00e9 de calibrer le capteur manuellement.<br \/>\n&#8211; Facile \u00e0 installer.<br \/>\n&#8211; Manuel en Fran\u00e7ais inclus.<br \/>\n&#8211; Plus d&#8217;informations disponibles lorsque vous lisez la description de la passerelle.<\/p>\n","protected":false},"excerpt":{"rendered":"<h2>Ce produit n\u2019est pas autonome. Vous aurez besoin de la Passerelle Ecowitt (disponible dans notre boutique en ligne). Regardez vos donn\u00e9es d&#8217;humidit\u00e9 du sol r\u00e9elles partout dans le monde.<\/h2>\n<p>Le capteur d&#8217;humidit\u00e9 Ecowitt envoie un signal radio <u>(868 Mhz)<\/u> \u00e0 la passerelle toutes les minutes et la <a href=\"https:\/\/www.plantcaretools.com\/fr\/product\/ecowitt-passerelle-avec-capteur\/\"><strong>passerelle<\/strong><\/a> se charge de rendre les donn\u00e9es disponibles dans votre Wifi. Tr\u00e8s pr\u00e9cis, et vous pouvez surveiller max. 8 capteurs en m\u00eame temps.<\/p>\n","protected":false},"featured_media":17888,"comment_status":"open","ping_status":"closed","template":"","meta":{"_acf_changed":false},"product_brand":[],"product_cat":[115,125,149],"product_tag":[],"class_list":{"0":"post-7154","1":"product","2":"type-product","3":"status-publish","4":"has-post-thumbnail","6":"product_cat-instrumentss-de-mesure","7":"product_cat-produits-plantcaretools","8":"product_cat-utilisateurs-professionnels","10":"first","11":"instock","12":"taxable","13":"shipping-taxable","14":"purchasable","15":"product-type-simple"},"acf":[],"yoast_head":"<!-- This site is optimized with the Yoast SEO Premium plugin v26.1 (Yoast SEO v27.3) - https:\/\/yoast.com\/product\/yoast-seo-premium-wordpress\/ -->\n<title>Capteur d&#039;humidit\u00e9 Ecowitt - Plant Care Tools<\/title>\n<meta name=\"description\" content=\"Le capteur d&#039;humidit\u00e9 Ecowitt du sol envoie un signal radio \u00e0 la passerelle Ecowitt chaque minute et disponibles dans votre Wifi partout\" \/>\n<meta name=\"robots\" content=\"index, follow, max-snippet:-1, max-image-preview:large, max-video-preview:-1\" \/>\n<link rel=\"canonical\" href=\"https:\/\/www.plantcaretools.com\/fr\/produit\/instrumentss-de-mesure\/capteur-dhumidite-ecowitt\/\" \/>\n<script type=\"application\/ld+json\" class=\"yoast-schema-graph\">{\"@context\":\"https:\\\/\\\/schema.org\",\"@graph\":[{\"@type\":\"BreadcrumbList\",\"@id\":\"https:\\\/\\\/www.plantcaretools.com\\\/fr\\\/produit\\\/instrumentss-de-mesure\\\/capteur-dhumidite-ecowitt\\\/#breadcrumb\",\"itemListElement\":[{\"@type\":\"ListItem\",\"position\":1,\"name\":\"Home\",\"item\":\"https:\\\/\\\/www.plantcaretools.com\\\/fr\\\/\"},{\"@type\":\"ListItem\",\"position\":2,\"name\":\"Produits\",\"item\":\"https:\\\/\\\/www.plantcaretools.com\\\/fr\\\/produits\\\/\"},{\"@type\":\"ListItem\",\"position\":3,\"name\":\"Capteur d&#8217;humidit\u00e9 Ecowitt\"}]}]}<\/script>\n<!-- \/ Yoast SEO Premium plugin. -->","yoast_head_json":{"title":"Capteur d'humidit\u00e9 Ecowitt - Plant Care Tools","description":"Le capteur d'humidit\u00e9 Ecowitt du sol envoie un signal radio \u00e0 la passerelle Ecowitt chaque minute et disponibles dans votre Wifi partout","robots":{"index":"index","follow":"follow","max-snippet":"max-snippet:-1","max-image-preview":"max-image-preview:large","max-video-preview":"max-video-preview:-1"},"canonical":"https:\/\/www.plantcaretools.com\/fr\/produit\/instrumentss-de-mesure\/capteur-dhumidite-ecowitt\/","schema":{"@context":"https:\/\/schema.org","@graph":[{"@type":"BreadcrumbList","@id":"https:\/\/www.plantcaretools.com\/fr\/produit\/instrumentss-de-mesure\/capteur-dhumidite-ecowitt\/#breadcrumb","itemListElement":[{"@type":"ListItem","position":1,"name":"Home","item":"https:\/\/www.plantcaretools.com\/fr\/"},{"@type":"ListItem","position":2,"name":"Produits","item":"https:\/\/www.plantcaretools.com\/fr\/produits\/"},{"@type":"ListItem","position":3,"name":"Capteur d&#8217;humidit\u00e9 Ecowitt"}]}]}},"jetpack_sharing_enabled":true,"_links":{"self":[{"href":"https:\/\/www.plantcaretools.com\/fr\/wp-json\/wp\/v2\/product\/7154","targetHints":{"allow":["GET"]}}],"collection":[{"href":"https:\/\/www.plantcaretools.com\/fr\/wp-json\/wp\/v2\/product"}],"about":[{"href":"https:\/\/www.plantcaretools.com\/fr\/wp-json\/wp\/v2\/types\/product"}],"replies":[{"embeddable":true,"href":"https:\/\/www.plantcaretools.com\/fr\/wp-json\/wp\/v2\/comments?post=7154"}],"wp:featuredmedia":[{"embeddable":true,"href":"https:\/\/www.plantcaretools.com\/fr\/wp-json\/wp\/v2\/media\/17888"}],"wp:attachment":[{"href":"https:\/\/www.plantcaretools.com\/fr\/wp-json\/wp\/v2\/media?parent=7154"}],"wp:term":[{"taxonomy":"product_brand","embeddable":true,"href":"https:\/\/www.plantcaretools.com\/fr\/wp-json\/wp\/v2\/product_brand?post=7154"},{"taxonomy":"product_cat","embeddable":true,"href":"https:\/\/www.plantcaretools.com\/fr\/wp-json\/wp\/v2\/product_cat?post=7154"},{"taxonomy":"product_tag","embeddable":true,"href":"https:\/\/www.plantcaretools.com\/fr\/wp-json\/wp\/v2\/product_tag?post=7154"}],"curies":[{"name":"wp","href":"https:\/\/api.w.org\/{rel}","templated":true}]}}