{"id":7163,"date":"2020-07-23T15:08:01","date_gmt":"2020-07-23T13:08:01","guid":{"rendered":"https:\/\/www.plantcaretools.com\/non%20class\u00e9\/thirsty-light-pour-plantes\/"},"modified":"2024-02-05T11:02:29","modified_gmt":"2024-02-05T10:02:29","slug":"thirsty-light-pour-plantes","status":"publish","type":"product","link":"https:\/\/www.plantcaretools.com\/fr\/produit\/instrumentss-de-mesure\/thirsty-light-pour-plantes\/","title":{"rendered":"Thirsty Light pour Plantes"},"content":{"rendered":"<h2>Lorsque votre plante a soif, le capteur d\u2019humidit\u00e9 vous indiquera par une lumi\u00e8re rouge<\/h2>\n<p>Il est toujours difficile de d\u00e9terminer si une plante d\u2019int\u00e9rieur re\u00e7oit suffisamment, trop ou pas assez d\u2019eau. Ce capteur d\u2019humidit\u00e9 est une excellente aide! Un capteur dans la sonde indique si le sol est assez humide. Lorsque la couleur rouge clignote, le sol est compl\u00e8tement sec et avec une couleur verte, il est encore humide. Lorsque le sol devient moins humide, il devient orange.<br \/>\nMode instantan\u00e9 et permanent. Nous vous recommandons d\u2019utiliser le Thirsty Light pour les plantes \u00e0 l\u2019int\u00e9rieur. Deux piles LR44 sont incluses. Ils durent environ 1 an et sont faciles \u00e0 remplacer. Manuel en Francais.<br \/>\n10% de r\u00e9duction \u00e0 partir de 3 pi\u00e8ces.<\/p>\n<p>Le Thirsty Light pour les plantes est livr\u00e9 en mode \u00abarr\u00eat\u00bb pour pr\u00e9server la dur\u00e9e de vie de la batterie. Avant d\u2019ins\u00e9rer le capteur dans le sol, mettez-le sous tension en appuyant sur le bouton et en le maintenant enfonc\u00e9 pendant 3 secondes. Lors de l&#8217;activation, l&#8217;\u00e9l\u00e9ment clignotera 3 fois et commencera imm\u00e9diatement \u00e0 mesurer la teneur en eau.<br \/>\nIns\u00e9rez le capteur dans le sol de votre plante. Assurez-vous que le sol est doucement compact\u00e9 autour de la sonde avec vos doigts. Poussez le capteur d&#8217;humidit\u00e9 du sol dans le sol jusqu&#8217;\u00e0 ce qu&#8217;il atteigne \u00ab5\u00bb sur la sonde. Une fois que le capteur est allum\u00e9, il testera l&#8217;humidit\u00e9 du sol toutes les deux heures. Si le niveau d&#8217;humidit\u00e9 est normal, l&#8217;indicateur clignotera une fois en vert. Lorsque la plante a besoin d&#8217;eau, l&#8217;indicateur clignote 3 fois en orange. Au moment o\u00f9 l&#8217;indicateur clignote en rouge toutes les six secondes, il vous rappelle d&#8217;arroser imm\u00e9diatement. Lors de l&#8217;ajout d&#8217;eau, le niveau d&#8217;humidit\u00e9 reviendra \u00e0 la normale et l&#8217;indicateur cessera de clignoter en rouge. Il clignotera bient\u00f4t en vert une fois, pour indiquer que le niveau d&#8217;humidit\u00e9 est \u00e0 nouveau suffisant. Facile \u00e0 adapter si vous souhaitez que le capteur vous avertisse plus t\u00f4t ou plus tard en fonction de la quantit\u00e9 d&#8217;eau dont votre plante a besoin (voir le manuel).<\/p>\n","protected":false},"excerpt":{"rendered":"<h2>Lorsque votre plante a soif, le capteur d&#8217;humidit\u00e9 vous indiquera par une lumi\u00e8re rouge<\/h2>\n<p>Il est toujours difficile de d\u00e9terminer si une plante d&#8217;int\u00e9rieur re\u00e7oit suffisamment, trop ou pas assez d&#8217;eau. Ce capteur d&#8217;humidit\u00e9 est une excellente aide! Un capteur dans la sonde indique si le sol est assez humide. Lorsque la couleur rouge clignote, le sol est compl\u00e8tement sec et avec une couleur verte, il est encore humide. Lorsque le sol devient moins humide, il devient orange.<br \/>\nMode instantan\u00e9 et permanent. Nous vous recommandons d&#8217;utiliser le Thirsty Light pour les plantes \u00e0 l&#8217;int\u00e9rieur. Deux piles LR44 sont incluses. Ils durent environ 1 an et sont faciles \u00e0 remplacer. Manuel en Francais.<br \/>\n10% de r\u00e9duction \u00e0 partir de 3 pi\u00e8ces.<\/p>\n","protected":false},"featured_media":4443,"comment_status":"open","ping_status":"closed","template":"","meta":{"_acf_changed":false},"product_brand":[],"product_cat":[115],"product_tag":[],"class_list":{"0":"post-7163","1":"product","2":"type-product","3":"status-publish","4":"has-post-thumbnail","6":"product_cat-instrumentss-de-mesure","8":"first","9":"outofstock","10":"taxable","11":"shipping-taxable","12":"purchasable","13":"product-type-simple"},"acf":[],"yoast_head":"<!-- This site is optimized with the Yoast SEO Premium plugin v26.1 (Yoast SEO v27.3) - https:\/\/yoast.com\/product\/yoast-seo-premium-wordpress\/ -->\n<title>Thirsty Light pour Plantes - Plant Care Tools<\/title>\n<meta name=\"description\" content=\"Lorsque votre plante a soif, le Thirsty Light pour Plantes le montrera avec une lumi\u00e8re rouge clignotante. Une excellente aide.\" \/>\n<meta name=\"robots\" content=\"index, follow, max-snippet:-1, max-image-preview:large, max-video-preview:-1\" \/>\n<link rel=\"canonical\" href=\"https:\/\/www.plantcaretools.com\/fr\/produit\/instrumentss-de-mesure\/thirsty-light-pour-plantes\/\" \/>\n<script type=\"application\/ld+json\" class=\"yoast-schema-graph\">{\"@context\":\"https:\\\/\\\/schema.org\",\"@graph\":[{\"@type\":\"BreadcrumbList\",\"@id\":\"https:\\\/\\\/www.plantcaretools.com\\\/fr\\\/produit\\\/instrumentss-de-mesure\\\/thirsty-light-pour-plantes\\\/#breadcrumb\",\"itemListElement\":[{\"@type\":\"ListItem\",\"position\":1,\"name\":\"Home\",\"item\":\"https:\\\/\\\/www.plantcaretools.com\\\/fr\\\/\"},{\"@type\":\"ListItem\",\"position\":2,\"name\":\"Produits\",\"item\":\"https:\\\/\\\/www.plantcaretools.com\\\/fr\\\/produits\\\/\"},{\"@type\":\"ListItem\",\"position\":3,\"name\":\"Thirsty Light pour Plantes\"}]}]}<\/script>\n<!-- \/ Yoast SEO Premium plugin. -->","yoast_head_json":{"title":"Thirsty Light pour Plantes - Plant Care Tools","description":"Lorsque votre plante a soif, le Thirsty Light pour Plantes le montrera avec une lumi\u00e8re rouge clignotante. Une excellente aide.","robots":{"index":"index","follow":"follow","max-snippet":"max-snippet:-1","max-image-preview":"max-image-preview:large","max-video-preview":"max-video-preview:-1"},"canonical":"https:\/\/www.plantcaretools.com\/fr\/produit\/instrumentss-de-mesure\/thirsty-light-pour-plantes\/","schema":{"@context":"https:\/\/schema.org","@graph":[{"@type":"BreadcrumbList","@id":"https:\/\/www.plantcaretools.com\/fr\/produit\/instrumentss-de-mesure\/thirsty-light-pour-plantes\/#breadcrumb","itemListElement":[{"@type":"ListItem","position":1,"name":"Home","item":"https:\/\/www.plantcaretools.com\/fr\/"},{"@type":"ListItem","position":2,"name":"Produits","item":"https:\/\/www.plantcaretools.com\/fr\/produits\/"},{"@type":"ListItem","position":3,"name":"Thirsty Light pour Plantes"}]}]}},"jetpack_sharing_enabled":true,"_links":{"self":[{"href":"https:\/\/www.plantcaretools.com\/fr\/wp-json\/wp\/v2\/product\/7163","targetHints":{"allow":["GET"]}}],"collection":[{"href":"https:\/\/www.plantcaretools.com\/fr\/wp-json\/wp\/v2\/product"}],"about":[{"href":"https:\/\/www.plantcaretools.com\/fr\/wp-json\/wp\/v2\/types\/product"}],"replies":[{"embeddable":true,"href":"https:\/\/www.plantcaretools.com\/fr\/wp-json\/wp\/v2\/comments?post=7163"}],"wp:featuredmedia":[{"embeddable":true,"href":"https:\/\/www.plantcaretools.com\/fr\/wp-json\/wp\/v2\/media\/4443"}],"wp:attachment":[{"href":"https:\/\/www.plantcaretools.com\/fr\/wp-json\/wp\/v2\/media?parent=7163"}],"wp:term":[{"taxonomy":"product_brand","embeddable":true,"href":"https:\/\/www.plantcaretools.com\/fr\/wp-json\/wp\/v2\/product_brand?post=7163"},{"taxonomy":"product_cat","embeddable":true,"href":"https:\/\/www.plantcaretools.com\/fr\/wp-json\/wp\/v2\/product_cat?post=7163"},{"taxonomy":"product_tag","embeddable":true,"href":"https:\/\/www.plantcaretools.com\/fr\/wp-json\/wp\/v2\/product_tag?post=7163"}],"curies":[{"name":"wp","href":"https:\/\/api.w.org\/{rel}","templated":true}]}}