{"id":7225,"date":"2020-11-16T09:10:53","date_gmt":"2020-11-16T08:10:53","guid":{"rendered":"https:\/\/www.plantcaretools.com\/non%20class\u00e9\/systeme-darrosage-pour-plantes-en-pot-12-pieces\/"},"modified":"2024-08-01T13:06:03","modified_gmt":"2024-08-01T11:06:03","slug":"systeme-darrosage-pour-plantes-en-pot-10-pieces","status":"publish","type":"product","link":"https:\/\/www.plantcaretools.com\/fr\/produit\/systemes-dirrigation\/systeme-darrosage-pour-plantes-en-pot-10-pieces\/","title":{"rendered":"Syst\u00e8me d\u2019arrosage pour plantes en pot"},"content":{"rendered":"<h2>Syst\u00e8me d\u2019arrosage pour plantes en pot. Facile \u00e0 utiliser. 1 Paquet contient 10 pi\u00e8ces.<\/h2>\n<p>Ce\u00a0Syst\u00e8me d&#8217;arrosage pour plantes en pot est tr\u00e8s facile \u00e0 installer. Vissez le goutteur sur une bouteille en plastique avec le m\u00eame filetage. Enfoncez le robinet dans le goutteur. Placez la bouteille \u00e0 l&#8217;envers dans le pot, pr\u00e8s de la plante, et vous n&#8217;aurez plus besoin d&#8217;arroser pendant plusieurs semaines. N&#8217;oubliez pas de percer quelques trous au fond de la bouteille. R\u00e9glez maintenant le robinet sur la quantit\u00e9 d&#8217;eau souhait\u00e9e. Remplissez la bouteille lorsqu&#8217;elle est presque vide. Id\u00e9al lorsque vous \u00eates en d\u00e9placement ou en vacances. Syst\u00e8me brevet\u00e9 permettant de r\u00e9gler le d\u00e9bit d&#8217;eau \u00e0 l&#8217;aide d&#8217;un bouton situ\u00e9 sur le goutteur. En fonction de la taille de la plante et de la bouteille, et du r\u00e9glage du goutteur, la plante aura assez d&#8217;eau pour 1 \u00e0 3 semaines.<\/p>\n<p><strong>Caract\u00e9ristiques de ce syst\u00e8me d&#8217;arrosage :<\/strong><\/p>\n<ul>\n<li>Tr\u00e8s facile \u00e0 installer<\/li>\n<li>Id\u00e9al pour un week-end ou des vacances prolong\u00e9es<\/li>\n<li>Une bouteille pleine signifie qu&#8217;il n&#8217;est plus n\u00e9cessaire d&#8217;arroser les plantes en pot pendant 1 \u00e0 3 semaines<\/li>\n<li>Plus d&#8217;arrosage insuffisant ou excessif<\/li>\n<li>Syst\u00e8me r\u00e9utilisable : il suffit de remplir la bouteille lorsqu&#8217;elle est presque vide<\/li>\n<li>Syst\u00e8me d&#8217;arrosage brevet\u00e9 pour les plantes en pot<\/li>\n<li>Le d\u00e9bit d&#8217;eau peut \u00eatre r\u00e9gl\u00e9 \u00e0 l&#8217;aide d&#8217;un bouton situ\u00e9 sur le goutteur.<\/li>\n<\/ul>\n<p><strong>Ce produit contient:<\/strong><\/p>\n<ul>\n<li>1 paquet de 10 goutteurs<\/li>\n<li>La bouteille en plastique n&#8217;est pas incluse<\/li>\n<\/ul>\n","protected":false},"excerpt":{"rendered":"<h2><strong>Syst\u00e8me d&#8217;arrosage facile \u00e0 utiliser. Par paquet de 10 pi\u00e8ces.<\/strong><\/h2>\n<p>Vissez le goutteur sur une bouteille en plastique. Faites plusieurs trous dans le fond de la bouteille. Placez la bouteille \u00e0 l&#8217;envers dans le pot pr\u00e8s de la plante et vous n&#8217;aurez plus besoin d&#8217;arroser pendant plusieurs semaines. La plante recevra la quantit\u00e9 d&#8217;eau dont elle a besoin, il n&#8217;y aura donc plus d&#8217;arrosage insuffisant ou excessif. Remplissez la bouteille lorsqu&#8217;elle est presque vide. Id\u00e9al lorsque vous \u00eates en d\u00e9placement ou en vacances. Syst\u00e8me brevet\u00e9 permettant de r\u00e9gler le d\u00e9bit d&#8217;eau \u00e0 l&#8217;aide d&#8217;un bouton situ\u00e9 sur le compte-gouttes. Vous pouvez \u00e9ventuellement ajouter de l&#8217;engrais liquide \u00e0 l&#8217;eau contenue dans la bouteille.<\/p>\n","protected":false},"featured_media":20531,"comment_status":"open","ping_status":"closed","template":"","meta":{"_acf_changed":false},"product_brand":[],"product_cat":[106],"product_tag":[],"class_list":{"0":"post-7225","1":"product","2":"type-product","3":"status-publish","4":"has-post-thumbnail","6":"product_cat-systemes-dirrigation","8":"first","9":"instock","10":"taxable","11":"shipping-taxable","12":"purchasable","13":"product-type-simple"},"acf":[],"yoast_head":"<!-- This site is optimized with the Yoast SEO Premium plugin v26.1 (Yoast SEO v27.3) - https:\/\/yoast.com\/product\/yoast-seo-premium-wordpress\/ -->\n<title>Syst\u00e8me d\u2019arrosage pour plantes en pot - Plant Care Tools<\/title>\n<meta name=\"description\" content=\"Id\u00e9al lorsque vous \u00eates en vacances. Il suffit de visser le syst\u00e8me d\u2019arrosage pour plantes en pot (10 pi\u00e8ces) sur une bouteille en plastique\" \/>\n<meta name=\"robots\" content=\"index, follow, max-snippet:-1, max-image-preview:large, max-video-preview:-1\" \/>\n<link rel=\"canonical\" href=\"https:\/\/www.plantcaretools.com\/fr\/produit\/systemes-dirrigation\/systeme-darrosage-pour-plantes-en-pot-10-pieces\/\" \/>\n<script type=\"application\/ld+json\" class=\"yoast-schema-graph\">{\"@context\":\"https:\\\/\\\/schema.org\",\"@graph\":[{\"@type\":\"BreadcrumbList\",\"@id\":\"https:\\\/\\\/www.plantcaretools.com\\\/fr\\\/produit\\\/systemes-dirrigation\\\/systeme-darrosage-pour-plantes-en-pot-10-pieces\\\/#breadcrumb\",\"itemListElement\":[{\"@type\":\"ListItem\",\"position\":1,\"name\":\"Home\",\"item\":\"https:\\\/\\\/www.plantcaretools.com\\\/fr\\\/\"},{\"@type\":\"ListItem\",\"position\":2,\"name\":\"Produits\",\"item\":\"https:\\\/\\\/www.plantcaretools.com\\\/fr\\\/produits\\\/\"},{\"@type\":\"ListItem\",\"position\":3,\"name\":\"Syst\u00e8me d\u2019arrosage pour plantes en pot\"}]}]}<\/script>\n<!-- \/ Yoast SEO Premium plugin. -->","yoast_head_json":{"title":"Syst\u00e8me d\u2019arrosage pour plantes en pot - Plant Care Tools","description":"Id\u00e9al lorsque vous \u00eates en vacances. Il suffit de visser le syst\u00e8me d\u2019arrosage pour plantes en pot (10 pi\u00e8ces) sur une bouteille en plastique","robots":{"index":"index","follow":"follow","max-snippet":"max-snippet:-1","max-image-preview":"max-image-preview:large","max-video-preview":"max-video-preview:-1"},"canonical":"https:\/\/www.plantcaretools.com\/fr\/produit\/systemes-dirrigation\/systeme-darrosage-pour-plantes-en-pot-10-pieces\/","schema":{"@context":"https:\/\/schema.org","@graph":[{"@type":"BreadcrumbList","@id":"https:\/\/www.plantcaretools.com\/fr\/produit\/systemes-dirrigation\/systeme-darrosage-pour-plantes-en-pot-10-pieces\/#breadcrumb","itemListElement":[{"@type":"ListItem","position":1,"name":"Home","item":"https:\/\/www.plantcaretools.com\/fr\/"},{"@type":"ListItem","position":2,"name":"Produits","item":"https:\/\/www.plantcaretools.com\/fr\/produits\/"},{"@type":"ListItem","position":3,"name":"Syst\u00e8me d\u2019arrosage pour plantes en pot"}]}]}},"jetpack_sharing_enabled":true,"_links":{"self":[{"href":"https:\/\/www.plantcaretools.com\/fr\/wp-json\/wp\/v2\/product\/7225","targetHints":{"allow":["GET"]}}],"collection":[{"href":"https:\/\/www.plantcaretools.com\/fr\/wp-json\/wp\/v2\/product"}],"about":[{"href":"https:\/\/www.plantcaretools.com\/fr\/wp-json\/wp\/v2\/types\/product"}],"replies":[{"embeddable":true,"href":"https:\/\/www.plantcaretools.com\/fr\/wp-json\/wp\/v2\/comments?post=7225"}],"wp:featuredmedia":[{"embeddable":true,"href":"https:\/\/www.plantcaretools.com\/fr\/wp-json\/wp\/v2\/media\/20531"}],"wp:attachment":[{"href":"https:\/\/www.plantcaretools.com\/fr\/wp-json\/wp\/v2\/media?parent=7225"}],"wp:term":[{"taxonomy":"product_brand","embeddable":true,"href":"https:\/\/www.plantcaretools.com\/fr\/wp-json\/wp\/v2\/product_brand?post=7225"},{"taxonomy":"product_cat","embeddable":true,"href":"https:\/\/www.plantcaretools.com\/fr\/wp-json\/wp\/v2\/product_cat?post=7225"},{"taxonomy":"product_tag","embeddable":true,"href":"https:\/\/www.plantcaretools.com\/fr\/wp-json\/wp\/v2\/product_tag?post=7225"}],"curies":[{"name":"wp","href":"https:\/\/api.w.org\/{rel}","templated":true}]}}