{"id":7230,"date":"2021-02-04T17:52:34","date_gmt":"2021-02-04T16:52:34","guid":{"rendered":"https:\/\/www.plantcaretools.com\/non%20class\u00e9\/minuterie-dirrigation-wifi-exterieur\/"},"modified":"2024-06-13T11:38:59","modified_gmt":"2024-06-13T09:38:59","slug":"minuterie-dirrigation-wifi-exterieur","status":"publish","type":"product","link":"https:\/\/www.plantcaretools.com\/fr\/produit\/systemes-dirrigation\/minuterie-dirrigation-wifi-exterieur\/","title":{"rendered":"Minuterie d&#8217;irrigation WiFi ext\u00e9rieur AVEC passerelle"},"content":{"rendered":"<h2>Le contenu du paquet se compose de la Passerelle WiFi (avec prise WiFi suppl\u00e9mentaire) et de la minuterie d&#8217;irrigation WiFi ext\u00e9rieur.<\/h2>\n<h3>Nous vous recommandons vivement d&#8217;acheter \u00e9galement le capteur d&#8217;humidit\u00e9 du sol sans fil, \u00e9galement disponible dans notre boutique en ligne <a href=\"https:\/\/www.plantcaretools.com\/fr\/product\/capteur-dhumidite-du-sol-pour-minuterie-dirrigation-wifi-exterieur\/\"><strong>ici<\/strong><\/a>.<\/h3>\n<p>Le capteur vous permet de visualiser le niveau d&#8217;humidit\u00e9 et la temp\u00e9rature du sol. A tout moment, n&#8217;importe o\u00f9 dans l&#8217;application. Le capteur vous permettra d&#8217;automatiser encore plus vos programmes d&#8217;irrigation et vous aidera \u00e0 \u00e9conomiser l&#8217;eau. Vous pouvez surveiller max. 1 capteur d&#8217;humidit\u00e9 du sol par Passerelle. Une Passerelle peut surveiller jusqu&#8217;\u00e0 4 minuteries d&#8217;irrigation si vous souhaitez installer plus d&#8217;une zone (4 zones maximum).<\/p>\n<p>Les minuteries d&#8217;irrigation s\u00e9par\u00e9s sans Passerelle sont \u00e9galement disponibles dans notre boutique en ligne ici dans le cas vous souhaitez installer plus de zones. La Passerelle a besoin d&#8217;un acc\u00e8s WiFi. La minuterie doit \u00eatre install\u00e9 au maximum 50 &#8211; 100 M de la Passerelle (selon le nombre d&#8217;obstacles entre eux).<\/p>\n<p>Le capteur d&#8217;humidit\u00e9 du sol en option n&#8217;a pas besoin d&#8217;acc\u00e8s WiFi. Le capteur utilise un signal radio (433 MHz) pour envoyer les donn\u00e9es a la minuterie toutes les 5 min. La distance maximale entre la minuterie et le capteur d&#8217;humidit\u00e9 du sol dans un champ libre est d&#8217;environ 100 M.<\/p>\n<p><strong>Caract\u00e9ristiques importantes:<\/strong><\/p>\n<ul>\n<li>Fonctionne avec des batteries (4 piles AA, non incluses). Les piles durent environ 1 an<\/li>\n<li>Contr\u00f4le complet de l&#8217;irrigation \u00e0 tout moment, n&#8217;importe o\u00f9 avec l&#8217;application &#8220;ControlMaster&#8221;<\/li>\n<li>Mode de fonctionnement manuel et automatique<\/li>\n<li>Alerte de fuite d&#8217;eau de la minuterie<\/li>\n<li>Conditions m\u00e9t\u00e9orologiques locales en temps r\u00e9el visible dans l\u2019application<\/li>\n<li>Fonction de retard \u00e0 cause de la pluie pour \u00e9conomiser l&#8217;eau<\/li>\n<li>Capteur de d\u00e9bit d&#8217;eau int\u00e9gr\u00e9. Vous pouvez v\u00e9rifier la derni\u00e8re consommation d&#8217;eau dans l&#8217;applicatio<\/li>\n<li>Facile \u00e0 configurer et \u00e0 modifier les plans d&#8217;irrigation dans l&#8217;application<\/li>\n<li>La Passerelle dispose d&#8217;une prise WiFi suppl\u00e9mentaire avec minuterie (contr\u00f4lable dans l&#8217;application)<\/li>\n<li>Manuel d&#8217;utilisation \u00e9tendu en Fran\u00e7ais<\/li>\n<\/ul>\n","protected":false},"excerpt":{"rendered":"<h2>G\u00e9rez votre irrigation ext\u00e9rieure n&#8217;importe o\u00f9, n&#8217;importe quand avec la minuterie d&#8217;irrigation WiFi ext\u00e9rieur RainPoint. Fonctionne avec l&#8217;application gratuite ControlMaster (en Fran\u00e7ais)<\/h2>\n<p>Connectez la Passerelle \u00e0 votre routeur WiFi domestique avec l&#8217;application &#8220;ControlMaster&#8221; et vous pouvez configurer un syst\u00e8me d&#8217;irrigation intelligent \u00e0 la maison. C&#8217;est comme un centre de commande, toutes les commandes d&#8217;arrosage de l&#8217;application seront envoy\u00e9es \u00e0 la minuterie d&#8217;irrigation WiFi ext\u00e9rieur par la passerelle, et le retour d\u2019information sera affich\u00e9s dans l&#8217;application, \u00e0 tout moment et n&#8217;importe o\u00f9. Un contr\u00f4le total ou que vous soyez\u00a0!<\/p>\n","protected":false},"featured_media":20012,"comment_status":"open","ping_status":"closed","template":"","meta":{"_acf_changed":false},"product_brand":[],"product_cat":[125,106],"product_tag":[217],"class_list":{"0":"post-7230","1":"product","2":"type-product","3":"status-publish","4":"has-post-thumbnail","6":"product_cat-produits-plantcaretools","7":"product_cat-systemes-dirrigation","8":"product_tag-rainpoint-fr","10":"first","11":"instock","12":"taxable","13":"shipping-taxable","14":"purchasable","15":"product-type-simple"},"acf":[],"yoast_head":"<!-- This site is optimized with the Yoast SEO Premium plugin v26.1 (Yoast SEO v27.3) - https:\/\/yoast.com\/product\/yoast-seo-premium-wordpress\/ -->\n<title>Minuterie d&#039;irrigation WiFi ext\u00e9rieur - Plant Care Tools<\/title>\n<meta name=\"description\" content=\"G\u00e9rez votre irrigation ext\u00e9rieure n&#039;importe o\u00f9, avec le Minuterie d&#039;irrigation WiFi ext\u00e9rieur RainPoint (application gratuite ControlMaster)\" \/>\n<meta name=\"robots\" content=\"index, follow, max-snippet:-1, max-image-preview:large, max-video-preview:-1\" \/>\n<link rel=\"canonical\" href=\"https:\/\/www.plantcaretools.com\/fr\/produit\/systemes-dirrigation\/minuterie-dirrigation-wifi-exterieur\/\" \/>\n<script type=\"application\/ld+json\" class=\"yoast-schema-graph\">{\"@context\":\"https:\\\/\\\/schema.org\",\"@graph\":[{\"@type\":\"BreadcrumbList\",\"@id\":\"https:\\\/\\\/www.plantcaretools.com\\\/fr\\\/produit\\\/systemes-dirrigation\\\/minuterie-dirrigation-wifi-exterieur\\\/#breadcrumb\",\"itemListElement\":[{\"@type\":\"ListItem\",\"position\":1,\"name\":\"Home\",\"item\":\"https:\\\/\\\/www.plantcaretools.com\\\/fr\\\/\"},{\"@type\":\"ListItem\",\"position\":2,\"name\":\"Produits\",\"item\":\"https:\\\/\\\/www.plantcaretools.com\\\/fr\\\/produits\\\/\"},{\"@type\":\"ListItem\",\"position\":3,\"name\":\"Minuterie d&#8217;irrigation WiFi ext\u00e9rieur AVEC passerelle\"}]}]}<\/script>\n<!-- \/ Yoast SEO Premium plugin. -->","yoast_head_json":{"title":"Minuterie d'irrigation WiFi ext\u00e9rieur - Plant Care Tools","description":"G\u00e9rez votre irrigation ext\u00e9rieure n'importe o\u00f9, avec le Minuterie d'irrigation WiFi ext\u00e9rieur RainPoint (application gratuite ControlMaster)","robots":{"index":"index","follow":"follow","max-snippet":"max-snippet:-1","max-image-preview":"max-image-preview:large","max-video-preview":"max-video-preview:-1"},"canonical":"https:\/\/www.plantcaretools.com\/fr\/produit\/systemes-dirrigation\/minuterie-dirrigation-wifi-exterieur\/","schema":{"@context":"https:\/\/schema.org","@graph":[{"@type":"BreadcrumbList","@id":"https:\/\/www.plantcaretools.com\/fr\/produit\/systemes-dirrigation\/minuterie-dirrigation-wifi-exterieur\/#breadcrumb","itemListElement":[{"@type":"ListItem","position":1,"name":"Home","item":"https:\/\/www.plantcaretools.com\/fr\/"},{"@type":"ListItem","position":2,"name":"Produits","item":"https:\/\/www.plantcaretools.com\/fr\/produits\/"},{"@type":"ListItem","position":3,"name":"Minuterie d&#8217;irrigation WiFi ext\u00e9rieur AVEC passerelle"}]}]}},"jetpack_sharing_enabled":true,"_links":{"self":[{"href":"https:\/\/www.plantcaretools.com\/fr\/wp-json\/wp\/v2\/product\/7230","targetHints":{"allow":["GET"]}}],"collection":[{"href":"https:\/\/www.plantcaretools.com\/fr\/wp-json\/wp\/v2\/product"}],"about":[{"href":"https:\/\/www.plantcaretools.com\/fr\/wp-json\/wp\/v2\/types\/product"}],"replies":[{"embeddable":true,"href":"https:\/\/www.plantcaretools.com\/fr\/wp-json\/wp\/v2\/comments?post=7230"}],"wp:featuredmedia":[{"embeddable":true,"href":"https:\/\/www.plantcaretools.com\/fr\/wp-json\/wp\/v2\/media\/20012"}],"wp:attachment":[{"href":"https:\/\/www.plantcaretools.com\/fr\/wp-json\/wp\/v2\/media?parent=7230"}],"wp:term":[{"taxonomy":"product_brand","embeddable":true,"href":"https:\/\/www.plantcaretools.com\/fr\/wp-json\/wp\/v2\/product_brand?post=7230"},{"taxonomy":"product_cat","embeddable":true,"href":"https:\/\/www.plantcaretools.com\/fr\/wp-json\/wp\/v2\/product_cat?post=7230"},{"taxonomy":"product_tag","embeddable":true,"href":"https:\/\/www.plantcaretools.com\/fr\/wp-json\/wp\/v2\/product_tag?post=7230"}],"curies":[{"name":"wp","href":"https:\/\/api.w.org\/{rel}","templated":true}]}}