{"id":7271,"date":"2021-02-04T17:58:09","date_gmt":"2021-02-04T16:58:09","guid":{"rendered":"https:\/\/www.plantcaretools.com\/non%20class\u00e9\/capteur-dhumidite-du-sol-pour-minuterie-dirrigation-wifi-exterieur\/"},"modified":"2024-06-16T11:51:06","modified_gmt":"2024-06-16T09:51:06","slug":"capteur-dhumidite-du-sol-pour-minuterie-dirrigation-wifi-exterieur","status":"publish","type":"product","link":"https:\/\/www.plantcaretools.com\/fr\/produit\/systemes-dirrigation\/capteur-dhumidite-du-sol-pour-minuterie-dirrigation-wifi-exterieur\/","title":{"rendered":"Capteur d&#8217;humidit\u00e9 du sol pour minuterie d&#8217;irrigation WiFi ext\u00e9rieur"},"content":{"rendered":"<p><strong>Le capteur d&#8217;humidit\u00e9 du sol n&#8217;est pas un produit autonome!<\/strong> Pour cela, vous avez besoin de la minuterie d\u2019irrigation WiFi ext\u00e9rieur (\u00e9galement disponible <a href=\"https:\/\/www.plantcaretools.com\/fr\/product\/minuterie-dirrigation-wifi-exterieur\/\"><strong>ici<\/strong><\/a> dans notre boutique en ligne). Le capteur RainPoint vous permet de surveiller l&#8217;humidit\u00e9 et la temp\u00e9rature du sol dans l\u2019application \u00e0 tout moment et n&#8217;importe o\u00f9. Vous pourrez automatiser les programmes d&#8217;irrigation en fonction de la teneur en humidit\u00e9 du sol. Vous pouvez installer max. 1 capteur par passerelle. Le capteur envoie les donn\u00e9es toutes les 5 minutes via un signal radio (433 MHz) \u00e0 la passerelle. Vous pouvez \u00e9galement automatiser l&#8217;ex\u00e9cution des programmes d&#8217;irrigation en fonction du pourcentage d&#8217;humidit\u00e9 du sol. En r\u00e9glant le pourcentage d&#8217;humidit\u00e9 minimum souhait\u00e9 du capteur, aucune irrigation n&#8217;aura lieu automatiquement (m\u00eame si vous avez d\u00e9fini des programmes d&#8217;irrigation) tant que le pourcentage d&#8217;humidit\u00e9 actuel reste au-dessus de la valeur que vous avez d\u00e9finie. Par d\u00e9faut, ce pourcentage est de 60% (les programmes d&#8217;irrigation ne seront ex\u00e9cut\u00e9s qu&#8217;en dessous de 60%). Vous pouvez modifier manuellement la valeur minimale sur 20, 40, 80 ou 100%. Avec les 2 boutons noirs sur le capteur, vous pouvez \u00e9galement lire le pourcentage d&#8217;humidit\u00e9 sur le capteur lui-m\u00eame au moyen de 5 lumi\u00e8res LED. Le capteur d&#8217;humidit\u00e9 du sol est aliment\u00e9 par 3 piles AAA qui durent environ 1 an. L&#8217;\u00e9tat de la batterie du capteur est \u00e9galement affich\u00e9 dans l&#8217;application.<\/p>\n","protected":false},"excerpt":{"rendered":"<h2>Ce produit n&#8217;est pas un produit autonome!<\/h2>\n<p>Pour cela, vous avez besoin de la minuterie d\u2019irrigation WiFi ext\u00e9rieur (\u00e9galement disponible <a href=\"https:\/\/www.plantcaretools.com\/fr\/product\/minuterie-dirrigation-wifi-exterieur\/\"><strong>ici<\/strong><\/a> dans notre boutique en ligne). Le capteur RainPoint vous permet de surveiller l&#8217;humidit\u00e9 et la temp\u00e9rature du sol dans l\u2019application \u00e0 tout moment et n&#8217;importe o\u00f9. Vous pourrez automatiser les programmes d&#8217;irrigation en fonction de la teneur en humidit\u00e9 du sol.<\/p>\n","protected":false},"featured_media":3702,"comment_status":"open","ping_status":"closed","template":"","meta":{"_acf_changed":false},"product_brand":[],"product_cat":[106],"product_tag":[],"class_list":{"0":"post-7271","1":"product","2":"type-product","3":"status-publish","4":"has-post-thumbnail","6":"product_cat-systemes-dirrigation","8":"first","9":"instock","10":"taxable","11":"shipping-taxable","12":"purchasable","13":"product-type-simple"},"acf":[],"yoast_head":"<!-- This site is optimized with the Yoast SEO Premium plugin v26.1 (Yoast SEO v27.3) - https:\/\/yoast.com\/product\/yoast-seo-premium-wordpress\/ -->\n<title>Capteur d&#039;humidit\u00e9 du sol - Plant Care Tools<\/title>\n<meta name=\"description\" content=\"Capteur d&#039;humidit\u00e9 du sol. Ce produit n&#039;est pas un produit autonome! Pour cela, vous avez besoin de la minuterie d\u2019irrigation WiFi ext\u00e9rieur dans notre boutique\" \/>\n<meta name=\"robots\" content=\"index, follow, max-snippet:-1, max-image-preview:large, max-video-preview:-1\" \/>\n<link rel=\"canonical\" href=\"https:\/\/www.plantcaretools.com\/fr\/produit\/systemes-dirrigation\/capteur-dhumidite-du-sol-pour-minuterie-dirrigation-wifi-exterieur\/\" \/>\n<script type=\"application\/ld+json\" class=\"yoast-schema-graph\">{\"@context\":\"https:\\\/\\\/schema.org\",\"@graph\":[{\"@type\":\"BreadcrumbList\",\"@id\":\"https:\\\/\\\/www.plantcaretools.com\\\/fr\\\/produit\\\/systemes-dirrigation\\\/capteur-dhumidite-du-sol-pour-minuterie-dirrigation-wifi-exterieur\\\/#breadcrumb\",\"itemListElement\":[{\"@type\":\"ListItem\",\"position\":1,\"name\":\"Home\",\"item\":\"https:\\\/\\\/www.plantcaretools.com\\\/fr\\\/\"},{\"@type\":\"ListItem\",\"position\":2,\"name\":\"Produits\",\"item\":\"https:\\\/\\\/www.plantcaretools.com\\\/fr\\\/produits\\\/\"},{\"@type\":\"ListItem\",\"position\":3,\"name\":\"Capteur d&#8217;humidit\u00e9 du sol pour minuterie d&#8217;irrigation WiFi ext\u00e9rieur\"}]}]}<\/script>\n<!-- \/ Yoast SEO Premium plugin. -->","yoast_head_json":{"title":"Capteur d'humidit\u00e9 du sol - Plant Care Tools","description":"Capteur d'humidit\u00e9 du sol. Ce produit n'est pas un produit autonome! Pour cela, vous avez besoin de la minuterie d\u2019irrigation WiFi ext\u00e9rieur dans notre boutique","robots":{"index":"index","follow":"follow","max-snippet":"max-snippet:-1","max-image-preview":"max-image-preview:large","max-video-preview":"max-video-preview:-1"},"canonical":"https:\/\/www.plantcaretools.com\/fr\/produit\/systemes-dirrigation\/capteur-dhumidite-du-sol-pour-minuterie-dirrigation-wifi-exterieur\/","schema":{"@context":"https:\/\/schema.org","@graph":[{"@type":"BreadcrumbList","@id":"https:\/\/www.plantcaretools.com\/fr\/produit\/systemes-dirrigation\/capteur-dhumidite-du-sol-pour-minuterie-dirrigation-wifi-exterieur\/#breadcrumb","itemListElement":[{"@type":"ListItem","position":1,"name":"Home","item":"https:\/\/www.plantcaretools.com\/fr\/"},{"@type":"ListItem","position":2,"name":"Produits","item":"https:\/\/www.plantcaretools.com\/fr\/produits\/"},{"@type":"ListItem","position":3,"name":"Capteur d&#8217;humidit\u00e9 du sol pour minuterie d&#8217;irrigation WiFi ext\u00e9rieur"}]}]}},"jetpack_sharing_enabled":true,"_links":{"self":[{"href":"https:\/\/www.plantcaretools.com\/fr\/wp-json\/wp\/v2\/product\/7271","targetHints":{"allow":["GET"]}}],"collection":[{"href":"https:\/\/www.plantcaretools.com\/fr\/wp-json\/wp\/v2\/product"}],"about":[{"href":"https:\/\/www.plantcaretools.com\/fr\/wp-json\/wp\/v2\/types\/product"}],"replies":[{"embeddable":true,"href":"https:\/\/www.plantcaretools.com\/fr\/wp-json\/wp\/v2\/comments?post=7271"}],"wp:featuredmedia":[{"embeddable":true,"href":"https:\/\/www.plantcaretools.com\/fr\/wp-json\/wp\/v2\/media\/3702"}],"wp:attachment":[{"href":"https:\/\/www.plantcaretools.com\/fr\/wp-json\/wp\/v2\/media?parent=7271"}],"wp:term":[{"taxonomy":"product_brand","embeddable":true,"href":"https:\/\/www.plantcaretools.com\/fr\/wp-json\/wp\/v2\/product_brand?post=7271"},{"taxonomy":"product_cat","embeddable":true,"href":"https:\/\/www.plantcaretools.com\/fr\/wp-json\/wp\/v2\/product_cat?post=7271"},{"taxonomy":"product_tag","embeddable":true,"href":"https:\/\/www.plantcaretools.com\/fr\/wp-json\/wp\/v2\/product_tag?post=7271"}],"curies":[{"name":"wp","href":"https:\/\/api.w.org\/{rel}","templated":true}]}}