{"id":7304,"date":"2021-02-12T18:14:33","date_gmt":"2021-02-12T17:14:33","guid":{"rendered":"https:\/\/www.plantcaretools.com\/non%20class\u00e9\/minuterie-dirrigation-wifi-sans-passerelle\/"},"modified":"2024-06-13T12:35:29","modified_gmt":"2024-06-13T10:35:29","slug":"minuterie-dirrigation-wifi-sans-passerelle","status":"publish","type":"product","link":"https:\/\/www.plantcaretools.com\/fr\/produit\/systemes-dirrigation\/minuterie-dirrigation-wifi-sans-passerelle\/","title":{"rendered":"Minuterie d&#8217;irrigation WiFi sans Passerelle"},"content":{"rendered":"<p>Ce produit n&#8217;est pas autonome! Vous avez besoin de la minuterie d&#8217;irrigation WiFi ext\u00e9rieur avec la passerelle (\u00e9galement disponible <a href=\"https:\/\/www.plantcaretools.com\/fr\/product\/minuterie-dirrigation-wifi-exterieur\/\"><strong>ici<\/strong><\/a> dans notre boutique en ligne)<span lang=\"fr-FR\">. Si vous souhaitez installer plus d\u2019une zone, vous devez acheter ce produit. Une passerelle peut contr\u00f4ler jusqu\u2019\u00e0 4 zones. Vous pouvez contr\u00f4ler toutes les zones \u00e0 tout moment et n\u2019importe o\u00f9 avec l\u2019APP ControlMaster. Voir les images pour les options de combinaison de la minuterie d\u2019irrigation WiFi avec Passerelle, la minuterie sans Passerelle et le capteur d&#8217;humidit\u00e9 du sol.<\/span><\/p>\n<p><strong>Veuillez trouver plus d&#8217;informations sur le produit original dans la section ci-dessous.<\/strong><\/p>\n<p>Le contenu du paquet se compose de la Passerelle WiFi (avec prise WiFi suppl\u00e9mentaire) et de la minuterie d\u2019irrigation WiFi ext\u00e9rieur. Nous vous recommandons vivement d\u2019acheter \u00e9galement le capteur d\u2019humidit\u00e9 du sol sans fil, \u00e9galement disponible dans notre boutique en ligne\u00a0<a href=\"https:\/\/www.plantcaretools.com\/fr\/product\/capteur-dhumidite-du-sol-pour-minuterie-dirrigation-wifi-exterieur\/\"><strong>ici<\/strong><\/a>.<\/p>\n<p>Le capteur vous permet de visualiser le niveau d\u2019humidit\u00e9 et la temp\u00e9rature du sol. A tout moment, n\u2019importe o\u00f9 dans l\u2019application. Le capteur vous permettra d\u2019automatiser encore plus vos programmes d\u2019irrigation et vous aidera \u00e0 \u00e9conomiser l\u2019eau. Vous pouvez surveiller max. 1 capteur d\u2019humidit\u00e9 du sol par Passerelle. Une Passerelle peut surveiller jusqu\u2019\u00e0 4 minuteries d\u2019irrigation si vous souhaitez installer plus d\u2019une zone (4 zones maximum). Les minuteries d\u2019irrigation s\u00e9par\u00e9s sans Passerelle sont \u00e9galement disponibles dans notre boutique en ligne ici dans le cas vous souhaitez installer plus de zones.<\/p>\n<p>La Passerelle a besoin d\u2019un acc\u00e8s WiFi. La minuterie doit \u00eatre install\u00e9 au maximum 50 \u2013 100 M de la Passerelle (selon le nombre d\u2019obstacles entre eux). Le capteur d\u2019humidit\u00e9 du sol en option n\u2019a pas besoin d\u2019acc\u00e8s WiFi. Le capteur utilise un signal radio (433 MHz) pour envoyer les donn\u00e9es a la minuterie toutes les 5 min. La distance maximale entre la minuterie et le capteur d\u2019humidit\u00e9 du sol dans un champ libre est d\u2019environ 100 M.<\/p>\n<p>&nbsp;<\/p>\n","protected":false},"excerpt":{"rendered":"<h2>Ce produit n&#8217;est pas autonome! Vous avez besoin de la minuterie d&#8217;irrigation WiFi ext\u00e9rieur avec la passerelle (\u00e9galement disponible <a href=\"https:\/\/www.plantcaretools.com\/fr\/product\/minuterie-dirrigation-wifi-exterieur\/\"><strong>ici<\/strong><\/a> dans notre boutique en ligne). Si vous souhaitez installer plus d&#8217;une zone, vous devez acheter ce produit. Une passerelle peut contr\u00f4ler jusqu&#8217;\u00e0 4 zones. Vous pouvez contr\u00f4ler toutes les zones \u00e0 tout moment et n&#8217;importe o\u00f9 avec l&#8217;APP ControlMaster.<\/h2>\n","protected":false},"featured_media":20017,"comment_status":"open","ping_status":"closed","template":"","meta":{"_acf_changed":false},"product_brand":[],"product_cat":[125,106],"product_tag":[217,331],"class_list":{"0":"post-7304","1":"product","2":"type-product","3":"status-publish","4":"has-post-thumbnail","6":"product_cat-produits-plantcaretools","7":"product_cat-systemes-dirrigation","8":"product_tag-rainpoint-fr","9":"product_tag-wifi","11":"first","12":"instock","13":"taxable","14":"shipping-taxable","15":"purchasable","16":"product-type-simple"},"acf":[],"yoast_head":"<!-- This site is optimized with the Yoast SEO Premium plugin v26.1 (Yoast SEO v27.4) - https:\/\/yoast.com\/product\/yoast-seo-premium-wordpress\/ -->\n<title>Minuterie d&#039;irrigation WiFi sans passerelle - Plant Care Tools<\/title>\n<meta name=\"description\" content=\"Ce produit n&#039;est pas autonome! Vous avez besoin de la minuterie d&#039;irrigation WiFi ext\u00e9rieur avec la passerelle, disponible dans la boutique\" \/>\n<meta name=\"robots\" content=\"index, follow, max-snippet:-1, max-image-preview:large, max-video-preview:-1\" \/>\n<link rel=\"canonical\" href=\"https:\/\/www.plantcaretools.com\/fr\/produit\/systemes-dirrigation\/minuterie-dirrigation-wifi-sans-passerelle\/\" \/>\n<script type=\"application\/ld+json\" class=\"yoast-schema-graph\">{\"@context\":\"https:\\\/\\\/schema.org\",\"@graph\":[{\"@type\":\"BreadcrumbList\",\"@id\":\"https:\\\/\\\/www.plantcaretools.com\\\/fr\\\/produit\\\/systemes-dirrigation\\\/minuterie-dirrigation-wifi-sans-passerelle\\\/#breadcrumb\",\"itemListElement\":[{\"@type\":\"ListItem\",\"position\":1,\"name\":\"Home\",\"item\":\"https:\\\/\\\/www.plantcaretools.com\\\/fr\\\/\"},{\"@type\":\"ListItem\",\"position\":2,\"name\":\"Produits\",\"item\":\"https:\\\/\\\/www.plantcaretools.com\\\/fr\\\/produits\\\/\"},{\"@type\":\"ListItem\",\"position\":3,\"name\":\"Minuterie d&#8217;irrigation WiFi sans Passerelle\"}]}]}<\/script>\n<!-- \/ Yoast SEO Premium plugin. -->","yoast_head_json":{"title":"Minuterie d'irrigation WiFi sans passerelle - Plant Care Tools","description":"Ce produit n'est pas autonome! Vous avez besoin de la minuterie d'irrigation WiFi ext\u00e9rieur avec la passerelle, disponible dans la boutique","robots":{"index":"index","follow":"follow","max-snippet":"max-snippet:-1","max-image-preview":"max-image-preview:large","max-video-preview":"max-video-preview:-1"},"canonical":"https:\/\/www.plantcaretools.com\/fr\/produit\/systemes-dirrigation\/minuterie-dirrigation-wifi-sans-passerelle\/","schema":{"@context":"https:\/\/schema.org","@graph":[{"@type":"BreadcrumbList","@id":"https:\/\/www.plantcaretools.com\/fr\/produit\/systemes-dirrigation\/minuterie-dirrigation-wifi-sans-passerelle\/#breadcrumb","itemListElement":[{"@type":"ListItem","position":1,"name":"Home","item":"https:\/\/www.plantcaretools.com\/fr\/"},{"@type":"ListItem","position":2,"name":"Produits","item":"https:\/\/www.plantcaretools.com\/fr\/produits\/"},{"@type":"ListItem","position":3,"name":"Minuterie d&#8217;irrigation WiFi sans Passerelle"}]}]}},"jetpack_sharing_enabled":true,"_links":{"self":[{"href":"https:\/\/www.plantcaretools.com\/fr\/wp-json\/wp\/v2\/product\/7304","targetHints":{"allow":["GET"]}}],"collection":[{"href":"https:\/\/www.plantcaretools.com\/fr\/wp-json\/wp\/v2\/product"}],"about":[{"href":"https:\/\/www.plantcaretools.com\/fr\/wp-json\/wp\/v2\/types\/product"}],"replies":[{"embeddable":true,"href":"https:\/\/www.plantcaretools.com\/fr\/wp-json\/wp\/v2\/comments?post=7304"}],"wp:featuredmedia":[{"embeddable":true,"href":"https:\/\/www.plantcaretools.com\/fr\/wp-json\/wp\/v2\/media\/20017"}],"wp:attachment":[{"href":"https:\/\/www.plantcaretools.com\/fr\/wp-json\/wp\/v2\/media?parent=7304"}],"wp:term":[{"taxonomy":"product_brand","embeddable":true,"href":"https:\/\/www.plantcaretools.com\/fr\/wp-json\/wp\/v2\/product_brand?post=7304"},{"taxonomy":"product_cat","embeddable":true,"href":"https:\/\/www.plantcaretools.com\/fr\/wp-json\/wp\/v2\/product_cat?post=7304"},{"taxonomy":"product_tag","embeddable":true,"href":"https:\/\/www.plantcaretools.com\/fr\/wp-json\/wp\/v2\/product_tag?post=7304"}],"curies":[{"name":"wp","href":"https:\/\/api.w.org\/{rel}","templated":true}]}}