{"id":7321,"date":"2021-02-26T09:27:29","date_gmt":"2021-02-26T08:27:29","guid":{"rendered":"https:\/\/www.plantcaretools.com\/non%20class\u00e9\/kit-dirrigation-wifi-pour-plantes-en-pot\/"},"modified":"2024-06-16T11:46:38","modified_gmt":"2024-06-16T09:46:38","slug":"kit-dirrigation-wifi-pour-plantes-en-pot","status":"publish","type":"product","link":"https:\/\/www.plantcaretools.com\/fr\/produit\/systemes-dirrigation\/kit-dirrigation-wifi-pour-plantes-en-pot\/","title":{"rendered":"Kit d&#8217;irrigation WiFi pour plantes en pot"},"content":{"rendered":"<p>G\u00e9rez l\u2019irrigation de vos plantes en pot n&#8217;importe o\u00f9, n&#8217;importe quand avec le kit d&#8217;irrigation WiFi RainPoint. Fonctionne avec l&#8217;application gratuite ControlMaster. Ce kit complet est tr\u00e8s adapt\u00e9 pour arroser automatiquement 10 plantes en pot \u00e0 l&#8217;int\u00e9rieur ou sur votre balcon et terrasse. Fonctionne sans robinet avec un seau ou une bouteille d&#8217;eau. Facile \u00e0 mettre en place des programmes d&#8217;irrigation avec l&#8217;application. L&#8217;irrigation manuelle avec l&#8217;application est \u00e9galement possible. Oublier d&#8217;arroser vos plantes appartient au pass\u00e9. Alimentez la pompe \u00e0 eau avec le c\u00e2ble USB fourni et placez 4 piles AA dans le compartiment \u00e0 piles en guise de sauvegarde. Maintenant vous pouvez connecter le kit \u00e0 votre r\u00e9seau WiFi. Ensuite, vous coupez le tuyau d&#8217;eau \u00e0 la taille voulue et vous installez les micro-goutteurs dans les plantes en pot avec le mat\u00e9riel de raccordement fourni.<\/p>\n<p><strong>Caract\u00e9ristiques<\/strong><br \/>\n-Le kit d&#8217;irrigation WiFi complet comprend une pompe \u00e0 eau WiFi, un tuyau d&#8217;eau flexible de 10 M, 10X micro-goutteur, des connecteurs de tuyau d&#8217;eau, un c\u00e2ble USB et un filtre \u00e0 eau.<br \/>\n-Fonctionnement manuel possible sur la pompe \u00e0 eau et avec l&#8217;application.<br \/>\n-Plans d&#8217;irrigation automatiques r\u00e9glables avec l&#8217;application.<br \/>\n-Temps d&#8217;irrigation r\u00e9glable avec l&#8217;application.<br \/>\n-Ne pas besoin d&#8217;un robinet. Fonctionne avec une bouteille ou un seau d&#8217;eau (avec le clip pour un seau inclus).<br \/>\n-Les horaires d&#8217;irrigation peuvent \u00eatre d\u00e9finis n&#8217;importe o\u00f9 et \u00e0 tout moment avec l&#8217;application.<br \/>\n-Avertissement dans l&#8217;application s&#8217;il n&#8217;y a pas d&#8217;alimentation d\u2019eau.<br \/>\n-Avec les instructions en Fran\u00e7ais.<\/p>\n","protected":false},"excerpt":{"rendered":"<h2>G\u00e9rez l\u2019irrigation de vos plantes en pot n&#8217;importe o\u00f9, n&#8217;importe quand avec le kit d&#8217;irrigation WiFi RainPoint. Fonctionne avec l&#8217;application gratuite ControlMaster.<\/h2>\n<p>Ce kit complet est tr\u00e8s adapt\u00e9 pour arroser automatiquement 10 plantes en pot \u00e0 l&#8217;int\u00e9rieur ou sur votre balcon et terrasse. Fonctionne sans robinet avec un seau ou une bouteille d&#8217;eau. Facile \u00e0 mettre en place des programmes d&#8217;irrigation avec l&#8217;application. L&#8217;irrigation manuelle avec l&#8217;application est \u00e9galement possible. Oublier d&#8217;arroser vos plantes appartient au pass\u00e9.<\/p>\n","protected":false},"featured_media":19582,"comment_status":"open","ping_status":"closed","template":"","meta":{"_acf_changed":false},"product_brand":[],"product_cat":[106],"product_tag":[],"class_list":{"0":"post-7321","1":"product","2":"type-product","3":"status-publish","4":"has-post-thumbnail","6":"product_cat-systemes-dirrigation","8":"first","9":"instock","10":"taxable","11":"shipping-taxable","12":"purchasable","13":"product-type-simple"},"acf":[],"yoast_head":"<!-- This site is optimized with the Yoast SEO Premium plugin v26.1 (Yoast SEO v27.3) - https:\/\/yoast.com\/product\/yoast-seo-premium-wordpress\/ -->\n<title>Kit d&#039;irrigation WiFi pour Plantes en Pot - Plant Care Tools<\/title>\n<meta name=\"description\" content=\"Ce Kit d&#039;irrigation WiFi est tr\u00e8s adapt\u00e9 pour arroser automatiquement 10 plantes en pot \u00e0 l&#039;int\u00e9rieur ou sur votre balcon et terrasse.\" \/>\n<meta name=\"robots\" content=\"index, follow, max-snippet:-1, max-image-preview:large, max-video-preview:-1\" \/>\n<link rel=\"canonical\" href=\"https:\/\/www.plantcaretools.com\/fr\/produit\/systemes-dirrigation\/kit-dirrigation-wifi-pour-plantes-en-pot\/\" \/>\n<script type=\"application\/ld+json\" class=\"yoast-schema-graph\">{\"@context\":\"https:\\\/\\\/schema.org\",\"@graph\":[{\"@type\":\"BreadcrumbList\",\"@id\":\"https:\\\/\\\/www.plantcaretools.com\\\/fr\\\/produit\\\/systemes-dirrigation\\\/kit-dirrigation-wifi-pour-plantes-en-pot\\\/#breadcrumb\",\"itemListElement\":[{\"@type\":\"ListItem\",\"position\":1,\"name\":\"Home\",\"item\":\"https:\\\/\\\/www.plantcaretools.com\\\/fr\\\/\"},{\"@type\":\"ListItem\",\"position\":2,\"name\":\"Produits\",\"item\":\"https:\\\/\\\/www.plantcaretools.com\\\/fr\\\/produits\\\/\"},{\"@type\":\"ListItem\",\"position\":3,\"name\":\"Kit d&#8217;irrigation WiFi pour plantes en pot\"}]}]}<\/script>\n<!-- \/ Yoast SEO Premium plugin. -->","yoast_head_json":{"title":"Kit d'irrigation WiFi pour Plantes en Pot - Plant Care Tools","description":"Ce Kit d'irrigation WiFi est tr\u00e8s adapt\u00e9 pour arroser automatiquement 10 plantes en pot \u00e0 l'int\u00e9rieur ou sur votre balcon et terrasse.","robots":{"index":"index","follow":"follow","max-snippet":"max-snippet:-1","max-image-preview":"max-image-preview:large","max-video-preview":"max-video-preview:-1"},"canonical":"https:\/\/www.plantcaretools.com\/fr\/produit\/systemes-dirrigation\/kit-dirrigation-wifi-pour-plantes-en-pot\/","schema":{"@context":"https:\/\/schema.org","@graph":[{"@type":"BreadcrumbList","@id":"https:\/\/www.plantcaretools.com\/fr\/produit\/systemes-dirrigation\/kit-dirrigation-wifi-pour-plantes-en-pot\/#breadcrumb","itemListElement":[{"@type":"ListItem","position":1,"name":"Home","item":"https:\/\/www.plantcaretools.com\/fr\/"},{"@type":"ListItem","position":2,"name":"Produits","item":"https:\/\/www.plantcaretools.com\/fr\/produits\/"},{"@type":"ListItem","position":3,"name":"Kit d&#8217;irrigation WiFi pour plantes en pot"}]}]}},"jetpack_sharing_enabled":true,"_links":{"self":[{"href":"https:\/\/www.plantcaretools.com\/fr\/wp-json\/wp\/v2\/product\/7321","targetHints":{"allow":["GET"]}}],"collection":[{"href":"https:\/\/www.plantcaretools.com\/fr\/wp-json\/wp\/v2\/product"}],"about":[{"href":"https:\/\/www.plantcaretools.com\/fr\/wp-json\/wp\/v2\/types\/product"}],"replies":[{"embeddable":true,"href":"https:\/\/www.plantcaretools.com\/fr\/wp-json\/wp\/v2\/comments?post=7321"}],"wp:featuredmedia":[{"embeddable":true,"href":"https:\/\/www.plantcaretools.com\/fr\/wp-json\/wp\/v2\/media\/19582"}],"wp:attachment":[{"href":"https:\/\/www.plantcaretools.com\/fr\/wp-json\/wp\/v2\/media?parent=7321"}],"wp:term":[{"taxonomy":"product_brand","embeddable":true,"href":"https:\/\/www.plantcaretools.com\/fr\/wp-json\/wp\/v2\/product_brand?post=7321"},{"taxonomy":"product_cat","embeddable":true,"href":"https:\/\/www.plantcaretools.com\/fr\/wp-json\/wp\/v2\/product_cat?post=7321"},{"taxonomy":"product_tag","embeddable":true,"href":"https:\/\/www.plantcaretools.com\/fr\/wp-json\/wp\/v2\/product_tag?post=7321"}],"curies":[{"name":"wp","href":"https:\/\/api.w.org\/{rel}","templated":true}]}}