{"id":7382,"date":"2021-04-11T16:31:58","date_gmt":"2021-04-11T14:31:58","guid":{"rendered":"https:\/\/www.plantcaretools.com\/non%20class\u00e9\/moniteur-dhumidite-du-sol-sans-fil-avec-capteur\/"},"modified":"2025-05-05T17:28:43","modified_gmt":"2025-05-05T15:28:43","slug":"moniteur-dhumidite-du-sol-sans-fil-avec-capteur","status":"publish","type":"product","link":"https:\/\/www.plantcaretools.com\/fr\/produit\/instrumentss-de-mesure\/moniteur-dhumidite-du-sol-sans-fil-avec-capteur\/","title":{"rendered":"Moniteur d&#8217;humidit\u00e9 du sol sans fil avec capteur"},"content":{"rendered":"<p>Le moniteur d&#8217;humidit\u00e9 du sol sans fil RainPoint avec capteur surveille l&#8217;humidit\u00e9 et la temp\u00e9rature du sol en temps r\u00e9el. Vous pouvez connecter au total 3 capteurs. Des <strong><a href=\"https:\/\/www.plantcaretools.com\/fr\/product\/capteur-supplementaire-pour-moniteur-dhumidite-du-sol-sans-fil\/\">capteurs suppl\u00e9mentaires<\/a><\/strong> sont disponibles dans notre boutique en ligne. Le moniteur re\u00e7oit un signal radio (433 MHz) toutes les 6 min. des capteurs avec les donn\u00e9es d&#8217;humidit\u00e9 du sol (en %) et la temp\u00e9rature du sol. Le moniteur affiche \u00e9galement la temp\u00e9rature int\u00e9rieure. Vous pouvez utiliser les capteurs aussi \u00e0 l&#8217;ext\u00e9rieur et le moniteur uniquement \u00e0 l&#8217;int\u00e9rieur. Avec le bouton CH du moniteur, il est facile de basculer entre max. 3 capteurs. La port\u00e9e de transmission maximale entre le moniteur et les capteurs est d&#8217;environ 60 M.<\/p>\n<p>-Tr\u00e8s facile \u00e0 installer (seulement 5 min.).<br \/>\n-Le moniteur affiche l&#8217;humidit\u00e9 du sol (en %) et \u00e9galement si le sol est DRY (= sec 0-20%), OK (= bon 20-60%) ou WET (= humide 60-100%). Mises \u00e0 jour toutes les 6 min.<br \/>\n-Indication de batterie faible du capteur et du moniteur sur l&#8217;affichage.<br \/>\n-Plage de temp\u00e9rature int\u00e9rieure: -10 Celsius jusqu&#8217;\u00e0 +60 Celsius.<br \/>\n-Plage de temp\u00e9rature du sol: -10 Celsius jusqu&#8217;\u00e0 +60 Celsius.<br \/>\n-Plage d&#8217;humidit\u00e9 du sol: 0% &#8211; 100% d&#8217;humidit\u00e9 relative (= HR \u00e0 l\u2019\u00e9cran).<br \/>\n-Vous pouvez \u00e9galement lire le niveau d&#8217;humidit\u00e9 du sol sur le capteur lui-m\u00eame en utilisant les boutons noirs.<br \/>\n-Le moniteur utilise 2 piles AAA (non incluses). Ils durent environ 1 an.<br \/>\n-Le capteur utilise 3 piles AAA (non incluses). Ils durent environ 1 an.<\/p>\n","protected":false},"excerpt":{"rendered":"<h2>Le moniteur d&#8217;humidit\u00e9 du sol sans fil RainPoint avec capteur surveille l&#8217;humidit\u00e9 et la temp\u00e9rature du sol en temps r\u00e9el. Vous pouvez connecter au total 3 capteurs. Des <a href=\"https:\/\/www.plantcaretools.com\/fr\/product\/capteur-supplementaire-pour-moniteur-dhumidite-du-sol-sans-fil\/\">capteurs suppl\u00e9mentaires<\/a> sont disponibles dans notre boutique en ligne.<\/h2>\n<p>Le moniteur re\u00e7oit un signal radio (433 MHz) toutes les 6 min. des capteurs avec les donn\u00e9es d&#8217;humidit\u00e9 du sol (en %) et la temp\u00e9rature du sol. Le moniteur affiche \u00e9galement la temp\u00e9rature int\u00e9rieure. Vous pouvez utiliser les capteurs aussi \u00e0 l&#8217;ext\u00e9rieur et le moniteur uniquement \u00e0 l&#8217;int\u00e9rieur. Avec le bouton CH du moniteur, il est facile de basculer entre max. 3 capteurs. La port\u00e9e de transmission maximale entre le moniteur et les capteurs est d&#8217;environ 60 M.<\/p>\n","protected":false},"featured_media":8399,"comment_status":"open","ping_status":"closed","template":"","meta":{"_acf_changed":false},"product_brand":[],"product_cat":[115],"product_tag":[],"class_list":{"0":"post-7382","1":"product","2":"type-product","3":"status-publish","4":"has-post-thumbnail","6":"product_cat-instrumentss-de-mesure","8":"first","9":"outofstock","10":"taxable","11":"shipping-taxable","12":"purchasable","13":"product-type-simple"},"acf":[],"yoast_head":"<!-- This site is optimized with the Yoast SEO Premium plugin v26.1 (Yoast SEO v27.3) - https:\/\/yoast.com\/product\/yoast-seo-premium-wordpress\/ -->\n<title>Moniteur d&#039;humidit\u00e9 du sol sans fil - Plant Care Tools<\/title>\n<meta name=\"description\" content=\"Le moniteur d&#039;humidit\u00e9 du sol sans fil RainPoint avec capteur surveille l&#039;humidit\u00e9 et la temp\u00e9rature du sol en temps r\u00e9el. (max. 3 capteurs)\" \/>\n<meta name=\"robots\" content=\"index, follow, max-snippet:-1, max-image-preview:large, max-video-preview:-1\" \/>\n<link rel=\"canonical\" href=\"https:\/\/www.plantcaretools.com\/fr\/produit\/instrumentss-de-mesure\/moniteur-dhumidite-du-sol-sans-fil-avec-capteur\/\" \/>\n<script type=\"application\/ld+json\" class=\"yoast-schema-graph\">{\"@context\":\"https:\\\/\\\/schema.org\",\"@graph\":[{\"@type\":\"BreadcrumbList\",\"@id\":\"https:\\\/\\\/www.plantcaretools.com\\\/fr\\\/produit\\\/instrumentss-de-mesure\\\/moniteur-dhumidite-du-sol-sans-fil-avec-capteur\\\/#breadcrumb\",\"itemListElement\":[{\"@type\":\"ListItem\",\"position\":1,\"name\":\"Home\",\"item\":\"https:\\\/\\\/www.plantcaretools.com\\\/fr\\\/\"},{\"@type\":\"ListItem\",\"position\":2,\"name\":\"Produits\",\"item\":\"https:\\\/\\\/www.plantcaretools.com\\\/fr\\\/produits\\\/\"},{\"@type\":\"ListItem\",\"position\":3,\"name\":\"Moniteur d&#8217;humidit\u00e9 du sol sans fil avec capteur\"}]}]}<\/script>\n<!-- \/ Yoast SEO Premium plugin. -->","yoast_head_json":{"title":"Moniteur d'humidit\u00e9 du sol sans fil - Plant Care Tools","description":"Le moniteur d'humidit\u00e9 du sol sans fil RainPoint avec capteur surveille l'humidit\u00e9 et la temp\u00e9rature du sol en temps r\u00e9el. (max. 3 capteurs)","robots":{"index":"index","follow":"follow","max-snippet":"max-snippet:-1","max-image-preview":"max-image-preview:large","max-video-preview":"max-video-preview:-1"},"canonical":"https:\/\/www.plantcaretools.com\/fr\/produit\/instrumentss-de-mesure\/moniteur-dhumidite-du-sol-sans-fil-avec-capteur\/","schema":{"@context":"https:\/\/schema.org","@graph":[{"@type":"BreadcrumbList","@id":"https:\/\/www.plantcaretools.com\/fr\/produit\/instrumentss-de-mesure\/moniteur-dhumidite-du-sol-sans-fil-avec-capteur\/#breadcrumb","itemListElement":[{"@type":"ListItem","position":1,"name":"Home","item":"https:\/\/www.plantcaretools.com\/fr\/"},{"@type":"ListItem","position":2,"name":"Produits","item":"https:\/\/www.plantcaretools.com\/fr\/produits\/"},{"@type":"ListItem","position":3,"name":"Moniteur d&#8217;humidit\u00e9 du sol sans fil avec capteur"}]}]}},"jetpack_sharing_enabled":true,"_links":{"self":[{"href":"https:\/\/www.plantcaretools.com\/fr\/wp-json\/wp\/v2\/product\/7382","targetHints":{"allow":["GET"]}}],"collection":[{"href":"https:\/\/www.plantcaretools.com\/fr\/wp-json\/wp\/v2\/product"}],"about":[{"href":"https:\/\/www.plantcaretools.com\/fr\/wp-json\/wp\/v2\/types\/product"}],"replies":[{"embeddable":true,"href":"https:\/\/www.plantcaretools.com\/fr\/wp-json\/wp\/v2\/comments?post=7382"}],"wp:featuredmedia":[{"embeddable":true,"href":"https:\/\/www.plantcaretools.com\/fr\/wp-json\/wp\/v2\/media\/8399"}],"wp:attachment":[{"href":"https:\/\/www.plantcaretools.com\/fr\/wp-json\/wp\/v2\/media?parent=7382"}],"wp:term":[{"taxonomy":"product_brand","embeddable":true,"href":"https:\/\/www.plantcaretools.com\/fr\/wp-json\/wp\/v2\/product_brand?post=7382"},{"taxonomy":"product_cat","embeddable":true,"href":"https:\/\/www.plantcaretools.com\/fr\/wp-json\/wp\/v2\/product_cat?post=7382"},{"taxonomy":"product_tag","embeddable":true,"href":"https:\/\/www.plantcaretools.com\/fr\/wp-json\/wp\/v2\/product_tag?post=7382"}],"curies":[{"name":"wp","href":"https:\/\/api.w.org\/{rel}","templated":true}]}}