{"id":7423,"date":"2021-04-11T17:01:55","date_gmt":"2021-04-11T15:01:55","guid":{"rendered":"https:\/\/www.plantcaretools.com\/non%20class\u00e9\/capteur-supplementaire-pour-moniteur-dhumidite-du-sol-sans-fil\/"},"modified":"2024-06-16T11:27:58","modified_gmt":"2024-06-16T09:27:58","slug":"capteur-supplementaire-pour-moniteur-dhumidite-du-sol-sans-fil","status":"publish","type":"product","link":"https:\/\/www.plantcaretools.com\/fr\/produit\/instrumentss-de-mesure\/capteur-supplementaire-pour-moniteur-dhumidite-du-sol-sans-fil\/","title":{"rendered":"Capteur suppl\u00e9mentaire pour moniteur d&#8217;humidit\u00e9 du sol sans fil"},"content":{"rendered":"<h2 class=\"product_title entry-title\">Capteur suppl\u00e9mentaire pour moniteur d\u2019humidit\u00e9 du sol sans fil<\/h2>\n<p><strong>Le capteur suppl\u00e9mentaire pour moniteur d&#8217;humidit\u00e9 n&#8217;est pas un produit autonome!<\/strong> Pour cela, vous avez besoin du <strong><a href=\"https:\/\/www.plantcaretools.com\/fr\/product\/moniteur-dhumidite-du-sol-sans-fil-avec-capteur\/\">moniteur d&#8217;humidit\u00e9 du sol sans fil<\/a><\/strong>, \u00e9galement disponible dans notre boutique en ligne. Vous pouvez installer jusqu&#8217;\u00e0 3 capteurs. Avec le bouton CH sur le moniteur vous basculez entre les 3 capteurs. Le capteur mesure le pourcentage d&#8217;humidit\u00e9 du sol et la temp\u00e9rature du sol et peut \u00eatre utilis\u00e9 \u00e0 l&#8217;int\u00e9rieur comme \u00e0 l&#8217;ext\u00e9rieur. Le capteur utilise 3 piles AAA qui durent environ 1 an. Pour plus d&#8217;informations, reportez-vous \u00e0 la description du <strong><a href=\"https:\/\/www.plantcaretools.com\/fr\/product\/moniteur-dhumidite-du-sol-sans-fil-avec-capteur\/\">moniteur d&#8217;humidit\u00e9 du sol sans fil avec capteur<\/a><\/strong>.<\/p>\n<p>Pour plus d&#8217;informations, consultez la description du produit Contr\u00f4leur d&#8217;humidit\u00e9 du sol sans fil avec capteur ci-dessous :<\/p>\n<p>Le moniteur d\u2019humidit\u00e9 du sol sans fil RainPoint avec capteur surveille l\u2019humidit\u00e9 et la temp\u00e9rature du sol en temps r\u00e9el. Vous pouvez connecter au total 3 capteurs. Le moniteur re\u00e7oit un signal radio (433 MHz) toutes les 6 min. des capteurs avec les donn\u00e9es d\u2019humidit\u00e9 du sol (en %) et la temp\u00e9rature du sol. Le moniteur affiche \u00e9galement la temp\u00e9rature int\u00e9rieure. Vous pouvez utiliser les capteurs aussi \u00e0 l\u2019ext\u00e9rieur et le moniteur uniquement \u00e0 l\u2019int\u00e9rieur. Avec le bouton CH du moniteur, il est facile de basculer entre max. 3 capteurs. La port\u00e9e de transmission maximale entre le moniteur et les capteurs est d\u2019environ 60 M.<\/p>\n","protected":false},"excerpt":{"rendered":"<h2>Ce produit n&#8217;est pas un produit autonome!<\/h2>\n<p>Pour cela, vous avez besoin du <strong><a href=\"https:\/\/www.plantcaretools.com\/fr\/product\/moniteur-dhumidite-du-sol-sans-fil-avec-capteur\/\">moniteur d&#8217;humidit\u00e9 du sol sans fil<\/a><\/strong>, \u00e9galement disponible dans notre boutique en ligne. Vous pouvez installer jusqu&#8217;\u00e0 3 capteurs. Avec le bouton CH sur le moniteur vous basculez entre les 3 capteurs. Le capteur mesure le pourcentage d&#8217;humidit\u00e9 du sol et la temp\u00e9rature du sol et peut \u00eatre utilis\u00e9 \u00e0 l&#8217;int\u00e9rieur comme \u00e0 l&#8217;ext\u00e9rieur. Le capteur utilise 3 piles AAA qui durent environ 1 an. Pour plus d&#8217;informations, reportez-vous \u00e0 la description du <strong><a href=\"https:\/\/www.plantcaretools.com\/fr\/product\/moniteur-dhumidite-du-sol-sans-fil-avec-capteur\/\">moniteur d&#8217;humidit\u00e9 du sol sans fil avec capteur<\/a><\/strong>.<\/p>\n","protected":false},"featured_media":3854,"comment_status":"open","ping_status":"closed","template":"","meta":{"_acf_changed":false},"product_brand":[],"product_cat":[115],"product_tag":[],"class_list":{"0":"post-7423","1":"product","2":"type-product","3":"status-publish","4":"has-post-thumbnail","6":"product_cat-instrumentss-de-mesure","8":"first","9":"outofstock","10":"taxable","11":"shipping-taxable","12":"purchasable","13":"product-type-simple"},"acf":[],"yoast_head":"<!-- This site is optimized with the Yoast SEO Premium plugin v26.1 (Yoast SEO v27.3) - https:\/\/yoast.com\/product\/yoast-seo-premium-wordpress\/ -->\n<title>Capteur suppl\u00e9mentaire pour moniteur d&#039;humidit\u00e9 - Plantcare Tools<\/title>\n<meta name=\"description\" content=\"Capteur suppl\u00e9mentaire pour moniteur d&#039;humidit\u00e9. Pour cela, vous avez besoin du moniteur d&#039;humidit\u00e9 du sol sans fil, \u00e9galement disponible dans notre boutique en ligne.\" \/>\n<meta name=\"robots\" content=\"index, follow, max-snippet:-1, max-image-preview:large, max-video-preview:-1\" \/>\n<link rel=\"canonical\" href=\"https:\/\/www.plantcaretools.com\/fr\/produit\/instrumentss-de-mesure\/capteur-supplementaire-pour-moniteur-dhumidite-du-sol-sans-fil\/\" \/>\n<script type=\"application\/ld+json\" class=\"yoast-schema-graph\">{\"@context\":\"https:\\\/\\\/schema.org\",\"@graph\":[{\"@type\":\"BreadcrumbList\",\"@id\":\"https:\\\/\\\/www.plantcaretools.com\\\/fr\\\/produit\\\/instrumentss-de-mesure\\\/capteur-supplementaire-pour-moniteur-dhumidite-du-sol-sans-fil\\\/#breadcrumb\",\"itemListElement\":[{\"@type\":\"ListItem\",\"position\":1,\"name\":\"Home\",\"item\":\"https:\\\/\\\/www.plantcaretools.com\\\/fr\\\/\"},{\"@type\":\"ListItem\",\"position\":2,\"name\":\"Produits\",\"item\":\"https:\\\/\\\/www.plantcaretools.com\\\/fr\\\/produits\\\/\"},{\"@type\":\"ListItem\",\"position\":3,\"name\":\"Capteur suppl\u00e9mentaire pour moniteur d&#8217;humidit\u00e9 du sol sans fil\"}]}]}<\/script>\n<!-- \/ Yoast SEO Premium plugin. -->","yoast_head_json":{"title":"Capteur suppl\u00e9mentaire pour moniteur d'humidit\u00e9 - Plantcare Tools","description":"Capteur suppl\u00e9mentaire pour moniteur d'humidit\u00e9. Pour cela, vous avez besoin du moniteur d'humidit\u00e9 du sol sans fil, \u00e9galement disponible dans notre boutique en ligne.","robots":{"index":"index","follow":"follow","max-snippet":"max-snippet:-1","max-image-preview":"max-image-preview:large","max-video-preview":"max-video-preview:-1"},"canonical":"https:\/\/www.plantcaretools.com\/fr\/produit\/instrumentss-de-mesure\/capteur-supplementaire-pour-moniteur-dhumidite-du-sol-sans-fil\/","schema":{"@context":"https:\/\/schema.org","@graph":[{"@type":"BreadcrumbList","@id":"https:\/\/www.plantcaretools.com\/fr\/produit\/instrumentss-de-mesure\/capteur-supplementaire-pour-moniteur-dhumidite-du-sol-sans-fil\/#breadcrumb","itemListElement":[{"@type":"ListItem","position":1,"name":"Home","item":"https:\/\/www.plantcaretools.com\/fr\/"},{"@type":"ListItem","position":2,"name":"Produits","item":"https:\/\/www.plantcaretools.com\/fr\/produits\/"},{"@type":"ListItem","position":3,"name":"Capteur suppl\u00e9mentaire pour moniteur d&#8217;humidit\u00e9 du sol sans fil"}]}]}},"jetpack_sharing_enabled":true,"_links":{"self":[{"href":"https:\/\/www.plantcaretools.com\/fr\/wp-json\/wp\/v2\/product\/7423","targetHints":{"allow":["GET"]}}],"collection":[{"href":"https:\/\/www.plantcaretools.com\/fr\/wp-json\/wp\/v2\/product"}],"about":[{"href":"https:\/\/www.plantcaretools.com\/fr\/wp-json\/wp\/v2\/types\/product"}],"replies":[{"embeddable":true,"href":"https:\/\/www.plantcaretools.com\/fr\/wp-json\/wp\/v2\/comments?post=7423"}],"wp:featuredmedia":[{"embeddable":true,"href":"https:\/\/www.plantcaretools.com\/fr\/wp-json\/wp\/v2\/media\/3854"}],"wp:attachment":[{"href":"https:\/\/www.plantcaretools.com\/fr\/wp-json\/wp\/v2\/media?parent=7423"}],"wp:term":[{"taxonomy":"product_brand","embeddable":true,"href":"https:\/\/www.plantcaretools.com\/fr\/wp-json\/wp\/v2\/product_brand?post=7423"},{"taxonomy":"product_cat","embeddable":true,"href":"https:\/\/www.plantcaretools.com\/fr\/wp-json\/wp\/v2\/product_cat?post=7423"},{"taxonomy":"product_tag","embeddable":true,"href":"https:\/\/www.plantcaretools.com\/fr\/wp-json\/wp\/v2\/product_tag?post=7423"}],"curies":[{"name":"wp","href":"https:\/\/api.w.org\/{rel}","templated":true}]}}